{"id":2162,"date":"2024-02-28T19:51:48","date_gmt":"2024-02-28T19:51:48","guid":{"rendered":"https:\/\/www.oafrica.org\/home\/?page_id=2162"},"modified":"2022-01-03T10:35:36","modified_gmt":"2022-01-03T10:35:36","slug":"nuestra-historia","status":"publish","type":"page","link":"https:\/\/www.oafrica.org\/home\/es\/nuestra-historia\/","title":{"rendered":"\u00bfQui\u00e9nes somos? &#8211; Nuestra historia"},"content":{"rendered":"\t\t<div data-elementor-type=\"wp-page\" data-elementor-id=\"2162\" class=\"elementor elementor-2162\" data-elementor-post-type=\"page\">\n\t\t\t\t\t\t<section class=\"elementor-section elementor-top-section elementor-element elementor-element-51c6bc08 elementor-section-height-min-height elementor-section-full_width elementor-section-content-middle elementor-section-height-default elementor-section-items-middle\" data-id=\"51c6bc08\" data-element_type=\"section\" data-settings=\"{&quot;background_background&quot;:&quot;classic&quot;}\">\n\t\t\t\t\t\t\t<div class=\"elementor-background-overlay\"><\/div>\n\t\t\t\t\t\t\t<div class=\"elementor-container elementor-column-gap-no\">\n\t\t\t\t\t<div class=\"elementor-column elementor-col-100 elementor-top-column elementor-element elementor-element-2c105c7c\" data-id=\"2c105c7c\" data-element_type=\"column\">\n\t\t\t<div class=\"elementor-widget-wrap elementor-element-populated\">\n\t\t\t\t\t\t<section class=\"elementor-section elementor-inner-section elementor-element elementor-element-245d0b24 elementor-section-full_width elementor-section-height-default elementor-section-height-default\" data-id=\"245d0b24\" data-element_type=\"section\">\n\t\t\t\t\t\t<div class=\"elementor-container elementor-column-gap-default\">\n\t\t\t\t\t<div class=\"elementor-column elementor-col-100 elementor-inner-column elementor-element elementor-element-3bf2a09\" data-id=\"3bf2a09\" data-element_type=\"column\">\n\t\t\t<div class=\"elementor-widget-wrap elementor-element-populated\">\n\t\t\t\t\t\t<div class=\"elementor-element elementor-element-2137 elementor-widget elementor-widget-global elementor-global-2137 elementor-widget-heading\" data-id=\"2137\" data-element_type=\"widget\" data-widget_type=\"heading.default\">\n\t\t\t\t<div class=\"elementor-widget-container\">\n\t\t\t\t\t<h2 class=\"elementor-heading-title elementor-size-default\">Qui\u00e9nes Somos<\/h2>\t\t\t\t<\/div>\n\t\t\t\t<\/div>\n\t\t\t\t<div class=\"elementor-element elementor-element-17d1d65 elementor-align-right donate-btn elementor-widget__width-auto elementor-widget-tablet__width-auto elementor-widget-mobile__width-auto elementor-fixed elementor-widget elementor-widget-global elementor-global-2497 elementor-widget-button\" data-id=\"17d1d65\" data-element_type=\"widget\" data-settings=\"{&quot;sticky&quot;:&quot;top&quot;,&quot;sticky_parent&quot;:&quot;yes&quot;,&quot;_position&quot;:&quot;fixed&quot;,&quot;sticky_on&quot;:[&quot;desktop&quot;,&quot;tablet&quot;,&quot;mobile&quot;],&quot;sticky_offset&quot;:0,&quot;sticky_effects_offset&quot;:0}\" data-widget_type=\"button.default\">\n\t\t\t\t<div class=\"elementor-widget-container\">\n\t\t\t\t\t\t\t\t\t<div class=\"elementor-button-wrapper\">\n\t\t\t\t\t<a class=\"elementor-button elementor-button-link elementor-size-lg elementor-animation-bob\" href=\"https:\/\/www.oafrica.org\/home\/es\/donar\/\">\n\t\t\t\t\t\t<span class=\"elementor-button-content-wrapper\">\n\t\t\t\t\t\t\t\t\t<span class=\"elementor-button-text\">DONAR<\/span>\n\t\t\t\t\t<\/span>\n\t\t\t\t\t<\/a>\n\t\t\t\t<\/div>\n\t\t\t\t\t\t\t\t<\/div>\n\t\t\t\t<\/div>\n\t\t\t\t\t<\/div>\n\t\t<\/div>\n\t\t\t\t\t<\/div>\n\t\t<\/section>\n\t\t\t\t\t<\/div>\n\t\t<\/div>\n\t\t\t\t\t<\/div>\n\t\t<\/section>\n\t\t\t\t<section class=\"elementor-section elementor-top-section elementor-element elementor-element-d521717 elementor-section-boxed elementor-section-height-default elementor-section-height-default\" data-id=\"d521717\" data-element_type=\"section\" data-settings=\"{&quot;background_background&quot;:&quot;classic&quot;}\">\n\t\t\t\t\t\t<div class=\"elementor-container elementor-column-gap-default\">\n\t\t\t\t\t<div class=\"elementor-column elementor-col-100 elementor-top-column elementor-element elementor-element-38255fcc\" data-id=\"38255fcc\" data-element_type=\"column\" data-settings=\"{&quot;background_background&quot;:&quot;classic&quot;}\">\n\t\t\t<div class=\"elementor-widget-wrap elementor-element-populated\">\n\t\t\t\t\t\t<section class=\"elementor-section elementor-inner-section elementor-element elementor-element-1a978232 elementor-section-full_width elementor-section-height-default elementor-section-height-default\" data-id=\"1a978232\" data-element_type=\"section\">\n\t\t\t\t\t\t<div class=\"elementor-container elementor-column-gap-default\">\n\t\t\t\t\t<div class=\"elementor-column elementor-col-100 elementor-inner-column elementor-element elementor-element-680406fb\" data-id=\"680406fb\" data-element_type=\"column\">\n\t\t\t<div class=\"elementor-widget-wrap elementor-element-populated\">\n\t\t\t\t\t\t<div class=\"elementor-element elementor-element-ebb06e3 elementor-widget elementor-widget-heading\" data-id=\"ebb06e3\" data-element_type=\"widget\" data-widget_type=\"heading.default\">\n\t\t\t\t<div class=\"elementor-widget-container\">\n\t\t\t\t\t<h2 class=\"elementor-heading-title elementor-size-default\">Nuestra historia\n<\/h2>\t\t\t\t<\/div>\n\t\t\t\t<\/div>\n\t\t\t\t\t<\/div>\n\t\t<\/div>\n\t\t\t\t\t<\/div>\n\t\t<\/section>\n\t\t\t\t\t<\/div>\n\t\t<\/div>\n\t\t\t\t\t<\/div>\n\t\t<\/section>\n\t\t\t\t<section class=\"elementor-section elementor-top-section elementor-element elementor-element-7a561f7b elementor-section-content-middle elementor-section-boxed elementor-section-height-default elementor-section-height-default\" data-id=\"7a561f7b\" data-element_type=\"section\">\n\t\t\t\t\t\t\t<div class=\"elementor-background-overlay\"><\/div>\n\t\t\t\t\t\t\t<div class=\"elementor-container elementor-column-gap-no\">\n\t\t\t\t\t<div class=\"elementor-column elementor-col-100 elementor-top-column elementor-element elementor-element-45e8a5c9\" data-id=\"45e8a5c9\" data-element_type=\"column\">\n\t\t\t<div class=\"elementor-widget-wrap elementor-element-populated\">\n\t\t\t\t\t\t<div class=\"elementor-element elementor-element-fce5473 elementor-widget elementor-widget-text-editor\" data-id=\"fce5473\" data-element_type=\"widget\" data-widget_type=\"text-editor.default\">\n\t\t\t\t<div class=\"elementor-widget-container\">\n\t\t\t\t\t\t\t\t\t<p>OAfrica fue fundada por Lisa Lovatt-Smith en octubre de 2002.<\/p>\t\t\t\t\t\t\t\t<\/div>\n\t\t\t\t<\/div>\n\t\t\t\t<div class=\"elementor-element elementor-element-623ca8f elementor-widget elementor-widget-text-editor\" data-id=\"623ca8f\" data-element_type=\"widget\" data-widget_type=\"text-editor.default\">\n\t\t\t\t<div class=\"elementor-widget-container\">\n\t\t\t\t\t\t\t\t\t<p>Lisa es una autora consagrada cuya obra publicada incluye 16 libros sobre dise\u00f1o y fotograf\u00eda. Fue editora de la revista Vogue durante muchos a\u00f1os mientras viv\u00eda en Espa\u00f1a y Francia. En 2002, Lisa decidi\u00f3 hacer un voluntariado con su hija en un orfanato de Ghana. All\u00ed conoci\u00f3 a m\u00e1s de 100 ni\u00f1os indigentes y abandonados que viv\u00edan en condiciones horribles, algunos llevados al orfanato por la polic\u00eda o los trabajadores de asistencia social porque los padres de los ni\u00f1os hab\u00edan muerto de enfermedades end\u00e9micas como la malaria, el sida o la tuberculosis. <strong>Sin embargo, muy a menudo los ni\u00f1os eran abandonados simplemente porque los padres no pod\u00edan permitirse cuidar de ellos.<\/strong><\/p>\t\t\t\t\t\t\t\t<\/div>\n\t\t\t\t<\/div>\n\t\t\t\t<div class=\"elementor-element elementor-element-3af0869 elementor-widget elementor-widget-text-editor\" data-id=\"3af0869\" data-element_type=\"widget\" data-widget_type=\"text-editor.default\">\n\t\t\t\t<div class=\"elementor-widget-container\">\n\t\t\t\t\t\t\t\t\tEsta experiencia cambi\u00f3 tanto la vida de Lisa que dej\u00f3 atr\u00e1s su glamuroso estilo de vida en Europa y se traslad\u00f3 a Ghana a tiempo completo. Su deseo de ayudar a los ni\u00f1os fue duradero y sustancial, y la llev\u00f3 a fundar OAfrica con el objetivo de garantizar que ning\u00fan ni\u00f1o tenga que crecer en un orfanato o instituci\u00f3n, sin amor y con pocas perspectivas de futuro.\n\t\t\t\t\t\t\t\t<\/div>\n\t\t\t\t<\/div>\n\t\t\t\t<div class=\"elementor-element elementor-element-5d6244c elementor-widget elementor-widget-text-editor\" data-id=\"5d6244c\" data-element_type=\"widget\" data-widget_type=\"text-editor.default\">\n\t\t\t\t<div class=\"elementor-widget-container\">\n\t\t\t\t\t\t\t\t\tLa filosof\u00eda de OAfrica ha evolucionado a lo largo de los a\u00f1os, pasando de ayudar a un peque\u00f1o grupo de ni\u00f1os en un orfanato a apoyar a cientos de ni\u00f1os en familias.\n\n\t\t\t\t\t\t\t\t<\/div>\n\t\t\t\t<\/div>\n\t\t\t\t<div class=\"elementor-element elementor-element-1672c4d elementor-widget elementor-widget-text-editor\" data-id=\"1672c4d\" data-element_type=\"widget\" data-widget_type=\"text-editor.default\">\n\t\t\t\t<div class=\"elementor-widget-container\">\n\t\t\t\t\t\t\t\t\tCreemos que ofreciendo a las familias una amplia formaci\u00f3n para la crianza de los hijos, junto con educaci\u00f3n, asistencia sanitaria y apoyo financiero, nos aseguramos de que los padres puedan cuidar de sus hijos, lo que se traduce en un menor n\u00famero de ni\u00f1os abandonados o hu\u00e9rfanos y en una comunidad fortalecida. Nuestros programas se centraron inicialmente en ofrecer becas educativas como forma de mantener a los ni\u00f1os fuera de los orfanatos y en sus propias familias, junto con un programa paralelo para apoyar a los j\u00f3venes traumatizados que sal\u00edan del cuidado institucional sin apoyo ni planes para su futuro.\n\t\t\t\t\t\t\t\t<\/div>\n\t\t\t\t<\/div>\n\t\t\t\t<div class=\"elementor-element elementor-element-7a04959 elementor-widget elementor-widget-text-editor\" data-id=\"7a04959\" data-element_type=\"widget\" data-widget_type=\"text-editor.default\">\n\t\t\t\t<div class=\"elementor-widget-container\">\n\t\t\t\t\t\t\t\t\tTambi\u00e9n desarrollamos un refugio integrado en una comunidad rural, especializado en la atenci\u00f3n a beb\u00e9s y ni\u00f1os con discapacidades mentales y f\u00edsicas y a los afectados por el VIH o el SIDA. Nuestro refugio recibi\u00f3 un premio por su dise\u00f1o ecol\u00f3gico y ha sido calificado de modelo en \u00c1frica Occidental, y apareci\u00f3 en numerosos documentales e informes de UNICEF.\t\t\t\t\t\t\t\t<\/div>\n\t\t\t\t<\/div>\n\t\t\t\t<div class=\"elementor-element elementor-element-c6aa0f3 elementor-widget elementor-widget-text-editor\" data-id=\"c6aa0f3\" data-element_type=\"widget\" data-widget_type=\"text-editor.default\">\n\t\t\t\t<div class=\"elementor-widget-container\">\n\t\t\t\t\t\t\t\t\tEn 2006, OAfrica adopt\u00f3 una nueva pol\u00edtica -en l\u00ednea con las directrices de UNICEF, la ONU y el Gobierno de Ghana- para evitar el cuidado institucional (orfanatos) de los ni\u00f1os hu\u00e9rfanos y vulnerables (OVC) siempre que fuera posible. Bajo el lema &#8220;todos los ni\u00f1os merecen una familia&#8221;, decidimos poner nuestro \u00e9nfasis y recursos en el apoyo al sistema local de bienestar social en Ghana para fomentar la preservaci\u00f3n de los lazos familiares.\n\t\t\t\t\t\t\t\t<\/div>\n\t\t\t\t<\/div>\n\t\t\t\t<div class=\"elementor-element elementor-element-9e34a86 elementor-widget elementor-widget-text-editor\" data-id=\"9e34a86\" data-element_type=\"widget\" data-widget_type=\"text-editor.default\">\n\t\t\t\t<div class=\"elementor-widget-container\">\n\t\t\t\t\t\t\t\t\tA partir de 2007, colaboramos con el Departamento de Bienestar Social (DSW) y UNICEF para poner en marcha la Iniciativa de Reforma del Servicio de Atenci\u00f3n. \u00c9sta se cre\u00f3 para cambiar el modo en que se atiende a los hu\u00e9rfanos y ni\u00f1os vulnerables en toda Ghana. Fue un cambio significativo por parte del gobierno para pasar de la atenci\u00f3n en instituciones a la atenci\u00f3n en familias. Como un reflejo m\u00e1s de nuestro cambio de pol\u00edtica, trasladamos a todos los ni\u00f1os de nuestro refugio a la atenci\u00f3n familiar. La mayor\u00eda fueron colocados con sus familias extendidas, mientras que algunos, que necesitaban atenci\u00f3n especial debido a discapacidades o abusos, fueron colocados en familias de acogida.\t\t\t\t\t\t\t\t<\/div>\n\t\t\t\t<\/div>\n\t\t\t\t<div class=\"elementor-element elementor-element-8c91f80 elementor-widget elementor-widget-text-editor\" data-id=\"8c91f80\" data-element_type=\"widget\" data-widget_type=\"text-editor.default\">\n\t\t\t\t<div class=\"elementor-widget-container\">\n\t\t\t\t\t\t\t\t\tCuando el Gobierno de Ghana lanz\u00f3 su Plan de Acci\u00f3n Nacional sobre Hu\u00e9rfanos y Ni\u00f1os Vulnerables en octubre de 2010, OAfrica se enorgulleci\u00f3 de ser la \u00fanica ONG privada de Ghana mencionada como socio ejecutor. Desde entonces, hemos desarrollado herramientas inform\u00e1ticas para el seguimiento de casos y hemos compartido nuestra experiencia en el rescate, la localizaci\u00f3n y la reunificaci\u00f3n y la gesti\u00f3n de casos con muchos otros socios locales de protecci\u00f3n infantil.\n\t\t\t\t\t\t\t\t<\/div>\n\t\t\t\t<\/div>\n\t\t\t\t<div class=\"elementor-element elementor-element-4261012 elementor-widget elementor-widget-text-editor\" data-id=\"4261012\" data-element_type=\"widget\" data-widget_type=\"text-editor.default\">\n\t\t\t\t<div class=\"elementor-widget-container\">\n\t\t\t\t\t\t\t\t\tEn 2012, la labor de Lisa en favor de los ni\u00f1os vulnerables fue reconocida por Face Africa (Nueva York) y por el prestigioso Premio Clarins Femme Dynamizante (Par\u00eds, Francia). El mayor reconocimiento ha hecho que OAfrica pueda llevar a cabo su apoyo a las familias con mayor coherencia, beneficiando a m\u00e1s de 5.000 ni\u00f1os y j\u00f3venes al a\u00f1o. Muchos de estos ni\u00f1os han sido v\u00edctimas de la trata, se han visto afectados por el VIH o el SIDA, son discapacitados, son refugiados y v\u00edctimas de la guerra, han sido v\u00edctimas del trabajo infantil o han sufrido abusos sexuales y psicol\u00f3gicos.\n\t\t\t\t\t\t\t\t<\/div>\n\t\t\t\t<\/div>\n\t\t\t\t<div class=\"elementor-element elementor-element-1024dc9 elementor-widget elementor-widget-text-editor\" data-id=\"1024dc9\" data-element_type=\"widget\" data-widget_type=\"text-editor.default\">\n\t\t\t\t<div class=\"elementor-widget-container\">\n\t\t\t\t\t\t\t\t\tEn 2013, el tercer plan estrat\u00e9gico quinquenal de OAfrica esboz\u00f3 una visi\u00f3n ambiciosa:\n\t\t\t\t\t\t\t\t<\/div>\n\t\t\t\t<\/div>\n\t\t\t\t<div class=\"elementor-element elementor-element-89e7df8 elementor-widget elementor-widget-text-editor\" data-id=\"89e7df8\" data-element_type=\"widget\" data-widget_type=\"text-editor.default\">\n\t\t\t\t<div class=\"elementor-widget-container\">\n\t\t\t\t\t\t\t\t\tCrear un entorno en el que los hu\u00e9rfanos y los ni\u00f1os vulnerables crezcan en entornos familiares seguros, permanentes y afectuosos, con los cuidados y la protecci\u00f3n adecuados y en igualdad de derechos y oportunidades.\t\t\t\t\t\t\t\t<\/div>\n\t\t\t\t<\/div>\n\t\t\t\t<div class=\"elementor-element elementor-element-d796801 elementor-widget elementor-widget-text-editor\" data-id=\"d796801\" data-element_type=\"widget\" data-widget_type=\"text-editor.default\">\n\t\t\t\t<div class=\"elementor-widget-container\">\n\t\t\t\t\t\t\t\t\tApoyar la aplicaci\u00f3n del PNA mediante la migraci\u00f3n de nuestros programas de apoyo a la familia, a otras partes interesadas especializadas y centr\u00e1ndose en las \u00e1reas de\n\t\t\t\t\t\t\t\t<\/div>\n\t\t\t\t<\/div>\n\t\t\t\t<div class=\"elementor-element elementor-element-c669229 elementor-widget elementor-widget-text-editor\" data-id=\"c669229\" data-element_type=\"widget\" data-widget_type=\"text-editor.default\">\n\t\t\t\t<div class=\"elementor-widget-container\">\n\t\t\t\t\t\t\t\t\t<p>(1) Desinstitucionalizaci\u00f3n &#8211; sacar a los ni\u00f1os de los orfanatos<\/p>\t\t\t\t\t\t\t\t<\/div>\n\t\t\t\t<\/div>\n\t\t\t\t<div class=\"elementor-element elementor-element-a7b69ad elementor-widget elementor-widget-text-editor\" data-id=\"a7b69ad\" data-element_type=\"widget\" data-widget_type=\"text-editor.default\">\n\t\t\t\t<div class=\"elementor-widget-container\">\n\t\t\t\t\t\t\t\t\t(2) Localizaci\u00f3n y reunificaci\u00f3n: reunir a los ni\u00f1os con sus propias familias o con familias de acogida\n\t\t\t\t\t\t\t\t<\/div>\n\t\t\t\t<\/div>\n\t\t\t\t<div class=\"elementor-element elementor-element-e617ffa elementor-widget elementor-widget-text-editor\" data-id=\"e617ffa\" data-element_type=\"widget\" data-widget_type=\"text-editor.default\">\n\t\t\t\t<div class=\"elementor-widget-container\">\n\t\t\t\t\t\t\t\t\t(3) Formaci\u00f3n de padres, padres de acogida y trabajadores sociales para apoyar los programas de desinstitucionalizaci\u00f3n, localizaci\u00f3n y reunificaci\u00f3n en la APN, de modo que los hu\u00e9rfanos inadecuadamente colocados en hogares (normalmente por razones de pobreza) puedan vivir en un entorno familiar.\t\t\t\t\t\t\t\t<\/div>\n\t\t\t\t<\/div>\n\t\t\t\t<div class=\"elementor-element elementor-element-9271f3c elementor-widget elementor-widget-text-editor\" data-id=\"9271f3c\" data-element_type=\"widget\" data-widget_type=\"text-editor.default\">\n\t\t\t\t<div class=\"elementor-widget-container\">\n\t\t\t\t\t\t\t\t\t<p>Adem\u00e1s de nuestra sede en Ghana, hoy OAfrica tiene oficinas registradas en Francia, Alemania, Italia, Espa\u00f1a, Suiza, Reino Unido y Estados Unidos, todas ellas compartiendo el objetivo com\u00fan de concienciar y financiar las importantes iniciativas que se est\u00e1n llevando a cabo en Ghana.<br \/>En 2014, las memorias de Lisa &#8220;Ma\u00f1ana Quien Sabe&#8221; fueron publicadas por Weinstein Books en Estados Unidos y Reino Unido y por Random House en Australia, as\u00ed como un audiolibro. En 2015, fue publicado por Arthaud en Francia y por Turner Libros en Espa\u00f1a. Lisa tambi\u00e9n dio dos charlas TEDX en Abiy\u00e1n en 2015 y en Accra en 2016, as\u00ed como muchas entrevistas en televisi\u00f3n, radio y prensa. Libro disponible <a href=\"https:\/\/www.amazon.com\/s?k=who+knows+tomorrow+lisa+lovatt+smith&amp;ref=nb_sb_noss\">aqu\u00ed.<\/a><\/p>\t\t\t\t\t\t\t\t<\/div>\n\t\t\t\t<\/div>\n\t\t\t\t<div class=\"elementor-element elementor-element-c4dea64 elementor-widget elementor-widget-text-editor\" data-id=\"c4dea64\" data-element_type=\"widget\" data-widget_type=\"text-editor.default\">\n\t\t\t\t<div class=\"elementor-widget-container\">\n\t\t\t\t\t\t\t\t\tTambi\u00e9n en 2019, recibi\u00f3 el Premio LiberPress  por ser una periodista que, desde su profesi\u00f3n, transforma, cambia y mejora, entendi\u00f3 que deb\u00eda poner su capacidad de comunicaci\u00f3n al servicio de los m\u00e1s pobres, trabajando y contando, con coraje y compromiso, la situaci\u00f3n extrema que sufren muchos ni\u00f1os en \u00c1frica, a pesar de la peligrosidad de su trabajo. Un verdadero periodismo de combate y de humanidad.\t\t\t\t\t\t\t\t<\/div>\n\t\t\t\t<\/div>\n\t\t\t\t\t<\/div>\n\t\t<\/div>\n\t\t\t\t\t<\/div>\n\t\t<\/section>\n\t\t\t\t<section class=\"elementor-section elementor-top-section elementor-element elementor-element-275de93c elementor-section-boxed elementor-section-height-default elementor-section-height-default\" data-id=\"275de93c\" data-element_type=\"section\" data-settings=\"{&quot;background_background&quot;:&quot;classic&quot;}\">\n\t\t\t\t\t\t\t<div class=\"elementor-background-overlay\"><\/div>\n\t\t\t\t\t\t\t<div class=\"elementor-container elementor-column-gap-default\">\n\t\t\t\t\t<div class=\"elementor-column elementor-col-100 elementor-top-column elementor-element elementor-element-744ac73b\" data-id=\"744ac73b\" data-element_type=\"column\">\n\t\t\t<div class=\"elementor-widget-wrap elementor-element-populated\">\n\t\t\t\t\t\t<div class=\"elementor-element elementor-element-614d08c2 elementor-widget elementor-widget-heading\" data-id=\"614d08c2\" data-element_type=\"widget\" data-widget_type=\"heading.default\">\n\t\t\t\t<div class=\"elementor-widget-container\">\n\t\t\t\t\t<h4 class=\"elementor-heading-title elementor-size-default\">\u00danete a nuestra familia<\/h4>\t\t\t\t<\/div>\n\t\t\t\t<\/div>\n\t\t\t\t<div class=\"elementor-element elementor-element-1157de6b elementor-button-align-end elementor-widget elementor-widget-form\" data-id=\"1157de6b\" data-element_type=\"widget\" data-settings=\"{&quot;button_width&quot;:&quot;20&quot;,&quot;step_next_label&quot;:&quot;Next&quot;,&quot;step_previous_label&quot;:&quot;Previous&quot;,&quot;step_type&quot;:&quot;none&quot;,&quot;step_icon_shape&quot;:&quot;circle&quot;}\" data-widget_type=\"form.default\">\n\t\t\t\t<div class=\"elementor-widget-container\">\n\t\t\t\t\t\t\t<form class=\"elementor-form\" method=\"post\" name=\"subscribe\">\n\t\t\t<input type=\"hidden\" name=\"post_id\" value=\"2162\"\/>\n\t\t\t<input type=\"hidden\" name=\"form_id\" value=\"1157de6b\"\/>\n\t\t\t<input type=\"hidden\" name=\"referer_title\" value=\"\" \/>\n\n\t\t\t\n\t\t\t<div class=\"elementor-form-fields-wrapper elementor-labels-\">\n\t\t\t\t\t\t\t\t<div class=\"elementor-field-type-email elementor-field-group elementor-column elementor-field-group-email elementor-col-75 elementor-field-required\">\n\t\t\t\t\t\t\t\t\t\t\t\t<label for=\"form-field-email\" class=\"elementor-field-label elementor-screen-only\">\n\t\t\t\t\t\t\t\tEmail\t\t\t\t\t\t\t<\/label>\n\t\t\t\t\t\t\t\t\t\t\t\t\t\t<input size=\"1\" type=\"email\" name=\"form_fields[email]\" id=\"form-field-email\" class=\"elementor-field elementor-size-xs  elementor-field-textual\" required=\"required\" aria-required=\"true\">\n\t\t\t\t\t\t\t\t\t\t\t<\/div>\n\t\t\t\t\t\t\t\t<div class=\"elementor-field-group elementor-column elementor-field-type-submit elementor-col-20 e-form__buttons\">\n\t\t\t\t\t<button class=\"elementor-button elementor-size-xs\" type=\"submit\">\n\t\t\t\t\t\t<span class=\"elementor-button-content-wrapper\">\n\t\t\t\t\t\t\t\t\t\t\t\t\t\t\t<span class=\"elementor-button-icon\">\n\t\t\t\t\t\t\t\t\t<i aria-hidden=\"true\" class=\"fas fa-location-arrow\"><\/i>\t\t\t\t\t\t\t\t\t\t\t\t\t\t\t\t\t<\/span>\n\t\t\t\t\t\t\t\t\t\t\t\t\t\t\t\t\t\t\t\t\t\t<span class=\"elementor-button-text\">Submit<\/span>\n\t\t\t\t\t\t\t\t\t\t\t\t\t<\/span>\n\t\t\t\t\t<\/button>\n\t\t\t\t<\/div>\n\t\t\t<\/div>\n\t\t<\/form>\n\t\t\t\t\t\t<\/div>\n\t\t\t\t<\/div>\n\t\t\t\t\t<\/div>\n\t\t<\/div>\n\t\t\t\t\t<\/div>\n\t\t<\/section>\n\t\t\t\t<\/div>\n\t\t","protected":false},"excerpt":{"rendered":"<p>Qui\u00e9nes Somos DONAR Nuestra historia OAfrica fue fundada por Lisa Lovatt-Smith en octubre de 2002. Lisa es una autora consagrada cuya obra publicada incluye 16 libros sobre dise\u00f1o y fotograf\u00eda. Fue editora de la revista Vogue durante muchos a\u00f1os mientras viv\u00eda en Espa\u00f1a y Francia. En 2002, Lisa decidi\u00f3 hacer un voluntariado con su hija [&hellip;]<\/p>\n","protected":false},"author":1,"featured_media":0,"parent":0,"menu_order":0,"comment_status":"closed","ping_status":"closed","template":"elementor_header_footer","meta":{"_mo_disable_npp":"","footnotes":""},"_links":{"self":[{"href":"https:\/\/www.oafrica.org\/home\/wp-json\/wp\/v2\/pages\/2162"}],"collection":[{"href":"https:\/\/www.oafrica.org\/home\/wp-json\/wp\/v2\/pages"}],"about":[{"href":"https:\/\/www.oafrica.org\/home\/wp-json\/wp\/v2\/types\/page"}],"author":[{"embeddable":true,"href":"https:\/\/www.oafrica.org\/home\/wp-json\/wp\/v2\/users\/1"}],"replies":[{"embeddable":true,"href":"https:\/\/www.oafrica.org\/home\/wp-json\/wp\/v2\/comments?post=2162"}],"version-history":[{"count":23,"href":"https:\/\/www.oafrica.org\/home\/wp-json\/wp\/v2\/pages\/2162\/revisions"}],"predecessor-version":[{"id":2534,"href":"https:\/\/www.oafrica.org\/home\/wp-json\/wp\/v2\/pages\/2162\/revisions\/2534"}],"wp:attachment":[{"href":"https:\/\/www.oafrica.org\/home\/wp-json\/wp\/v2\/media?parent=2162"}],"curies":[{"name":"wp","href":"https:\/\/api.w.org\/{rel}","templated":true}]}}