{"id":2391,"date":"2024-02-28T18:53:50","date_gmt":"2024-02-28T18:53:50","guid":{"rendered":"https:\/\/www.oafrica.org\/home\/?page_id=2391"},"modified":"2022-01-03T10:46:20","modified_gmt":"2022-01-03T10:46:20","slug":"nuestras-acciones-para-transformar-los-sistemas-de-atencion","status":"publish","type":"page","link":"https:\/\/www.oafrica.org\/home\/es\/nuestras-acciones-para-transformar-los-sistemas-de-atencion\/","title":{"rendered":"Qu\u00e9 hacemos &#8211; Nuestras acciones para transformar los Sistemas de Atenci\u00f3n"},"content":{"rendered":"\t\t<div data-elementor-type=\"wp-page\" data-elementor-id=\"2391\" class=\"elementor elementor-2391\" data-elementor-post-type=\"page\">\n\t\t\t\t\t\t<section class=\"elementor-section elementor-top-section elementor-element elementor-element-7f56a533 elementor-section-height-min-height elementor-section-full_width elementor-section-content-middle elementor-section-height-default elementor-section-items-middle\" data-id=\"7f56a533\" data-element_type=\"section\" data-settings=\"{&quot;background_background&quot;:&quot;classic&quot;}\">\n\t\t\t\t\t\t\t<div class=\"elementor-background-overlay\"><\/div>\n\t\t\t\t\t\t\t<div class=\"elementor-container elementor-column-gap-no\">\n\t\t\t\t\t<div class=\"elementor-column elementor-col-100 elementor-top-column elementor-element elementor-element-7df904f2\" data-id=\"7df904f2\" data-element_type=\"column\">\n\t\t\t<div class=\"elementor-widget-wrap elementor-element-populated\">\n\t\t\t\t\t\t<section class=\"elementor-section elementor-inner-section elementor-element elementor-element-74b762ed elementor-section-full_width elementor-section-height-default elementor-section-height-default\" data-id=\"74b762ed\" data-element_type=\"section\">\n\t\t\t\t\t\t<div class=\"elementor-container elementor-column-gap-default\">\n\t\t\t\t\t<div class=\"elementor-column elementor-col-100 elementor-inner-column elementor-element elementor-element-1a003e0b\" data-id=\"1a003e0b\" data-element_type=\"column\">\n\t\t\t<div class=\"elementor-widget-wrap elementor-element-populated\">\n\t\t\t\t\t\t<div class=\"elementor-element elementor-element-2332 elementor-widget elementor-widget-global elementor-global-2332 elementor-widget-heading\" data-id=\"2332\" data-element_type=\"widget\" data-widget_type=\"heading.default\">\n\t\t\t\t<div class=\"elementor-widget-container\">\n\t\t\t\t\t<h2 class=\"elementor-heading-title elementor-size-default\">Qu\u00e9 Hacemos<\/h2>\t\t\t\t<\/div>\n\t\t\t\t<\/div>\n\t\t\t\t<div class=\"elementor-element elementor-element-c97a4c8 elementor-align-right donate-btn elementor-widget__width-auto elementor-widget-tablet__width-auto elementor-widget-mobile__width-auto elementor-fixed elementor-widget elementor-widget-global elementor-global-2497 elementor-widget-button\" data-id=\"c97a4c8\" data-element_type=\"widget\" data-settings=\"{&quot;sticky&quot;:&quot;top&quot;,&quot;sticky_parent&quot;:&quot;yes&quot;,&quot;_position&quot;:&quot;fixed&quot;,&quot;sticky_on&quot;:[&quot;desktop&quot;,&quot;tablet&quot;,&quot;mobile&quot;],&quot;sticky_offset&quot;:0,&quot;sticky_effects_offset&quot;:0}\" data-widget_type=\"button.default\">\n\t\t\t\t<div class=\"elementor-widget-container\">\n\t\t\t\t\t\t\t\t\t<div class=\"elementor-button-wrapper\">\n\t\t\t\t\t<a class=\"elementor-button elementor-button-link elementor-size-lg elementor-animation-bob\" href=\"https:\/\/www.oafrica.org\/home\/es\/donar\/\">\n\t\t\t\t\t\t<span class=\"elementor-button-content-wrapper\">\n\t\t\t\t\t\t\t\t\t<span class=\"elementor-button-text\">DONAR<\/span>\n\t\t\t\t\t<\/span>\n\t\t\t\t\t<\/a>\n\t\t\t\t<\/div>\n\t\t\t\t\t\t\t\t<\/div>\n\t\t\t\t<\/div>\n\t\t\t\t\t<\/div>\n\t\t<\/div>\n\t\t\t\t\t<\/div>\n\t\t<\/section>\n\t\t\t\t\t<\/div>\n\t\t<\/div>\n\t\t\t\t\t<\/div>\n\t\t<\/section>\n\t\t\t\t<section class=\"elementor-section elementor-top-section elementor-element elementor-element-2fbda78 elementor-section-boxed elementor-section-height-default elementor-section-height-default\" data-id=\"2fbda78\" data-element_type=\"section\" data-settings=\"{&quot;background_background&quot;:&quot;classic&quot;}\">\n\t\t\t\t\t\t<div class=\"elementor-container elementor-column-gap-default\">\n\t\t\t\t\t<div class=\"elementor-column elementor-col-100 elementor-top-column elementor-element elementor-element-a90a0bf\" data-id=\"a90a0bf\" data-element_type=\"column\" data-settings=\"{&quot;background_background&quot;:&quot;classic&quot;}\">\n\t\t\t<div class=\"elementor-widget-wrap elementor-element-populated\">\n\t\t\t\t\t\t<section class=\"elementor-section elementor-inner-section elementor-element elementor-element-4426f0ab elementor-section-full_width elementor-section-height-default elementor-section-height-default\" data-id=\"4426f0ab\" data-element_type=\"section\">\n\t\t\t\t\t\t<div class=\"elementor-container elementor-column-gap-default\">\n\t\t\t\t\t<div class=\"elementor-column elementor-col-100 elementor-inner-column elementor-element elementor-element-51d5671a\" data-id=\"51d5671a\" data-element_type=\"column\">\n\t\t\t<div class=\"elementor-widget-wrap elementor-element-populated\">\n\t\t\t\t\t\t<div class=\"elementor-element elementor-element-14ccf183 elementor-widget elementor-widget-heading\" data-id=\"14ccf183\" data-element_type=\"widget\" data-widget_type=\"heading.default\">\n\t\t\t\t<div class=\"elementor-widget-container\">\n\t\t\t\t\t<h2 class=\"elementor-heading-title elementor-size-default\">Nuestras acciones para transformar los Sistemas de Atenci\u00f3n<\/h2>\t\t\t\t<\/div>\n\t\t\t\t<\/div>\n\t\t\t\t\t<\/div>\n\t\t<\/div>\n\t\t\t\t\t<\/div>\n\t\t<\/section>\n\t\t\t\t\t<\/div>\n\t\t<\/div>\n\t\t\t\t\t<\/div>\n\t\t<\/section>\n\t\t\t\t<section class=\"elementor-section elementor-top-section elementor-element elementor-element-7a561f7b elementor-section-content-middle elementor-section-boxed elementor-section-height-default elementor-section-height-default\" data-id=\"7a561f7b\" data-element_type=\"section\">\n\t\t\t\t\t\t\t<div class=\"elementor-background-overlay\"><\/div>\n\t\t\t\t\t\t\t<div class=\"elementor-container elementor-column-gap-no\">\n\t\t\t\t\t<div class=\"elementor-column elementor-col-100 elementor-top-column elementor-element elementor-element-45e8a5c9\" data-id=\"45e8a5c9\" data-element_type=\"column\">\n\t\t\t<div class=\"elementor-widget-wrap elementor-element-populated\">\n\t\t\t\t\t\t<div class=\"elementor-element elementor-element-fce5473 elementor-widget elementor-widget-text-editor\" data-id=\"fce5473\" data-element_type=\"widget\" data-widget_type=\"text-editor.default\">\n\t\t\t\t<div class=\"elementor-widget-container\">\n\t\t\t\t\t\t\t\t\tUna parte del plan de trabajo de OAfrica en el \u00e1mbito de la reforma de los servicios de atenci\u00f3n en Ghana, en estrecha colaboraci\u00f3n con DSW, UNICEF y otras organizaciones, consiste en los siguientes proyectos, entre muchos otros:\t\t\t\t\t\t\t\t<\/div>\n\t\t\t\t<\/div>\n\t\t\t\t<div class=\"elementor-element elementor-element-33c6b15 elementor-widget elementor-widget-heading\" data-id=\"33c6b15\" data-element_type=\"widget\" data-widget_type=\"heading.default\">\n\t\t\t\t<div class=\"elementor-widget-container\">\n\t\t\t\t\t<h2 class=\"elementor-heading-title elementor-size-default\">Proyectos de comunicaci\u00f3n:\n<\/h2>\t\t\t\t<\/div>\n\t\t\t\t<\/div>\n\t\t\t\t<div class=\"elementor-element elementor-element-1372cbf elementor-widget elementor-widget-text-editor\" data-id=\"1372cbf\" data-element_type=\"widget\" data-widget_type=\"text-editor.default\">\n\t\t\t\t<div class=\"elementor-widget-container\">\n\t\t\t\t\t\t\t\t\t<ul><li>Creaci\u00f3n de un sitio web para la Iniciativa de Reforma Asistencial<\/li><li>Creaci\u00f3n de un sitio web para el Departamento de Bienestar Social de Ghana<\/li><li>Prensa, radio, televisi\u00f3n y colaboraci\u00f3n con la Comisi\u00f3n Nacional de Educaci\u00f3n C\u00edvica para aumentar la concienciaci\u00f3n p\u00fablica sobre el problema del cuidado institucional en orfanatos y m\u00e1s bien fomentar el cuidado familiar<\/li><\/ul>\t\t\t\t\t\t\t\t<\/div>\n\t\t\t\t<\/div>\n\t\t\t\t<div class=\"elementor-element elementor-element-8c04ccf elementor-widget elementor-widget-heading\" data-id=\"8c04ccf\" data-element_type=\"widget\" data-widget_type=\"heading.default\">\n\t\t\t\t<div class=\"elementor-widget-container\">\n\t\t\t\t\t<h2 class=\"elementor-heading-title elementor-size-default\">Comit\u00e9s y grupos:\n\n<\/h2>\t\t\t\t<\/div>\n\t\t\t\t<\/div>\n\t\t\t\t<div class=\"elementor-element elementor-element-5feec7b elementor-widget elementor-widget-text-editor\" data-id=\"5feec7b\" data-element_type=\"widget\" data-widget_type=\"text-editor.default\">\n\t\t\t\t<div class=\"elementor-widget-container\">\n\t\t\t\t\t\t\t\t\t<ul><li>Patrocinio y participaci\u00f3n en el Comit\u00e9 Directivo T\u00e9cnico del Gobierno de Ghana sobre los hu\u00e9rfanos y ni\u00f1os vulnerables<\/li><li>Patrocinio y participaci\u00f3n en el Comit\u00e9 de Crianza Positiva del Gobierno de Ghana<\/li><li>Creaci\u00f3n de un grupo de apoyo dirigido por ni\u00f1os para los ni\u00f1os supervivientes del cuidado institucional<\/li><\/ul>\t\t\t\t\t\t\t\t<\/div>\n\t\t\t\t<\/div>\n\t\t\t\t<div class=\"elementor-element elementor-element-49d7ad1 elementor-widget elementor-widget-heading\" data-id=\"49d7ad1\" data-element_type=\"widget\" data-widget_type=\"heading.default\">\n\t\t\t\t<div class=\"elementor-widget-container\">\n\t\t\t\t\t<h2 class=\"elementor-heading-title elementor-size-default\">Talleres y formaci\u00f3n:\n\n<\/h2>\t\t\t\t<\/div>\n\t\t\t\t<\/div>\n\t\t\t\t<div class=\"elementor-element elementor-element-ee58bca elementor-widget elementor-widget-text-editor\" data-id=\"ee58bca\" data-element_type=\"widget\" data-widget_type=\"text-editor.default\">\n\t\t\t\t<div class=\"elementor-widget-container\">\n\t\t\t\t\t\t\t\t\t<ul><li>Taller para profesionales de los medios de comunicaci\u00f3n sobre el uso de la terminolog\u00eda adecuada, el problema del cuidado institucional y el fomento del cuidado familiar.<\/li><li>Apoyo y formaci\u00f3n para que los j\u00f3venes mayores de 18 a\u00f1os que actualmente est\u00e1n institucionalizados puedan acceder a una vida independiente.<\/li><li>Patrocinar la formaci\u00f3n para el cambio de carrera de los titulares de las instituciones.<\/li><li>Formaci\u00f3n de todas las personas inscritas en el registro de padres de acogida en materia de derechos y cuidados del ni\u00f1o.<\/li><li>Formar a los trabajadores sociales y al personal de las autoridades de distrito sobre la reforma de los servicios de atenci\u00f3n<\/li><li>Formar a las ONG, a los grupos religiosos y a otros l\u00edderes de opini\u00f3n sobre la reforma de los servicios de atenci\u00f3n<\/li><li>Realizaci\u00f3n de talleres para posibles socios donantes<\/li><\/ul>\t\t\t\t\t\t\t\t<\/div>\n\t\t\t\t<\/div>\n\t\t\t\t<div class=\"elementor-element elementor-element-d53474e elementor-widget elementor-widget-heading\" data-id=\"d53474e\" data-element_type=\"widget\" data-widget_type=\"heading.default\">\n\t\t\t\t<div class=\"elementor-widget-container\">\n\t\t\t\t\t<h2 class=\"elementor-heading-title elementor-size-default\">Publicaciones y manuales:\n\n\n<\/h2>\t\t\t\t<\/div>\n\t\t\t\t<\/div>\n\t\t\t\t<div class=\"elementor-element elementor-element-d36c866 elementor-widget elementor-widget-text-editor\" data-id=\"d36c866\" data-element_type=\"widget\" data-widget_type=\"text-editor.default\">\n\t\t\t\t<div class=\"elementor-widget-container\">\n\t\t\t\t\t\t\t\t\t<ul><li>Elaboraci\u00f3n de un nuevo Manual de Normas para el Cuidado Residencial<\/li><li>Elaboraci\u00f3n de un nuevo Manual de Normas para la Acogida Familiar<\/li><li>Elaboraci\u00f3n de un nuevo Manual de Normas para la Adopci\u00f3n<\/li><li>Redacci\u00f3n de un plan de estudios hol\u00edstico para cuidadores y producci\u00f3n de un DVD y un programa de televisi\u00f3n de 120 episodios sobre crianza positiva<\/li><\/ul>\t\t\t\t\t\t\t\t<\/div>\n\t\t\t\t<\/div>\n\t\t\t\t<div class=\"elementor-element elementor-element-7655043 elementor-widget elementor-widget-heading\" data-id=\"7655043\" data-element_type=\"widget\" data-widget_type=\"heading.default\">\n\t\t\t\t<div class=\"elementor-widget-container\">\n\t\t\t\t\t<h2 class=\"elementor-heading-title elementor-size-default\">Censo, investigaci\u00f3n y recopilaci\u00f3n de informaci\u00f3n:\n\n\n\n<\/h2>\t\t\t\t<\/div>\n\t\t\t\t<\/div>\n\t\t\t\t<div class=\"elementor-element elementor-element-07aaf09 elementor-widget elementor-widget-text-editor\" data-id=\"07aaf09\" data-element_type=\"widget\" data-widget_type=\"text-editor.default\">\n\t\t\t\t<div class=\"elementor-widget-container\">\n\t\t\t\t\t\t\t\t\t<ul><li>Finalizaci\u00f3n de la base de datos del censo de hogares infantiles: comunicaci\u00f3n oficial al Departamento de Bienestar Social de la situaci\u00f3n de los ni\u00f1os institucionalizados en Ghana con sus nombres y su paradero y otros resultados del censo<\/li><li>Elaboraci\u00f3n de una base de datos sobre personas aptas para la acogida<\/li><\/ul>\t\t\t\t\t\t\t\t<\/div>\n\t\t\t\t<\/div>\n\t\t\t\t<div class=\"elementor-element elementor-element-91ce075 elementor-widget elementor-widget-text-editor\" data-id=\"91ce075\" data-element_type=\"widget\" data-widget_type=\"text-editor.default\">\n\t\t\t\t<div class=\"elementor-widget-container\">\n\t\t\t\t\t\t\t\t\t<p>Para m\u00e1s informaci\u00f3n sobre la reforma de los cuidados en Ghana, dir\u00edjase a <a href=\"http:\/\/www.ovcghana.org\/\">www.ovcghana.org<\/a><\/p>\t\t\t\t\t\t\t\t<\/div>\n\t\t\t\t<\/div>\n\t\t\t\t\t<\/div>\n\t\t<\/div>\n\t\t\t\t\t<\/div>\n\t\t<\/section>\n\t\t\t\t<section class=\"elementor-section elementor-top-section elementor-element elementor-element-6764a02d elementor-section-boxed elementor-section-height-default elementor-section-height-default\" data-id=\"6764a02d\" data-element_type=\"section\" data-settings=\"{&quot;background_background&quot;:&quot;classic&quot;}\">\n\t\t\t\t\t\t\t<div class=\"elementor-background-overlay\"><\/div>\n\t\t\t\t\t\t\t<div class=\"elementor-container elementor-column-gap-default\">\n\t\t\t\t\t<div class=\"elementor-column elementor-col-100 elementor-top-column elementor-element elementor-element-23fa52ea\" data-id=\"23fa52ea\" data-element_type=\"column\">\n\t\t\t<div class=\"elementor-widget-wrap elementor-element-populated\">\n\t\t\t\t\t\t<div class=\"elementor-element elementor-element-46fd43e2 elementor-widget elementor-widget-heading\" data-id=\"46fd43e2\" data-element_type=\"widget\" data-widget_type=\"heading.default\">\n\t\t\t\t<div class=\"elementor-widget-container\">\n\t\t\t\t\t<h4 class=\"elementor-heading-title elementor-size-default\">\u00danete a nuestra familia<\/h4>\t\t\t\t<\/div>\n\t\t\t\t<\/div>\n\t\t\t\t<div class=\"elementor-element elementor-element-1cefe01d elementor-button-align-end elementor-widget elementor-widget-form\" data-id=\"1cefe01d\" data-element_type=\"widget\" data-settings=\"{&quot;button_width&quot;:&quot;20&quot;,&quot;step_next_label&quot;:&quot;Next&quot;,&quot;step_previous_label&quot;:&quot;Previous&quot;,&quot;step_type&quot;:&quot;none&quot;,&quot;step_icon_shape&quot;:&quot;circle&quot;}\" data-widget_type=\"form.default\">\n\t\t\t\t<div class=\"elementor-widget-container\">\n\t\t\t\t\t\t\t<form class=\"elementor-form\" method=\"post\" name=\"subscribe\">\n\t\t\t<input type=\"hidden\" name=\"post_id\" value=\"2391\"\/>\n\t\t\t<input type=\"hidden\" name=\"form_id\" value=\"1cefe01d\"\/>\n\t\t\t<input type=\"hidden\" name=\"referer_title\" value=\"\" \/>\n\n\t\t\t\n\t\t\t<div class=\"elementor-form-fields-wrapper elementor-labels-\">\n\t\t\t\t\t\t\t\t<div class=\"elementor-field-type-email elementor-field-group elementor-column elementor-field-group-email elementor-col-75 elementor-field-required\">\n\t\t\t\t\t\t\t\t\t\t\t\t<label for=\"form-field-email\" class=\"elementor-field-label elementor-screen-only\">\n\t\t\t\t\t\t\t\tEmail\t\t\t\t\t\t\t<\/label>\n\t\t\t\t\t\t\t\t\t\t\t\t\t\t<input size=\"1\" type=\"email\" name=\"form_fields[email]\" id=\"form-field-email\" class=\"elementor-field elementor-size-xs  elementor-field-textual\" required=\"required\" aria-required=\"true\">\n\t\t\t\t\t\t\t\t\t\t\t<\/div>\n\t\t\t\t\t\t\t\t<div class=\"elementor-field-group elementor-column elementor-field-type-submit elementor-col-20 e-form__buttons\">\n\t\t\t\t\t<button class=\"elementor-button elementor-size-xs\" type=\"submit\">\n\t\t\t\t\t\t<span class=\"elementor-button-content-wrapper\">\n\t\t\t\t\t\t\t\t\t\t\t\t\t\t\t<span class=\"elementor-button-icon\">\n\t\t\t\t\t\t\t\t\t<i aria-hidden=\"true\" class=\"fas fa-location-arrow\"><\/i>\t\t\t\t\t\t\t\t\t\t\t\t\t\t\t\t\t<\/span>\n\t\t\t\t\t\t\t\t\t\t\t\t\t\t\t\t\t\t\t\t\t\t<span class=\"elementor-button-text\">Submit<\/span>\n\t\t\t\t\t\t\t\t\t\t\t\t\t<\/span>\n\t\t\t\t\t<\/button>\n\t\t\t\t<\/div>\n\t\t\t<\/div>\n\t\t<\/form>\n\t\t\t\t\t\t<\/div>\n\t\t\t\t<\/div>\n\t\t\t\t\t<\/div>\n\t\t<\/div>\n\t\t\t\t\t<\/div>\n\t\t<\/section>\n\t\t\t\t<\/div>\n\t\t","protected":false},"excerpt":{"rendered":"<p>Qu\u00e9 Hacemos DONAR Nuestras acciones para transformar los Sistemas de Atenci\u00f3n Una parte del plan de trabajo de OAfrica en el \u00e1mbito de la reforma de los servicios de atenci\u00f3n en Ghana, en estrecha colaboraci\u00f3n con DSW, UNICEF y otras organizaciones, consiste en los siguientes proyectos, entre muchos otros: Proyectos de comunicaci\u00f3n: Creaci\u00f3n de un [&hellip;]<\/p>\n","protected":false},"author":1,"featured_media":0,"parent":0,"menu_order":0,"comment_status":"closed","ping_status":"closed","template":"elementor_header_footer","meta":{"_mo_disable_npp":"","footnotes":""},"_links":{"self":[{"href":"https:\/\/www.oafrica.org\/home\/wp-json\/wp\/v2\/pages\/2391"}],"collection":[{"href":"https:\/\/www.oafrica.org\/home\/wp-json\/wp\/v2\/pages"}],"about":[{"href":"https:\/\/www.oafrica.org\/home\/wp-json\/wp\/v2\/types\/page"}],"author":[{"embeddable":true,"href":"https:\/\/www.oafrica.org\/home\/wp-json\/wp\/v2\/users\/1"}],"replies":[{"embeddable":true,"href":"https:\/\/www.oafrica.org\/home\/wp-json\/wp\/v2\/comments?post=2391"}],"version-history":[{"count":19,"href":"https:\/\/www.oafrica.org\/home\/wp-json\/wp\/v2\/pages\/2391\/revisions"}],"predecessor-version":[{"id":2570,"href":"https:\/\/www.oafrica.org\/home\/wp-json\/wp\/v2\/pages\/2391\/revisions\/2570"}],"wp:attachment":[{"href":"https:\/\/www.oafrica.org\/home\/wp-json\/wp\/v2\/media?parent=2391"}],"curies":[{"name":"wp","href":"https:\/\/api.w.org\/{rel}","templated":true}]}}