{"id":2408,"date":"2024-02-25T18:35:20","date_gmt":"2024-02-25T18:35:20","guid":{"rendered":"https:\/\/www.oafrica.org\/home\/?page_id=2408"},"modified":"2023-06-18T13:38:54","modified_gmt":"2023-06-18T12:38:54","slug":"como-puedes-ayudar","status":"publish","type":"page","link":"https:\/\/www.oafrica.org\/home\/es\/como-puedes-ayudar\/","title":{"rendered":"C\u00f3mo puedes ayudar"},"content":{"rendered":"\t\t<div data-elementor-type=\"wp-page\" data-elementor-id=\"2408\" class=\"elementor elementor-2408\" data-elementor-post-type=\"page\">\n\t\t\t\t\t\t<section class=\"elementor-section elementor-top-section elementor-element elementor-element-11b8f242 elementor-section-height-min-height elementor-section-full_width elementor-section-content-middle elementor-section-height-default elementor-section-items-middle\" data-id=\"11b8f242\" data-element_type=\"section\" data-settings=\"{&quot;background_background&quot;:&quot;classic&quot;}\">\n\t\t\t\t\t\t\t<div class=\"elementor-background-overlay\"><\/div>\n\t\t\t\t\t\t\t<div class=\"elementor-container elementor-column-gap-no\">\n\t\t\t\t\t<div class=\"elementor-column elementor-col-100 elementor-top-column elementor-element elementor-element-ecb6ec5\" data-id=\"ecb6ec5\" data-element_type=\"column\">\n\t\t\t<div class=\"elementor-widget-wrap elementor-element-populated\">\n\t\t\t\t\t\t<section class=\"elementor-section elementor-inner-section elementor-element elementor-element-47b34176 elementor-section-full_width elementor-section-height-default elementor-section-height-default\" data-id=\"47b34176\" data-element_type=\"section\">\n\t\t\t\t\t\t<div class=\"elementor-container elementor-column-gap-default\">\n\t\t\t\t\t<div class=\"elementor-column elementor-col-100 elementor-inner-column elementor-element elementor-element-7619991c\" data-id=\"7619991c\" data-element_type=\"column\">\n\t\t\t<div class=\"elementor-widget-wrap elementor-element-populated\">\n\t\t\t\t\t\t<div class=\"elementor-element elementor-element-3ac3350 elementor-widget elementor-widget-heading\" data-id=\"3ac3350\" data-element_type=\"widget\" data-widget_type=\"heading.default\">\n\t\t\t\t<div class=\"elementor-widget-container\">\n\t\t\t\t\t<h2 class=\"elementor-heading-title elementor-size-default\">C\u00f3mo puedes ayudar<\/h2>\t\t\t\t<\/div>\n\t\t\t\t<\/div>\n\t\t\t\t<div class=\"elementor-element elementor-element-0c55436 elementor-align-right donate-btn elementor-widget__width-auto elementor-widget-tablet__width-auto elementor-widget-mobile__width-auto elementor-fixed elementor-widget elementor-widget-global elementor-global-2497 elementor-widget-button\" data-id=\"0c55436\" data-element_type=\"widget\" data-settings=\"{&quot;sticky&quot;:&quot;top&quot;,&quot;sticky_parent&quot;:&quot;yes&quot;,&quot;_position&quot;:&quot;fixed&quot;,&quot;sticky_on&quot;:[&quot;desktop&quot;,&quot;tablet&quot;,&quot;mobile&quot;],&quot;sticky_offset&quot;:0,&quot;sticky_effects_offset&quot;:0}\" data-widget_type=\"button.default\">\n\t\t\t\t<div class=\"elementor-widget-container\">\n\t\t\t\t\t\t\t\t\t<div class=\"elementor-button-wrapper\">\n\t\t\t\t\t<a class=\"elementor-button elementor-button-link elementor-size-lg elementor-animation-bob\" href=\"https:\/\/www.oafrica.org\/home\/es\/donar\/\">\n\t\t\t\t\t\t<span class=\"elementor-button-content-wrapper\">\n\t\t\t\t\t\t\t\t\t<span class=\"elementor-button-text\">DONAR<\/span>\n\t\t\t\t\t<\/span>\n\t\t\t\t\t<\/a>\n\t\t\t\t<\/div>\n\t\t\t\t\t\t\t\t<\/div>\n\t\t\t\t<\/div>\n\t\t\t\t\t<\/div>\n\t\t<\/div>\n\t\t\t\t\t<\/div>\n\t\t<\/section>\n\t\t\t\t\t<\/div>\n\t\t<\/div>\n\t\t\t\t\t<\/div>\n\t\t<\/section>\n\t\t\t\t<section class=\"elementor-section elementor-top-section elementor-element elementor-element-6477feae elementor-section-boxed elementor-section-height-default elementor-section-height-default\" data-id=\"6477feae\" data-element_type=\"section\" data-settings=\"{&quot;background_background&quot;:&quot;classic&quot;}\">\n\t\t\t\t\t\t<div class=\"elementor-container elementor-column-gap-default\">\n\t\t\t\t\t<div class=\"elementor-column elementor-col-100 elementor-top-column elementor-element elementor-element-651f4212\" data-id=\"651f4212\" data-element_type=\"column\" data-settings=\"{&quot;background_background&quot;:&quot;classic&quot;}\">\n\t\t\t<div class=\"elementor-widget-wrap elementor-element-populated\">\n\t\t\t\t\t\t<section class=\"elementor-section elementor-inner-section elementor-element elementor-element-2cde8d87 elementor-section-full_width elementor-section-height-default elementor-section-height-default\" data-id=\"2cde8d87\" data-element_type=\"section\">\n\t\t\t\t\t\t<div class=\"elementor-container elementor-column-gap-default\">\n\t\t\t\t\t<div class=\"elementor-column elementor-col-100 elementor-inner-column elementor-element elementor-element-52bccd85\" data-id=\"52bccd85\" data-element_type=\"column\">\n\t\t\t<div class=\"elementor-widget-wrap elementor-element-populated\">\n\t\t\t\t\t\t<div class=\"elementor-element elementor-element-4e2f0223 elementor-widget elementor-widget-heading\" data-id=\"4e2f0223\" data-element_type=\"widget\" data-widget_type=\"heading.default\">\n\t\t\t\t<div class=\"elementor-widget-container\">\n\t\t\t\t\t<h2 class=\"elementor-heading-title elementor-size-default\">C\u00f3mo puedes ayudar<\/h2>\t\t\t\t<\/div>\n\t\t\t\t<\/div>\n\t\t\t\t\t<\/div>\n\t\t<\/div>\n\t\t\t\t\t<\/div>\n\t\t<\/section>\n\t\t\t\t\t<\/div>\n\t\t<\/div>\n\t\t\t\t\t<\/div>\n\t\t<\/section>\n\t\t\t\t<section class=\"elementor-section elementor-top-section elementor-element elementor-element-2cc4a980 elementor-section-content-middle elementor-section-boxed elementor-section-height-default elementor-section-height-default\" data-id=\"2cc4a980\" data-element_type=\"section\">\n\t\t\t\t\t\t<div class=\"elementor-container elementor-column-gap-no\">\n\t\t\t\t\t<div class=\"elementor-column elementor-col-100 elementor-top-column elementor-element elementor-element-1eaf44ae\" data-id=\"1eaf44ae\" data-element_type=\"column\">\n\t\t\t<div class=\"elementor-widget-wrap elementor-element-populated\">\n\t\t\t\t\t\t<section class=\"elementor-section elementor-inner-section elementor-element elementor-element-456d42b elementor-section-content-middle elementor-section-boxed elementor-section-height-default elementor-section-height-default\" data-id=\"456d42b\" data-element_type=\"section\">\n\t\t\t\t\t\t<div class=\"elementor-container elementor-column-gap-no\">\n\t\t\t\t\t<div class=\"elementor-column elementor-col-100 elementor-inner-column elementor-element elementor-element-af7c82a\" data-id=\"af7c82a\" data-element_type=\"column\">\n\t\t\t<div class=\"elementor-widget-wrap elementor-element-populated\">\n\t\t\t\t\t\t<div class=\"elementor-element elementor-element-002b867 elementor-widget elementor-widget-heading\" data-id=\"002b867\" data-element_type=\"widget\" data-widget_type=\"heading.default\">\n\t\t\t\t<div class=\"elementor-widget-container\">\n\t\t\t\t\t<h4 class=\"elementor-heading-title elementor-size-default\">\u00bfPodemos recaudar dinero para OAfrica?\n<\/h4>\t\t\t\t<\/div>\n\t\t\t\t<\/div>\n\t\t\t\t<div class=\"elementor-element elementor-element-bddece2 elementor-widget-divider--view-line elementor-widget elementor-widget-divider\" data-id=\"bddece2\" data-element_type=\"widget\" data-widget_type=\"divider.default\">\n\t\t\t\t<div class=\"elementor-widget-container\">\n\t\t\t\t\t\t\t<div class=\"elementor-divider\">\n\t\t\t<span class=\"elementor-divider-separator\">\n\t\t\t\t\t\t<\/span>\n\t\t<\/div>\n\t\t\t\t\t\t<\/div>\n\t\t\t\t<\/div>\n\t\t\t\t<div class=\"elementor-element elementor-element-3dc870a elementor-widget elementor-widget-text-editor\" data-id=\"3dc870a\" data-element_type=\"widget\" data-widget_type=\"text-editor.default\">\n\t\t\t\t<div class=\"elementor-widget-container\">\n\t\t\t\t\t\t\t\t\t<p><strong>Damos la bienvenida a los recaudadores de fondos voluntarios que proponen una idea (normalmente un evento) para ayudar a recaudar fondos para OAfrica&#8230; \u00a1Env\u00edanos tu idea y responde a las preguntas de abajo!<br \/><\/strong>\u00a0Debe estar en consonancia con nuestra ideolog\u00eda, y no contradecir nuestra misi\u00f3n, ni empa\u00f1ar nuestra imagen de ninguna manera &#8211; No permitimos la recaudaci\u00f3n de fondos en la calle, tampoco los relacionados con el alcohol o el tabaco o la recaudaci\u00f3n de fondos personalizada para ni\u00f1os.<\/p><ul><li style=\"list-style-type: none;\"><ul><li>\u00bfQu\u00e9 otras entidades u organizaciones participar\u00e1n en la iniciativa?<\/li><li>\u00bfQu\u00e9 tipo de publicidad recibir\u00e1 OAfrica?<\/li><li>\u00bfQu\u00e9 grado de participaci\u00f3n de OAfrica (tiempo y euros) se necesitar\u00e1 para la actividad?<\/li><li>\u00bfSe espera que los empleados o representantes de OAfrica asistan al evento<\/li><li>\u00bfNecesitamos suministrar materiales (pancartas, folletos, panfletos, etc.)?<\/li><li>\u00bfCu\u00e1nta ayuda necesitar\u00e1 para organizar o recaudar estos fondos?<\/li><li>Una iniciativa de recaudaci\u00f3n de fondos\/evento dirigida por voluntarios debe seguir siendo dirigida por voluntarios.<\/li><li>\u00bfA cu\u00e1nto ascienden los posibles ingresos? \u00bfCu\u00e1nto cuesta la entrada al evento? Si es una venta, \u00bfqu\u00e9 porcentaje de las ventas se destina a OAfrica?<\/li><\/ul><\/li><\/ul>\t\t\t\t\t\t\t\t<\/div>\n\t\t\t\t<\/div>\n\t\t\t\t\t<\/div>\n\t\t<\/div>\n\t\t\t\t\t<\/div>\n\t\t<\/section>\n\t\t\t\t<section class=\"elementor-section elementor-inner-section elementor-element elementor-element-71a47cf elementor-section-content-middle elementor-section-boxed elementor-section-height-default elementor-section-height-default\" data-id=\"71a47cf\" data-element_type=\"section\">\n\t\t\t\t\t\t<div class=\"elementor-container elementor-column-gap-no\">\n\t\t\t\t\t<div class=\"elementor-column elementor-col-100 elementor-inner-column elementor-element elementor-element-0f898f7\" data-id=\"0f898f7\" data-element_type=\"column\">\n\t\t\t<div class=\"elementor-widget-wrap elementor-element-populated\">\n\t\t\t\t\t\t<div class=\"elementor-element elementor-element-4380d5d elementor-widget elementor-widget-heading\" data-id=\"4380d5d\" data-element_type=\"widget\" data-widget_type=\"heading.default\">\n\t\t\t\t<div class=\"elementor-widget-container\">\n\t\t\t\t\t<h4 class=\"elementor-heading-title elementor-size-default\">\u00bfPodemos donar libros, juguetes, etc.?\n<\/h4>\t\t\t\t<\/div>\n\t\t\t\t<\/div>\n\t\t\t\t<div class=\"elementor-element elementor-element-a2b709d elementor-widget-divider--view-line elementor-widget elementor-widget-divider\" data-id=\"a2b709d\" data-element_type=\"widget\" data-widget_type=\"divider.default\">\n\t\t\t\t<div class=\"elementor-widget-container\">\n\t\t\t\t\t\t\t<div class=\"elementor-divider\">\n\t\t\t<span class=\"elementor-divider-separator\">\n\t\t\t\t\t\t<\/span>\n\t\t<\/div>\n\t\t\t\t\t\t<\/div>\n\t\t\t\t<\/div>\n\t\t\t\t<div class=\"elementor-element elementor-element-1cc6b7f elementor-widget elementor-widget-text-editor\" data-id=\"1cc6b7f\" data-element_type=\"widget\" data-widget_type=\"text-editor.default\">\n\t\t\t\t<div class=\"elementor-widget-container\">\n\t\t\t\t\t\t\t\t\t<p><strong>Es necesario responder a las siguientes preguntas para que la donaci\u00f3n no constituya un vertido.<\/strong><\/p><ul><li style=\"list-style-type: none;\"><ul><li>\u00bfCu\u00e1les son los art\u00edculos que desea donar?<\/li><li>\u00bfSe pueden comprar estos art\u00edculos en Ghana? La pol\u00edtica de OAfrica es contribuir a la econom\u00eda local siempre que sea posible. En muchos casos, los fondos utilizados para el env\u00edo de los art\u00edculos permitir\u00edan comprarlos en un mercado local. Te sugerimos que dones los art\u00edculos a una organizaci\u00f3n local de tu pa\u00eds y que dones el dinero del env\u00edo a OAfrica, para que podamos comprarlos en Ghana.<\/li><li>\u00bfQu\u00e9 utilidad tienen estos art\u00edculos en nuestro trabajo?<\/li><li>\u00bfC\u00f3mo se enviar\u00e1n estos art\u00edculos a Ghana? No podemos pagar el env\u00edo nosotros mismos, pero podemos seguir discutiendo si usted est\u00e1 dispuesto a cubrir este costo.<\/li><li>OAfrica no puede justificar el uso del dinero de otro donante para enviar las donaciones de usted a Ghana.<\/li><\/ul><\/li><\/ul>\t\t\t\t\t\t\t\t<\/div>\n\t\t\t\t<\/div>\n\t\t\t\t\t<\/div>\n\t\t<\/div>\n\t\t\t\t\t<\/div>\n\t\t<\/section>\n\t\t\t\t<section class=\"elementor-section elementor-inner-section elementor-element elementor-element-fbe2b6c elementor-section-content-middle elementor-section-boxed elementor-section-height-default elementor-section-height-default\" data-id=\"fbe2b6c\" data-element_type=\"section\">\n\t\t\t\t\t\t<div class=\"elementor-container elementor-column-gap-no\">\n\t\t\t\t\t<div class=\"elementor-column elementor-col-100 elementor-inner-column elementor-element elementor-element-deffaa0\" data-id=\"deffaa0\" data-element_type=\"column\">\n\t\t\t<div class=\"elementor-widget-wrap elementor-element-populated\">\n\t\t\t\t\t\t<div class=\"elementor-element elementor-element-e5d4384 elementor-widget elementor-widget-heading\" data-id=\"e5d4384\" data-element_type=\"widget\" data-widget_type=\"heading.default\">\n\t\t\t\t<div class=\"elementor-widget-container\">\n\t\t\t\t\t<h4 class=\"elementor-heading-title elementor-size-default\">\u00bfPodemos donar para un proyecto espec\u00edfico en Ghana?\n<\/h4>\t\t\t\t<\/div>\n\t\t\t\t<\/div>\n\t\t\t\t<div class=\"elementor-element elementor-element-f772f39 elementor-widget-divider--view-line elementor-widget elementor-widget-divider\" data-id=\"f772f39\" data-element_type=\"widget\" data-widget_type=\"divider.default\">\n\t\t\t\t<div class=\"elementor-widget-container\">\n\t\t\t\t\t\t\t<div class=\"elementor-divider\">\n\t\t\t<span class=\"elementor-divider-separator\">\n\t\t\t\t\t\t<\/span>\n\t\t<\/div>\n\t\t\t\t\t\t<\/div>\n\t\t\t\t<\/div>\n\t\t\t\t<div class=\"elementor-element elementor-element-5576628 elementor-widget elementor-widget-text-editor\" data-id=\"5576628\" data-element_type=\"widget\" data-widget_type=\"text-editor.default\">\n\t\t\t\t<div class=\"elementor-widget-container\">\n\t\t\t\t\t\t\t\t\t<strong>S\u00ed, una empresa o un particular puede hacer una donaci\u00f3n para un proyecto espec\u00edfico.\n<\/strong>\n<ul>\n \t<li>Estas iniciativas suelen ser a gran escala, con importes superiores a 2.000 euros.\n<\/li>\n \t<li>De lo contrario, un buen proyecto personalizado a peque\u00f1a escala ser\u00eda la financiaci\u00f3n de un proyecto del Programa de J\u00f3venes Adultos (YASS) (entre 100 y\n1.000 euros).\n<\/li>\n \t<li>Para m\u00e1s informaci\u00f3n, p\u00f3ngase en contacto con africa@oafrica.org\n<\/a><\/li>\n<\/ul>\t\t\t\t\t\t\t\t<\/div>\n\t\t\t\t<\/div>\n\t\t\t\t\t<\/div>\n\t\t<\/div>\n\t\t\t\t\t<\/div>\n\t\t<\/section>\n\t\t\t\t<section class=\"elementor-section elementor-inner-section elementor-element elementor-element-4ceca78 elementor-section-content-middle elementor-section-boxed elementor-section-height-default elementor-section-height-default\" data-id=\"4ceca78\" data-element_type=\"section\">\n\t\t\t\t\t\t<div class=\"elementor-container elementor-column-gap-no\">\n\t\t\t\t\t<div class=\"elementor-column elementor-col-100 elementor-inner-column elementor-element elementor-element-2cf6ed1\" data-id=\"2cf6ed1\" data-element_type=\"column\">\n\t\t\t<div class=\"elementor-widget-wrap elementor-element-populated\">\n\t\t\t\t\t\t<div class=\"elementor-element elementor-element-d19b796 elementor-widget elementor-widget-heading\" data-id=\"d19b796\" data-element_type=\"widget\" data-widget_type=\"heading.default\">\n\t\t\t\t<div class=\"elementor-widget-container\">\n\t\t\t\t\t<h4 class=\"elementor-heading-title elementor-size-default\">\u00bfQu\u00e9 hacemos con las peque\u00f1as donaciones que recibimos?\n<\/h4>\t\t\t\t<\/div>\n\t\t\t\t<\/div>\n\t\t\t\t<div class=\"elementor-element elementor-element-d1cd1a5 elementor-widget-divider--view-line elementor-widget elementor-widget-divider\" data-id=\"d1cd1a5\" data-element_type=\"widget\" data-widget_type=\"divider.default\">\n\t\t\t\t<div class=\"elementor-widget-container\">\n\t\t\t\t\t\t\t<div class=\"elementor-divider\">\n\t\t\t<span class=\"elementor-divider-separator\">\n\t\t\t\t\t\t<\/span>\n\t\t<\/div>\n\t\t\t\t\t\t<\/div>\n\t\t\t\t<\/div>\n\t\t\t\t<div class=\"elementor-element elementor-element-3e63fa7 elementor-widget elementor-widget-text-editor\" data-id=\"3e63fa7\" data-element_type=\"widget\" data-widget_type=\"text-editor.default\">\n\t\t\t\t<div class=\"elementor-widget-container\">\n\t\t\t\t\t\t\t\t\t<strong>Las donaciones m\u00e1s peque\u00f1as (entre 15 y 1.000 euros) se utilizan para ayudarnos a dirigir OAfrica, pagar a nuestros trabajadores sociales, pagar los gastos m\u00e9dicos, etc.\n<\/strong>\n\n<strong>Estos son algunos ejemplos de lo que representan los importes de las donaciones en Ghana:\n<\/strong>\n\n<strong>Con 15\u20ac puedes&#8230;\n<\/strong>\n<ul>\n \t<li>Ayudar a una madre soltera a alimentar a su hijo.<\/li>\n<\/ul>\n<strong>Con 45\u20ac puedes&#8230;\n<\/strong>\n<ul>\n \t<li>Apoyar a un joven adulto a ponerse en pie y comenzar su propio negocio pagando un mes de asistencia para la vida independiente.\n<\/li>\n<\/ul>\n<strong>Con 100\u20ac puedes&#8230;<\/strong>\n<ul>\n \t<li>Tratar 300 casos de malaria, una de las enfermedades m\u00e1s devastadoras que matan a 3.000 ni\u00f1os diariamente en \u00c1frica.\n<\/li>\n \t<li>Empezar a formar a una madre de acogida que luego se har\u00e1 cargo de cinco ni\u00f1os en un hogar de acogida.\n<\/li>\n<\/ul>\n<strong>Con 250\u20ac puedes&#8230;\n<\/strong>\n<ul>\n \t<li>Comprar comida suficiente para alimentar a todos los ni\u00f1os de un hogar de acogida durante un mes.\n<\/li>\n<\/ul>\n<strong>Con 600\u20ac puedes&#8230;\n<\/strong>\n<ul>\n \t<li>Financiar el transporte de los ni\u00f1os al colegio, al hospital y de las madres al mercado durante un mes.\n<\/li>\n<\/ul>\n<strong>Con 700\u20ac puedes&#8230;\n<\/strong>\n<ul>\n \t<li>Pagar un trimestre en la universidad para un joven adulto\n<\/li>\n<\/ul>\t\t\t\t\t\t\t\t<\/div>\n\t\t\t\t<\/div>\n\t\t\t\t\t<\/div>\n\t\t<\/div>\n\t\t\t\t\t<\/div>\n\t\t<\/section>\n\t\t\t\t<section class=\"elementor-section elementor-inner-section elementor-element elementor-element-3a23b09 elementor-section-content-middle elementor-section-boxed elementor-section-height-default elementor-section-height-default\" data-id=\"3a23b09\" data-element_type=\"section\">\n\t\t\t\t\t\t<div class=\"elementor-container elementor-column-gap-no\">\n\t\t\t\t\t<div class=\"elementor-column elementor-col-100 elementor-inner-column elementor-element elementor-element-b9f5164\" data-id=\"b9f5164\" data-element_type=\"column\">\n\t\t\t<div class=\"elementor-widget-wrap elementor-element-populated\">\n\t\t\t\t\t\t<div class=\"elementor-element elementor-element-3b356e5 elementor-widget elementor-widget-heading\" data-id=\"3b356e5\" data-element_type=\"widget\" data-widget_type=\"heading.default\">\n\t\t\t\t<div class=\"elementor-widget-container\">\n\t\t\t\t\t<h4 class=\"elementor-heading-title elementor-size-default\">\u00bfC\u00f3mo podemos ayudar a OAfrica adem\u00e1s de donar?\n<\/h4>\t\t\t\t<\/div>\n\t\t\t\t<\/div>\n\t\t\t\t<div class=\"elementor-element elementor-element-8cf1921 elementor-widget-divider--view-line elementor-widget elementor-widget-divider\" data-id=\"8cf1921\" data-element_type=\"widget\" data-widget_type=\"divider.default\">\n\t\t\t\t<div class=\"elementor-widget-container\">\n\t\t\t\t\t\t\t<div class=\"elementor-divider\">\n\t\t\t<span class=\"elementor-divider-separator\">\n\t\t\t\t\t\t<\/span>\n\t\t<\/div>\n\t\t\t\t\t\t<\/div>\n\t\t\t\t<\/div>\n\t\t\t\t<div class=\"elementor-element elementor-element-57d689c elementor-widget elementor-widget-text-editor\" data-id=\"57d689c\" data-element_type=\"widget\" data-widget_type=\"text-editor.default\">\n\t\t\t\t<div class=\"elementor-widget-container\">\n\t\t\t\t\t\t\t\t\t<ul><li style=\"list-style-type: none;\"><ul><li>Con traducciones.<\/li><li>Hacer unas pr\u00e1cticas en una de nuestras oficinas de recaudaci\u00f3n de fondos.<\/li><li>Ofrecer tus habilidades (dise\u00f1o gr\u00e1fico, dise\u00f1o web, organizaci\u00f3n de eventos, asesor\u00eda legal, administraci\u00f3n, investigaci\u00f3n y contabilidad).<br \/>Facilita a OAfrica los contactos importantes que tengas de personas que puedan querer patrocinar un proyecto.<\/li><li>Corre la voz sobre OAfrica entre tus amigos y familiares.<\/li><li>Ayude a conseguir m\u00e1s donantes mensuales para OAfrica.<\/li><\/ul><\/li><\/ul>\t\t\t\t\t\t\t\t<\/div>\n\t\t\t\t<\/div>\n\t\t\t\t<div class=\"elementor-element elementor-element-ef17e19 elementor-widget__width-auto elementor-fixed elementor-view-default elementor-widget elementor-widget-icon\" data-id=\"ef17e19\" data-element_type=\"widget\" data-settings=\"{&quot;motion_fx_motion_fx_scrolling&quot;:&quot;yes&quot;,&quot;motion_fx_opacity_effect&quot;:&quot;yes&quot;,&quot;motion_fx_range&quot;:&quot;viewport&quot;,&quot;_position&quot;:&quot;fixed&quot;,&quot;motion_fx_opacity_direction&quot;:&quot;out-in&quot;,&quot;motion_fx_opacity_level&quot;:{&quot;unit&quot;:&quot;px&quot;,&quot;size&quot;:10,&quot;sizes&quot;:[]},&quot;motion_fx_opacity_range&quot;:{&quot;unit&quot;:&quot;%&quot;,&quot;size&quot;:&quot;&quot;,&quot;sizes&quot;:{&quot;start&quot;:20,&quot;end&quot;:80}},&quot;motion_fx_devices&quot;:[&quot;desktop&quot;,&quot;tablet&quot;,&quot;mobile&quot;]}\" data-widget_type=\"icon.default\">\n\t\t\t\t<div class=\"elementor-widget-container\">\n\t\t\t\t\t\t\t<div class=\"elementor-icon-wrapper\">\n\t\t\t<a class=\"elementor-icon\" href=\"#helptop\">\n\t\t\t<i aria-hidden=\"true\" class=\"fas fa-arrow-circle-up\"><\/i>\t\t\t<\/a>\n\t\t<\/div>\n\t\t\t\t\t\t<\/div>\n\t\t\t\t<\/div>\n\t\t\t\t\t<\/div>\n\t\t<\/div>\n\t\t\t\t\t<\/div>\n\t\t<\/section>\n\t\t\t\t\t<\/div>\n\t\t<\/div>\n\t\t\t\t\t<\/div>\n\t\t<\/section>\n\t\t\t\t<section class=\"elementor-section elementor-top-section elementor-element elementor-element-10a4358e elementor-section-boxed elementor-section-height-default elementor-section-height-default\" data-id=\"10a4358e\" data-element_type=\"section\" data-settings=\"{&quot;background_background&quot;:&quot;classic&quot;}\">\n\t\t\t\t\t\t\t<div class=\"elementor-background-overlay\"><\/div>\n\t\t\t\t\t\t\t<div class=\"elementor-container elementor-column-gap-default\">\n\t\t\t\t\t<div class=\"elementor-column elementor-col-100 elementor-top-column elementor-element elementor-element-757415f\" data-id=\"757415f\" data-element_type=\"column\">\n\t\t\t<div class=\"elementor-widget-wrap elementor-element-populated\">\n\t\t\t\t\t\t<div class=\"elementor-element elementor-element-2b9c3b28 elementor-widget elementor-widget-heading\" data-id=\"2b9c3b28\" data-element_type=\"widget\" data-widget_type=\"heading.default\">\n\t\t\t\t<div class=\"elementor-widget-container\">\n\t\t\t\t\t<h4 class=\"elementor-heading-title elementor-size-default\">\u00danete a nuestra familia<\/h4>\t\t\t\t<\/div>\n\t\t\t\t<\/div>\n\t\t\t\t<div class=\"elementor-element elementor-element-234d3bbe elementor-button-align-end elementor-widget elementor-widget-form\" data-id=\"234d3bbe\" data-element_type=\"widget\" data-settings=\"{&quot;button_width&quot;:&quot;20&quot;,&quot;step_next_label&quot;:&quot;Next&quot;,&quot;step_previous_label&quot;:&quot;Previous&quot;,&quot;step_type&quot;:&quot;none&quot;,&quot;step_icon_shape&quot;:&quot;circle&quot;}\" data-widget_type=\"form.default\">\n\t\t\t\t<div class=\"elementor-widget-container\">\n\t\t\t\t\t\t\t<form class=\"elementor-form\" method=\"post\" name=\"subscribe\">\n\t\t\t<input type=\"hidden\" name=\"post_id\" value=\"2408\"\/>\n\t\t\t<input type=\"hidden\" name=\"form_id\" value=\"234d3bbe\"\/>\n\t\t\t<input type=\"hidden\" name=\"referer_title\" value=\"\" \/>\n\n\t\t\t\n\t\t\t<div class=\"elementor-form-fields-wrapper elementor-labels-\">\n\t\t\t\t\t\t\t\t<div class=\"elementor-field-type-email elementor-field-group elementor-column elementor-field-group-email elementor-col-75 elementor-field-required\">\n\t\t\t\t\t\t\t\t\t\t\t\t<label for=\"form-field-email\" class=\"elementor-field-label elementor-screen-only\">\n\t\t\t\t\t\t\t\tEmail\t\t\t\t\t\t\t<\/label>\n\t\t\t\t\t\t\t\t\t\t\t\t\t\t<input size=\"1\" type=\"email\" name=\"form_fields[email]\" id=\"form-field-email\" class=\"elementor-field elementor-size-xs  elementor-field-textual\" required=\"required\" aria-required=\"true\">\n\t\t\t\t\t\t\t\t\t\t\t<\/div>\n\t\t\t\t\t\t\t\t<div class=\"elementor-field-group elementor-column elementor-field-type-submit elementor-col-20 e-form__buttons\">\n\t\t\t\t\t<button class=\"elementor-button elementor-size-xs\" type=\"submit\">\n\t\t\t\t\t\t<span class=\"elementor-button-content-wrapper\">\n\t\t\t\t\t\t\t\t\t\t\t\t\t\t\t<span class=\"elementor-button-icon\">\n\t\t\t\t\t\t\t\t\t<i aria-hidden=\"true\" class=\"fas fa-location-arrow\"><\/i>\t\t\t\t\t\t\t\t\t\t\t\t\t\t\t\t\t<\/span>\n\t\t\t\t\t\t\t\t\t\t\t\t\t\t\t\t\t\t\t\t\t\t<span class=\"elementor-button-text\">Submit<\/span>\n\t\t\t\t\t\t\t\t\t\t\t\t\t<\/span>\n\t\t\t\t\t<\/button>\n\t\t\t\t<\/div>\n\t\t\t<\/div>\n\t\t<\/form>\n\t\t\t\t\t\t<\/div>\n\t\t\t\t<\/div>\n\t\t\t\t\t<\/div>\n\t\t<\/div>\n\t\t\t\t\t<\/div>\n\t\t<\/section>\n\t\t\t\t<\/div>\n\t\t","protected":false},"excerpt":{"rendered":"<p>C\u00f3mo puedes ayudar DONAR C\u00f3mo puedes ayudar \u00bfPodemos recaudar dinero para OAfrica? Damos la bienvenida a los recaudadores de fondos voluntarios que proponen una idea (normalmente un evento) para ayudar a recaudar fondos para OAfrica&#8230; \u00a1Env\u00edanos tu idea y responde a las preguntas de abajo!\u00a0Debe estar en consonancia con nuestra ideolog\u00eda, y no contradecir nuestra [&hellip;]<\/p>\n","protected":false},"author":1,"featured_media":0,"parent":0,"menu_order":0,"comment_status":"closed","ping_status":"closed","template":"elementor_header_footer","meta":{"_mo_disable_npp":"","footnotes":""},"_links":{"self":[{"href":"https:\/\/www.oafrica.org\/home\/wp-json\/wp\/v2\/pages\/2408"}],"collection":[{"href":"https:\/\/www.oafrica.org\/home\/wp-json\/wp\/v2\/pages"}],"about":[{"href":"https:\/\/www.oafrica.org\/home\/wp-json\/wp\/v2\/types\/page"}],"author":[{"embeddable":true,"href":"https:\/\/www.oafrica.org\/home\/wp-json\/wp\/v2\/users\/1"}],"replies":[{"embeddable":true,"href":"https:\/\/www.oafrica.org\/home\/wp-json\/wp\/v2\/comments?post=2408"}],"version-history":[{"count":28,"href":"https:\/\/www.oafrica.org\/home\/wp-json\/wp\/v2\/pages\/2408\/revisions"}],"predecessor-version":[{"id":3256,"href":"https:\/\/www.oafrica.org\/home\/wp-json\/wp\/v2\/pages\/2408\/revisions\/3256"}],"wp:attachment":[{"href":"https:\/\/www.oafrica.org\/home\/wp-json\/wp\/v2\/media?parent=2408"}],"curies":[{"name":"wp","href":"https:\/\/api.w.org\/{rel}","templated":true}]}}