{"id":2729,"date":"2024-02-28T19:51:48","date_gmt":"2024-02-28T19:51:48","guid":{"rendered":"https:\/\/www.oafrica.org\/home\/?page_id=2729"},"modified":"2022-04-14T07:54:17","modified_gmt":"2022-04-14T06:54:17","slug":"qui-sommes-nous-notre-histoire","status":"publish","type":"page","link":"https:\/\/www.oafrica.org\/home\/fr\/qui-sommes-nous-notre-histoire\/","title":{"rendered":"Qui sommes-nous-Notre histoire"},"content":{"rendered":"\t\t<div data-elementor-type=\"wp-page\" data-elementor-id=\"2729\" class=\"elementor elementor-2729\" data-elementor-post-type=\"page\">\n\t\t\t\t\t\t<section class=\"elementor-section elementor-top-section elementor-element elementor-element-51c6bc08 elementor-section-height-min-height elementor-section-full_width elementor-section-content-middle elementor-section-height-default elementor-section-items-middle\" data-id=\"51c6bc08\" data-element_type=\"section\" data-settings=\"{&quot;background_background&quot;:&quot;classic&quot;}\">\n\t\t\t\t\t\t\t<div class=\"elementor-background-overlay\"><\/div>\n\t\t\t\t\t\t\t<div class=\"elementor-container elementor-column-gap-no\">\n\t\t\t\t\t<div class=\"elementor-column elementor-col-100 elementor-top-column elementor-element elementor-element-2c105c7c\" data-id=\"2c105c7c\" data-element_type=\"column\">\n\t\t\t<div class=\"elementor-widget-wrap elementor-element-populated\">\n\t\t\t\t\t\t<section class=\"elementor-section elementor-inner-section elementor-element elementor-element-245d0b24 elementor-section-full_width elementor-section-height-default elementor-section-height-default\" data-id=\"245d0b24\" data-element_type=\"section\">\n\t\t\t\t\t\t<div class=\"elementor-container elementor-column-gap-default\">\n\t\t\t\t\t<div class=\"elementor-column elementor-col-100 elementor-inner-column elementor-element elementor-element-3bf2a09\" data-id=\"3bf2a09\" data-element_type=\"column\">\n\t\t\t<div class=\"elementor-widget-wrap elementor-element-populated\">\n\t\t\t\t\t\t<div class=\"elementor-element elementor-element-e85b2da elementor-widget elementor-widget-global elementor-global-2707 elementor-widget-heading\" data-id=\"e85b2da\" data-element_type=\"widget\" data-widget_type=\"heading.default\">\n\t\t\t\t<div class=\"elementor-widget-container\">\n\t\t\t\t\t<h2 class=\"elementor-heading-title elementor-size-default\">Qui sommes-nous?<\/h2>\t\t\t\t<\/div>\n\t\t\t\t<\/div>\n\t\t\t\t<div class=\"elementor-element elementor-element-6c831a2 elementor-align-right donate-btn elementor-widget__width-auto elementor-widget-tablet__width-auto elementor-widget-mobile__width-auto elementor-fixed elementor-widget elementor-widget-global elementor-global-2679 elementor-widget-button\" data-id=\"6c831a2\" data-element_type=\"widget\" data-settings=\"{&quot;sticky&quot;:&quot;top&quot;,&quot;sticky_parent&quot;:&quot;yes&quot;,&quot;_position&quot;:&quot;fixed&quot;,&quot;sticky_on&quot;:[&quot;desktop&quot;,&quot;tablet&quot;,&quot;mobile&quot;],&quot;sticky_offset&quot;:0,&quot;sticky_effects_offset&quot;:0}\" data-widget_type=\"button.default\">\n\t\t\t\t<div class=\"elementor-widget-container\">\n\t\t\t\t\t\t\t\t\t<div class=\"elementor-button-wrapper\">\n\t\t\t\t\t<a class=\"elementor-button elementor-button-link elementor-size-lg elementor-animation-bob\" href=\"https:\/\/www.helloasso.com\/associations\/oafrica\/formulaires\/1\/widget\" target=\"_blank\">\n\t\t\t\t\t\t<span class=\"elementor-button-content-wrapper\">\n\t\t\t\t\t\t\t\t\t<span class=\"elementor-button-text\">Faire un don<\/span>\n\t\t\t\t\t<\/span>\n\t\t\t\t\t<\/a>\n\t\t\t\t<\/div>\n\t\t\t\t\t\t\t\t<\/div>\n\t\t\t\t<\/div>\n\t\t\t\t\t<\/div>\n\t\t<\/div>\n\t\t\t\t\t<\/div>\n\t\t<\/section>\n\t\t\t\t\t<\/div>\n\t\t<\/div>\n\t\t\t\t\t<\/div>\n\t\t<\/section>\n\t\t\t\t<section class=\"elementor-section elementor-top-section elementor-element elementor-element-d521717 elementor-section-boxed elementor-section-height-default elementor-section-height-default\" data-id=\"d521717\" data-element_type=\"section\" data-settings=\"{&quot;background_background&quot;:&quot;classic&quot;}\">\n\t\t\t\t\t\t<div class=\"elementor-container elementor-column-gap-default\">\n\t\t\t\t\t<div class=\"elementor-column elementor-col-100 elementor-top-column elementor-element elementor-element-38255fcc\" data-id=\"38255fcc\" data-element_type=\"column\" data-settings=\"{&quot;background_background&quot;:&quot;classic&quot;}\">\n\t\t\t<div class=\"elementor-widget-wrap elementor-element-populated\">\n\t\t\t\t\t\t<section class=\"elementor-section elementor-inner-section elementor-element elementor-element-1a978232 elementor-section-full_width elementor-section-height-default elementor-section-height-default\" data-id=\"1a978232\" data-element_type=\"section\">\n\t\t\t\t\t\t<div class=\"elementor-container elementor-column-gap-default\">\n\t\t\t\t\t<div class=\"elementor-column elementor-col-100 elementor-inner-column elementor-element elementor-element-680406fb\" data-id=\"680406fb\" data-element_type=\"column\">\n\t\t\t<div class=\"elementor-widget-wrap elementor-element-populated\">\n\t\t\t\t\t\t<div class=\"elementor-element elementor-element-ebb06e3 elementor-widget elementor-widget-heading\" data-id=\"ebb06e3\" data-element_type=\"widget\" data-widget_type=\"heading.default\">\n\t\t\t\t<div class=\"elementor-widget-container\">\n\t\t\t\t\t<h2 class=\"elementor-heading-title elementor-size-default\">Notre histoire<\/h2>\t\t\t\t<\/div>\n\t\t\t\t<\/div>\n\t\t\t\t\t<\/div>\n\t\t<\/div>\n\t\t\t\t\t<\/div>\n\t\t<\/section>\n\t\t\t\t\t<\/div>\n\t\t<\/div>\n\t\t\t\t\t<\/div>\n\t\t<\/section>\n\t\t\t\t<section class=\"elementor-section elementor-top-section elementor-element elementor-element-7a561f7b elementor-section-content-middle elementor-section-boxed elementor-section-height-default elementor-section-height-default\" data-id=\"7a561f7b\" data-element_type=\"section\">\n\t\t\t\t\t\t\t<div class=\"elementor-background-overlay\"><\/div>\n\t\t\t\t\t\t\t<div class=\"elementor-container elementor-column-gap-no\">\n\t\t\t\t\t<div class=\"elementor-column elementor-col-100 elementor-top-column elementor-element elementor-element-45e8a5c9\" data-id=\"45e8a5c9\" data-element_type=\"column\">\n\t\t\t<div class=\"elementor-widget-wrap elementor-element-populated\">\n\t\t\t\t\t\t<div class=\"elementor-element elementor-element-fce5473 elementor-widget elementor-widget-text-editor\" data-id=\"fce5473\" data-element_type=\"widget\" data-widget_type=\"text-editor.default\">\n\t\t\t\t<div class=\"elementor-widget-container\">\n\t\t\t\t\t\t\t\t\t<p>OAfrica a \u00e9t\u00e9 fond\u00e9e par Lisa Lovatt-Smith en octobre 2002.<br \/>Lisa est une auteure reconnue, de livres sur le design et la photographie. Elle a \u00e9t\u00e9 R\u00e9dactrice en chef du magazine Vogue pendant de nombreuses ann\u00e9es, partageant sa vie entre l\u2019Espagne et la France. En 2002, Lisa a d\u00e9cid\u00e9 de partir faire du b\u00e9n\u00e9volat avec sa fille dans un orphelinat au Ghana. Elle y a rencontr\u00e9 de nombreux enfants d\u00e9munis et abandonn\u00e9s, vivant dans des conditions horribles. Certains d\u2019entre eux avaient \u00e9t\u00e9 d\u00e9pos\u00e9s \u00e0 l&#8217;orphelinat par la police ou par les travailleurs sociaux, car leurs parents \u00e9taient morts de maladies end\u00e9miques comme le paludisme, le sida ou la tuberculose. <strong>Tr\u00e8s souvent, cependant, ces enfants \u00e9taient abandonn\u00e9s simplement parce que les parents n&#8217;avaient pas les moyens de s&#8217;occuper d&#8217;eux.<\/strong><\/p>\t\t\t\t\t\t\t\t<\/div>\n\t\t\t\t<\/div>\n\t\t\t\t<div class=\"elementor-element elementor-element-4aa2105 elementor-widget elementor-widget-text-editor\" data-id=\"4aa2105\" data-element_type=\"widget\" data-widget_type=\"text-editor.default\">\n\t\t\t\t<div class=\"elementor-widget-container\">\n\t\t\t\t\t\t\t\t\t<p>Cette exp\u00e9rience s&#8217;est av\u00e9r\u00e9e tellement bouleversante pour Lisa qu&#8217;elle a laiss\u00e9 derri\u00e8re elle son style de vie glamour en Europe et a d\u00e9m\u00e9nag\u00e9 au Ghana pour y vivre \u00e0 plein temps. Elle d\u00e9sirait aider les enfants de mani\u00e8re durable et tangible ; ce qui l\u2019a amen\u00e9e \u00e0 fonder OAfrica pour qu&#8217;aucun enfant ne grandisse dans un orphelinat ou une institution &#8211; mal aim\u00e9 avec peu de perspectives d&#8217;avenir.<\/p>\t\t\t\t\t\t\t\t<\/div>\n\t\t\t\t<\/div>\n\t\t\t\t<div class=\"elementor-element elementor-element-dac3926 elementor-widget elementor-widget-text-editor\" data-id=\"dac3926\" data-element_type=\"widget\" data-widget_type=\"text-editor.default\">\n\t\t\t\t<div class=\"elementor-widget-container\">\n\t\t\t\t\t\t\t\t\tLa philosophie d&#8217;OAfrica a \u00e9volu\u00e9 au fil des ann\u00e9es : il s\u2019agissait au d\u00e9part d\u2019aider un petit groupe d&#8217;enfants au sein d\u2019un orphelinat isol\u00e9 ; Il s\u2019agit aujourd\u2019hui de soutenir des centaines d&#8217;enfants dans des familles. En offrant aux familles une formation parentale approfondie, associ\u00e9e \u00e0 une bonne \u00e9ducation, des soins de sant\u00e9 et un soutien financier, nous voulons contribuer \u00e0 ce que les parents puissent s&#8217;occuper de leurs enfants et ainsi r\u00e9duire le nombre d&#8217;enfants abandonn\u00e9s ou orphelins, et renforcer par de l\u00e0 m\u00eame la communaut\u00e9. Nos programmes sont initialement concentr\u00e9s sur l&#8217;octroi de bourses d&#8217;\u00e9tudes comme moyen de garder les enfants hors des orphelinats et dans leurs propres familles, ainsi qu&#8217;un programme parall\u00e8le pour soutenir les jeunes traumatis\u00e9s qui sortaient de placement en institutions, sans soutien ni plan pour leur avenir.\n\t\t\t\t\t\t\t\t<\/div>\n\t\t\t\t<\/div>\n\t\t\t\t<div class=\"elementor-element elementor-element-a51e8fe elementor-widget elementor-widget-text-editor\" data-id=\"a51e8fe\" data-element_type=\"widget\" data-widget_type=\"text-editor.default\">\n\t\t\t\t<div class=\"elementor-widget-container\">\n\t\t\t\t\t\t\t\t\tNous avions \u00e9galement d\u00e9velopp\u00e9 un lieu sp\u00e9cifique au sein d\u2019une communaut\u00e9 rurale, sp\u00e9cialis\u00e9 dans la prise en charge des b\u00e9b\u00e9s et enfants handicap\u00e9s mentaux et physiques, ou affect\u00e9s par le VIH ou le SIDA. Ce lieu a re\u00e7u un prix pour sa conception \u00e9cologique et a \u00e9t\u00e9 reconnu comme mod\u00e8le en Afrique de l&#8217;Ouest. Il a \u00e9t\u00e9 cit\u00e9 dans de nombreux documentaires et rapports de l&#8217;UNICEF.\n\t\t\t\t\t\t\t\t<\/div>\n\t\t\t\t<\/div>\n\t\t\t\t<div class=\"elementor-element elementor-element-0653ce3 elementor-widget elementor-widget-text-editor\" data-id=\"0653ce3\" data-element_type=\"widget\" data-widget_type=\"text-editor.default\">\n\t\t\t\t<div class=\"elementor-widget-container\">\n\t\t\t\t\t\t\t\t\tEn 2006, OAfrica a adopt\u00e9 une nouvelle politique &#8211; conforme aux directives de l&#8217;UNICEF, de l&#8217;ONU et du gouvernement du Ghana &#8211; pour \u00e9viter autant que possible les prises en charge en institutions pour les orphelins et les enfants vuln\u00e9rables (OEV). Sous la devise &#8220;chaque enfant m\u00e9rite une famille&#8221;, nous avons d\u00e9cid\u00e9 de mettre l&#8217;accent et nos ressources sur le soutien du syst\u00e8me local de protection sociale au Ghana afin d&#8217;encourager la pr\u00e9servation des liens familiaux.\n\t\t\t\t\t\t\t\t<\/div>\n\t\t\t\t<\/div>\n\t\t\t\t<div class=\"elementor-element elementor-element-92a2f52 elementor-widget elementor-widget-text-editor\" data-id=\"92a2f52\" data-element_type=\"widget\" data-widget_type=\"text-editor.default\">\n\t\t\t\t<div class=\"elementor-widget-container\">\n\t\t\t\t\t\t\t\t\t\u00c0 partir de 2007, nous avons collabor\u00e9 avec le D\u00e9partement de la protection sociale (DSW) et l&#8217;UNICEF pour mettre en \u0153uvre l&#8217;Initiative de r\u00e9forme des prises en charge- Care Reform Initiative (CRI). Cela a \u00e9t\u00e9 cr\u00e9\u00e9 pour changer la fa\u00e7on dont les orhelins et enfants vuln\u00e9rables sont pris en charge au Ghana. Il s&#8217;agissait d&#8217;une d\u00e9cision importante du gouvernement de d\u00e9laisser les orphelinats, au profit de prises en charges dans les familles biologiques ou familles d\u2019accueil. En poussant plus loin notre r\u00e9flexion, nous avons d\u00e9cid\u00e9 de transf\u00e9rer tous les enfants de ce lieu dans un esprit de prise en charge familiale. La plupart ont \u00e9t\u00e9 plac\u00e9s dans leur famille \u00e9largie tandis que les autres, ceux qui avaient besoin d&#8217;une attention particuli\u00e8re en raison d&#8217;un handicap ou d&#8217;abus, ont \u00e9t\u00e9 plac\u00e9s dans des familles d&#8217;accueil.\n\t\t\t\t\t\t\t\t<\/div>\n\t\t\t\t<\/div>\n\t\t\t\t<div class=\"elementor-element elementor-element-7b3506b elementor-widget elementor-widget-text-editor\" data-id=\"7b3506b\" data-element_type=\"widget\" data-widget_type=\"text-editor.default\">\n\t\t\t\t<div class=\"elementor-widget-container\">\n\t\t\t\t\t\t\t\t\tLorsque le gouvernement du Ghana a lanc\u00e9 son Plan d&#8217;action national sur les orphelins et les enfants vuln\u00e9rables en octobre 2010, OAfrica \u00e9tait fi\u00e8re d&#8217;\u00eatre la seule ONG priv\u00e9e au Ghana, mentionn\u00e9e comme partenaire op\u00e9rationnel. Depuis lors, nous avons d\u00e9velopp\u00e9 des outils informatiques pour le suivi de chaque enfant b\u00e9n\u00e9ficiaire. Nous avons partag\u00e9, avec de nombreux autres partenaires locaux de protection de l&#8217;enfance, notre expertise en mati\u00e8re de sauvetage, de recherche, de r\u00e9unification familiale, et de suivi des enfants.\n\t\t\t\t\t\t\t\t<\/div>\n\t\t\t\t<\/div>\n\t\t\t\t<div class=\"elementor-element elementor-element-0a8992d elementor-widget elementor-widget-text-editor\" data-id=\"0a8992d\" data-element_type=\"widget\" data-widget_type=\"text-editor.default\">\n\t\t\t\t<div class=\"elementor-widget-container\">\n\t\t\t\t\t\t\t\t\tEn 2012, le travail de Lisa en faveur des enfants vuln\u00e9rables a \u00e9t\u00e9 reconnu par Face Africa (New York) et par le prestigieux Prix Clarins \u00ab Femme Dynamisante \u00bb (Paris, France). Il en est r\u00e9sulte une reconnaissance accrue pour OAfrica, qui lui a permis de mettre en \u0153uvre son action aupr\u00e8s des famillles avec encore plus de coh\u00e9rence, portant le nombre de b\u00e9n\u00e9ficiaires \u00e0 plus de 5 000 enfants et jeunes par an. Beaucoup de ces enfants ont \u00e9t\u00e9 victimes de traite, ont \u00e9t\u00e9 touch\u00e9s par le VIH ou le SIDA, sont handicap\u00e9s, sont des r\u00e9fugi\u00e9s ou des victimes de guerre, ont \u00e9t\u00e9 victimes du travail des enfants ou ont subi des abus sexuels et psychologiques.\nEn 2013, le troisi\u00e8me plan strat\u00e9gique quinquennal d&#8217;OAfrica a d\u00e9fini une vision ambitieuse :\n\t\t\t\t\t\t\t\t<\/div>\n\t\t\t\t<\/div>\n\t\t\t\t<div class=\"elementor-element elementor-element-762605a elementor-widget elementor-widget-text-editor\" data-id=\"762605a\" data-element_type=\"widget\" data-widget_type=\"text-editor.default\">\n\t\t\t\t<div class=\"elementor-widget-container\">\n\t\t\t\t\t\t\t\t\t<p><em>Cr\u00e9er un environnement o\u00f9 les orphelins et les enfants vuln\u00e9rables grandissent dans un cadre familial s\u00fbr, permanent et aimant, avec des soins et une protection appropri\u00e9s, et des droits et des opportunit\u00e9s \u00e9gaux.<\/em><\/p>\t\t\t\t\t\t\t\t<\/div>\n\t\t\t\t<\/div>\n\t\t\t\t<div class=\"elementor-element elementor-element-33fc511 elementor-widget elementor-widget-text-editor\" data-id=\"33fc511\" data-element_type=\"widget\" data-widget_type=\"text-editor.default\">\n\t\t\t\t<div class=\"elementor-widget-container\">\n\t\t\t\t\t\t\t\t\t<em>Soutenir la mise en \u0153uvre du Plan d\u2019Action National en migrant nos programmes de soutien \u00e0 la famille vers d&#8217;autres intervenants sp\u00e9cialis\u00e9s et en nous concentrant sur les domaines suivants :\n<\/em>\t\t\t\t\t\t\t\t<\/div>\n\t\t\t\t<\/div>\n\t\t\t\t<div class=\"elementor-element elementor-element-82f5250 elementor-widget elementor-widget-text-editor\" data-id=\"82f5250\" data-element_type=\"widget\" data-widget_type=\"text-editor.default\">\n\t\t\t\t<div class=\"elementor-widget-container\">\n\t\t\t\t\t\t\t\t\t<ol><li>D\u00e9sinstitutionnalisation &#8211; retirer les enfants des orphelinats<br \/><br \/><\/li><li>Recherche et r\u00e9unification &#8211; r\u00e9unir les enfants dans leur propre famille ou au sein de familles d&#8217;accueil<br \/><br \/><\/li><li>Formation des parents, des parents d\u2019accueil et des travailleurs sociaux &#8211; pour soutenir les programmes de d\u00e9sinstitutionnalisation, de recherche et de r\u00e9unification (programmes inclus dans le Plan d\u2019Action National) afin que les orphelins et enfants vuln\u00e9rables plac\u00e9s de mani\u00e8re inappropri\u00e9e dans des foyers (g\u00e9n\u00e9ralement pour des raisons de pauvret\u00e9) puissent vivre dans une structure familiale.<\/li><\/ol>\t\t\t\t\t\t\t\t<\/div>\n\t\t\t\t<\/div>\n\t\t\t\t<div class=\"elementor-element elementor-element-8e368b1 elementor-widget elementor-widget-text-editor\" data-id=\"8e368b1\" data-element_type=\"widget\" data-widget_type=\"text-editor.default\">\n\t\t\t\t<div class=\"elementor-widget-container\">\n\t\t\t\t\t\t\t\t\t<p>En plus de notre si\u00e8ge social au Ghana, OAfrica a aujourd&#8217;hui des bureaux en France, en Allemagne, en Italie, en Espagne, en Suisse, au Royaume-Uni et aux \u00c9tats-Unis ; tous partageant unobjectif commun de sensibilisation du public, et de financement des importantes initiatives mises en \u0153uvre au Ghana.<br \/><br \/><\/p>\t\t\t\t\t\t\t\t<\/div>\n\t\t\t\t<\/div>\n\t\t\t\t<div class=\"elementor-element elementor-element-a9b6fb8 elementor-widget elementor-widget-text-editor\" data-id=\"a9b6fb8\" data-element_type=\"widget\" data-widget_type=\"text-editor.default\">\n\t\t\t\t<div class=\"elementor-widget-container\">\n\t\t\t\t\t\t\t\t\t<p>En 2014, les m\u00e9moires de Lisa &#8220;Who Knows Tomorrow&#8221; ont \u00e9t\u00e9 publi\u00e9s par Weinstein Books aux \u00c9tats-Unis et au Royaume-Uni et par Random House en Australie, ainsi qu&#8217;un livre audio. Vous pouvez l&#8217;acheter plus de notre si\u00e8ge social au Ghana, OAfrica a aujourd&#8217;hui des bureaux en France, en Allemagne, en Italie, en Espagne, en Suisse, au Royaume-Uni et aux \u00c9tats-Unis ; tous partageant unobjectif commun de sensibilisation du public, et de financement des importantes initiatives mises en \u0153uvre au Ghana. En 2014, les m\u00e9moires de Lisa\u00a0<a href=\"https:\/\/www.amazon.com\/s?k=who+knows+tomorrow+lisa+lovatt+smith&amp;ref=nb_sb_noss\" target=\"_blank\" rel=\"noopener\">ici<\/a>.\u00a0 En 2015, il a \u00e9t\u00e9 publi\u00e9 par Arthaud en France et par Turner Libros en Espagne. Lisa a \u00e9galement donn\u00e9 deux conf\u00e9rences TEDX \u00e0 Abidjan en 2015 et \u00e0 Accra en 2016 ainsi que de nombreuses interviews \u00e0 la t\u00e9l\u00e9vision, \u00e0 la radio et dans la presse.<\/p>\t\t\t\t\t\t\t\t<\/div>\n\t\t\t\t<\/div>\n\t\t\t\t\t<\/div>\n\t\t<\/div>\n\t\t\t\t\t<\/div>\n\t\t<\/section>\n\t\t\t\t<section class=\"elementor-section elementor-top-section elementor-element elementor-element-57d24926 elementor-section-boxed elementor-section-height-default elementor-section-height-default\" data-id=\"57d24926\" data-element_type=\"section\" data-settings=\"{&quot;background_background&quot;:&quot;classic&quot;}\">\n\t\t\t\t\t\t\t<div class=\"elementor-background-overlay\"><\/div>\n\t\t\t\t\t\t\t<div class=\"elementor-container elementor-column-gap-default\">\n\t\t\t\t\t<div class=\"elementor-column elementor-col-100 elementor-top-column elementor-element elementor-element-34409124\" data-id=\"34409124\" data-element_type=\"column\">\n\t\t\t<div class=\"elementor-widget-wrap elementor-element-populated\">\n\t\t\t\t\t\t<div class=\"elementor-element elementor-element-616cc4c4 elementor-widget elementor-widget-heading\" data-id=\"616cc4c4\" data-element_type=\"widget\" data-widget_type=\"heading.default\">\n\t\t\t\t<div class=\"elementor-widget-container\">\n\t\t\t\t\t<h4 class=\"elementor-heading-title elementor-size-default\">Rejoignez-nous dans nos actions\n<\/h4>\t\t\t\t<\/div>\n\t\t\t\t<\/div>\n\t\t\t\t<div class=\"elementor-element elementor-element-6dc97c0b elementor-button-align-end elementor-widget elementor-widget-form\" data-id=\"6dc97c0b\" data-element_type=\"widget\" data-settings=\"{&quot;button_width&quot;:&quot;20&quot;,&quot;step_next_label&quot;:&quot;Next&quot;,&quot;step_previous_label&quot;:&quot;Previous&quot;,&quot;step_type&quot;:&quot;none&quot;,&quot;step_icon_shape&quot;:&quot;circle&quot;}\" data-widget_type=\"form.default\">\n\t\t\t\t<div class=\"elementor-widget-container\">\n\t\t\t\t\t\t\t<form class=\"elementor-form\" method=\"post\" name=\"subscribe\">\n\t\t\t<input type=\"hidden\" name=\"post_id\" value=\"2729\"\/>\n\t\t\t<input type=\"hidden\" name=\"form_id\" value=\"6dc97c0b\"\/>\n\t\t\t<input type=\"hidden\" name=\"referer_title\" value=\"\" \/>\n\n\t\t\t\n\t\t\t<div class=\"elementor-form-fields-wrapper elementor-labels-\">\n\t\t\t\t\t\t\t\t<div class=\"elementor-field-type-email elementor-field-group elementor-column elementor-field-group-email elementor-col-75 elementor-field-required\">\n\t\t\t\t\t\t\t\t\t\t\t\t<label for=\"form-field-email\" class=\"elementor-field-label elementor-screen-only\">\n\t\t\t\t\t\t\t\tEmail\t\t\t\t\t\t\t<\/label>\n\t\t\t\t\t\t\t\t\t\t\t\t\t\t<input size=\"1\" type=\"email\" name=\"form_fields[email]\" id=\"form-field-email\" class=\"elementor-field elementor-size-xs  elementor-field-textual\" required=\"required\" aria-required=\"true\">\n\t\t\t\t\t\t\t\t\t\t\t<\/div>\n\t\t\t\t\t\t\t\t<div class=\"elementor-field-group elementor-column elementor-field-type-submit elementor-col-20 e-form__buttons\">\n\t\t\t\t\t<button class=\"elementor-button elementor-size-xs\" type=\"submit\">\n\t\t\t\t\t\t<span class=\"elementor-button-content-wrapper\">\n\t\t\t\t\t\t\t\t\t\t\t\t\t\t\t<span class=\"elementor-button-icon\">\n\t\t\t\t\t\t\t\t\t<i aria-hidden=\"true\" class=\"fas fa-location-arrow\"><\/i>\t\t\t\t\t\t\t\t\t\t\t\t\t\t\t\t\t<\/span>\n\t\t\t\t\t\t\t\t\t\t\t\t\t\t\t\t\t\t\t\t\t\t<span class=\"elementor-button-text\">Envoyer<\/span>\n\t\t\t\t\t\t\t\t\t\t\t\t\t<\/span>\n\t\t\t\t\t<\/button>\n\t\t\t\t<\/div>\n\t\t\t<\/div>\n\t\t<\/form>\n\t\t\t\t\t\t<\/div>\n\t\t\t\t<\/div>\n\t\t\t\t\t<\/div>\n\t\t<\/div>\n\t\t\t\t\t<\/div>\n\t\t<\/section>\n\t\t\t\t<\/div>\n\t\t","protected":false},"excerpt":{"rendered":"<p>Qui sommes-nous? Faire un don Notre histoire OAfrica a \u00e9t\u00e9 fond\u00e9e par Lisa Lovatt-Smith en octobre 2002.Lisa est une auteure reconnue, de livres sur le design et la photographie. Elle a \u00e9t\u00e9 R\u00e9dactrice en chef du magazine Vogue pendant de nombreuses ann\u00e9es, partageant sa vie entre l\u2019Espagne et la France. En 2002, Lisa a d\u00e9cid\u00e9 [&hellip;]<\/p>\n","protected":false},"author":1,"featured_media":0,"parent":0,"menu_order":0,"comment_status":"closed","ping_status":"closed","template":"elementor_header_footer","meta":{"_mo_disable_npp":"","footnotes":""},"_links":{"self":[{"href":"https:\/\/www.oafrica.org\/home\/wp-json\/wp\/v2\/pages\/2729"}],"collection":[{"href":"https:\/\/www.oafrica.org\/home\/wp-json\/wp\/v2\/pages"}],"about":[{"href":"https:\/\/www.oafrica.org\/home\/wp-json\/wp\/v2\/types\/page"}],"author":[{"embeddable":true,"href":"https:\/\/www.oafrica.org\/home\/wp-json\/wp\/v2\/users\/1"}],"replies":[{"embeddable":true,"href":"https:\/\/www.oafrica.org\/home\/wp-json\/wp\/v2\/comments?post=2729"}],"version-history":[{"count":27,"href":"https:\/\/www.oafrica.org\/home\/wp-json\/wp\/v2\/pages\/2729\/revisions"}],"predecessor-version":[{"id":3042,"href":"https:\/\/www.oafrica.org\/home\/wp-json\/wp\/v2\/pages\/2729\/revisions\/3042"}],"wp:attachment":[{"href":"https:\/\/www.oafrica.org\/home\/wp-json\/wp\/v2\/media?parent=2729"}],"curies":[{"name":"wp","href":"https:\/\/api.w.org\/{rel}","templated":true}]}}