{"id":2753,"date":"2024-02-28T19:51:48","date_gmt":"2024-02-28T19:51:48","guid":{"rendered":"https:\/\/www.oafrica.org\/home\/?page_id=2753"},"modified":"2023-12-05T15:41:56","modified_gmt":"2023-12-05T15:41:56","slug":"qui-sommes-nous-la-ou-nous-travaillons","status":"publish","type":"page","link":"https:\/\/www.oafrica.org\/home\/fr\/qui-sommes-nous-la-ou-nous-travaillons\/","title":{"rendered":"Qui sommes-nous-L\u00e0 o\u00f9 nous travaillons"},"content":{"rendered":"\t\t<div data-elementor-type=\"wp-page\" data-elementor-id=\"2753\" class=\"elementor elementor-2753\" data-elementor-post-type=\"page\">\n\t\t\t\t\t\t<section class=\"elementor-section elementor-top-section elementor-element elementor-element-13dc2420 elementor-section-height-min-height elementor-section-full_width elementor-section-content-middle elementor-section-height-default elementor-section-items-middle\" data-id=\"13dc2420\" data-element_type=\"section\" data-settings=\"{&quot;background_background&quot;:&quot;classic&quot;}\">\n\t\t\t\t\t\t\t<div class=\"elementor-background-overlay\"><\/div>\n\t\t\t\t\t\t\t<div class=\"elementor-container elementor-column-gap-no\">\n\t\t\t\t\t<div class=\"elementor-column elementor-col-100 elementor-top-column elementor-element elementor-element-1032ce94\" data-id=\"1032ce94\" data-element_type=\"column\">\n\t\t\t<div class=\"elementor-widget-wrap elementor-element-populated\">\n\t\t\t\t\t\t<section class=\"elementor-section elementor-inner-section elementor-element elementor-element-73cfddc elementor-section-full_width elementor-section-height-default elementor-section-height-default\" data-id=\"73cfddc\" data-element_type=\"section\">\n\t\t\t\t\t\t<div class=\"elementor-container elementor-column-gap-default\">\n\t\t\t\t\t<div class=\"elementor-column elementor-col-100 elementor-inner-column elementor-element elementor-element-58e993e6\" data-id=\"58e993e6\" data-element_type=\"column\">\n\t\t\t<div class=\"elementor-widget-wrap elementor-element-populated\">\n\t\t\t\t\t\t<div class=\"elementor-element elementor-element-2f7449d elementor-widget elementor-widget-global elementor-global-2707 elementor-widget-heading\" data-id=\"2f7449d\" data-element_type=\"widget\" data-widget_type=\"heading.default\">\n\t\t\t\t<div class=\"elementor-widget-container\">\n\t\t\t\t\t<h2 class=\"elementor-heading-title elementor-size-default\">Qui sommes-nous?<\/h2>\t\t\t\t<\/div>\n\t\t\t\t<\/div>\n\t\t\t\t<div class=\"elementor-element elementor-element-37aa535 elementor-align-right donate-btn elementor-widget__width-auto elementor-widget-tablet__width-auto elementor-widget-mobile__width-auto elementor-fixed elementor-widget elementor-widget-global elementor-global-2679 elementor-widget-button\" data-id=\"37aa535\" data-element_type=\"widget\" data-settings=\"{&quot;sticky&quot;:&quot;top&quot;,&quot;sticky_parent&quot;:&quot;yes&quot;,&quot;_position&quot;:&quot;fixed&quot;,&quot;sticky_on&quot;:[&quot;desktop&quot;,&quot;tablet&quot;,&quot;mobile&quot;],&quot;sticky_offset&quot;:0,&quot;sticky_effects_offset&quot;:0}\" data-widget_type=\"button.default\">\n\t\t\t\t<div class=\"elementor-widget-container\">\n\t\t\t\t\t\t\t\t\t<div class=\"elementor-button-wrapper\">\n\t\t\t\t\t<a class=\"elementor-button elementor-button-link elementor-size-lg elementor-animation-bob\" href=\"https:\/\/www.helloasso.com\/associations\/oafrica\/formulaires\/1\/widget\" target=\"_blank\">\n\t\t\t\t\t\t<span class=\"elementor-button-content-wrapper\">\n\t\t\t\t\t\t\t\t\t<span class=\"elementor-button-text\">Faire un don<\/span>\n\t\t\t\t\t<\/span>\n\t\t\t\t\t<\/a>\n\t\t\t\t<\/div>\n\t\t\t\t\t\t\t\t<\/div>\n\t\t\t\t<\/div>\n\t\t\t\t\t<\/div>\n\t\t<\/div>\n\t\t\t\t\t<\/div>\n\t\t<\/section>\n\t\t\t\t\t<\/div>\n\t\t<\/div>\n\t\t\t\t\t<\/div>\n\t\t<\/section>\n\t\t\t\t<section class=\"elementor-section elementor-top-section elementor-element elementor-element-708c3261 elementor-section-boxed elementor-section-height-default elementor-section-height-default\" data-id=\"708c3261\" data-element_type=\"section\" data-settings=\"{&quot;background_background&quot;:&quot;classic&quot;}\">\n\t\t\t\t\t\t<div class=\"elementor-container elementor-column-gap-default\">\n\t\t\t\t\t<div class=\"elementor-column elementor-col-100 elementor-top-column elementor-element elementor-element-4b65996b\" data-id=\"4b65996b\" data-element_type=\"column\" data-settings=\"{&quot;background_background&quot;:&quot;classic&quot;}\">\n\t\t\t<div class=\"elementor-widget-wrap elementor-element-populated\">\n\t\t\t\t\t\t<section class=\"elementor-section elementor-inner-section elementor-element elementor-element-44958fc3 elementor-section-full_width elementor-section-height-default elementor-section-height-default\" data-id=\"44958fc3\" data-element_type=\"section\">\n\t\t\t\t\t\t<div class=\"elementor-container elementor-column-gap-default\">\n\t\t\t\t\t<div class=\"elementor-column elementor-col-100 elementor-inner-column elementor-element elementor-element-403574e\" data-id=\"403574e\" data-element_type=\"column\">\n\t\t\t<div class=\"elementor-widget-wrap elementor-element-populated\">\n\t\t\t\t\t\t<div class=\"elementor-element elementor-element-553deced elementor-widget elementor-widget-heading\" data-id=\"553deced\" data-element_type=\"widget\" data-widget_type=\"heading.default\">\n\t\t\t\t<div class=\"elementor-widget-container\">\n\t\t\t\t\t<h2 class=\"elementor-heading-title elementor-size-default\">L\u00e0 o\u00f9 nous travaillons<\/h2>\t\t\t\t<\/div>\n\t\t\t\t<\/div>\n\t\t\t\t\t<\/div>\n\t\t<\/div>\n\t\t\t\t\t<\/div>\n\t\t<\/section>\n\t\t\t\t\t<\/div>\n\t\t<\/div>\n\t\t\t\t\t<\/div>\n\t\t<\/section>\n\t\t\t\t<section class=\"elementor-section elementor-top-section elementor-element elementor-element-7a561f7b elementor-section-content-middle elementor-section-boxed elementor-section-height-default elementor-section-height-default\" data-id=\"7a561f7b\" data-element_type=\"section\">\n\t\t\t\t\t\t\t<div class=\"elementor-background-overlay\"><\/div>\n\t\t\t\t\t\t\t<div class=\"elementor-container elementor-column-gap-no\">\n\t\t\t\t\t<div class=\"elementor-column elementor-col-100 elementor-top-column elementor-element elementor-element-45e8a5c9\" data-id=\"45e8a5c9\" data-element_type=\"column\">\n\t\t\t<div class=\"elementor-widget-wrap elementor-element-populated\">\n\t\t\t\t\t\t<div class=\"elementor-element elementor-element-fce5473 elementor-widget elementor-widget-text-editor\" data-id=\"fce5473\" data-element_type=\"widget\" data-widget_type=\"text-editor.default\">\n\t\t\t\t<div class=\"elementor-widget-container\">\n\t\t\t\t\t\t\t\t\t<p>La population du Ghana est maintenant d&#8217;environ 33 millions d&#8217;habitants.<\/p>\n<p>Le Ghana est situ\u00e9 en Afrique de l&#8217;Ouest, \u00e0 quelques degr\u00e9s au nord de l&#8217;\u00e9quateur. Le Ghana est limitrophe avec le Togo \u00e0 l&#8217;est, le Burkina Faso au nord, la C\u00f4te d&#8217;Ivoire \u00e0 l&#8217;ouest et l&#8217;oc\u00e9an Atlantique au sud. Ancienne colonie britannique connue sous le nom de Gold Coast, le Ghana a \u00e9t\u00e9 le premier pays d&#8217;Afrique subsaharienne \u00e0 acc\u00e9der \u00e0 l&#8217;ind\u00e9pendance, en 1957. Avec une population appartenant \u00e0 75 groupes tribaux diff\u00e9rents, le Ghana est avant tout un pays agricole dont 50% de la main-d&#8217;\u0153uvre travaille dans l&#8217;agriculture. La langue officielle du pays est l&#8217;anglais, bien qu&#8217;il existe une vari\u00e9t\u00e9 de langues locales.<\/p>\n<p>Le Ghana est bien dot\u00e9 en ressources naturelles.Le pib par habitant repr\u00e9sente environ le double de celui des pays les plus pauvres d&#8217;Afrique de l&#8217;Ouest. Malgr\u00e9 cela, le Ghana reste fortement d\u00e9pendant de l&#8217;aide financi\u00e8re et technique internationale*. Pourtant, malgr\u00e9 la prosp\u00e9rit\u00e9 relative du Ghana, la pauvret\u00e9 reste omnipr\u00e9sente dans le pays, la moiti\u00e9 de la population vivant sous le seuil de pauvret\u00e9.<\/p>\n<p>Le probl\u00e8me est qu&#8217;en d\u00e9pit de l&#8217;existence d&#8217;un r\u00e9seau de familles \u00e9largies bien \u00e9tabli, le Ghana a r\u00e9agi au double stress de l&#8217;\u00e9pid\u00e9mie de VIH\/sida et de l&#8217;exode rural par une prolif\u00e9ration soudaine d&#8217;un nombre sans pr\u00e9c\u00e9dent de foyers pour enfants, estim\u00e9 \u00e0 139 en nombre \u00e0 l&#8217;\u00e9chelle nationale. La majorit\u00e9 des pr\u00e8s de 3.500 enfants vivant dans des \u00ab orphelinats non enregistr\u00e9s \u00bb et non r\u00e9glement\u00e9s au Ghana, ne sont pas de v\u00e9ritables orphelins ; Le principal facteur conduisant \u00e0 leur institutionnalisation est la pauvret\u00e9, et non la mort des parents.<\/p>\n<p>Les familles \u00e9largies sont souvent le premier filet de protection pour les enfants qui perdent leurs parents. OAfrica met en \u0153uvre des programmes visant \u00e0 renforcer la garde d&#8217;enfants en famille \u00e9largie en fournissant des services de soutien et des solutions de prise en charge alternatives.<\/p>\n<p>*&nbsp;<a href=\"https:\/\/www.cia.gov\/library\/publications\/the-world-factbook\/geos\/gh.html\">https:\/\/www.cia.gov\/library\/publications\/the-world-factbook\/geos\/gh.html<\/a><\/p>\t\t\t\t\t\t\t\t<\/div>\n\t\t\t\t<\/div>\n\t\t\t\t\t<\/div>\n\t\t<\/div>\n\t\t\t\t\t<\/div>\n\t\t<\/section>\n\t\t\t\t<section class=\"elementor-section elementor-top-section elementor-element elementor-element-d24f174 elementor-section-boxed elementor-section-height-default elementor-section-height-default\" data-id=\"d24f174\" data-element_type=\"section\" data-settings=\"{&quot;background_background&quot;:&quot;classic&quot;}\">\n\t\t\t\t\t\t\t<div class=\"elementor-background-overlay\"><\/div>\n\t\t\t\t\t\t\t<div class=\"elementor-container elementor-column-gap-default\">\n\t\t\t\t\t<div class=\"elementor-column elementor-col-100 elementor-top-column elementor-element elementor-element-521c7422\" data-id=\"521c7422\" data-element_type=\"column\">\n\t\t\t<div class=\"elementor-widget-wrap elementor-element-populated\">\n\t\t\t\t\t\t<div class=\"elementor-element elementor-element-7ac6883f elementor-widget elementor-widget-heading\" data-id=\"7ac6883f\" data-element_type=\"widget\" data-widget_type=\"heading.default\">\n\t\t\t\t<div class=\"elementor-widget-container\">\n\t\t\t\t\t<h4 class=\"elementor-heading-title elementor-size-default\">Rejoignez-nous dans nos actions\n<\/h4>\t\t\t\t<\/div>\n\t\t\t\t<\/div>\n\t\t\t\t<div class=\"elementor-element elementor-element-8fa31 elementor-button-align-end elementor-widget elementor-widget-form\" data-id=\"8fa31\" data-element_type=\"widget\" data-settings=\"{&quot;button_width&quot;:&quot;20&quot;,&quot;step_next_label&quot;:&quot;Next&quot;,&quot;step_previous_label&quot;:&quot;Previous&quot;,&quot;step_type&quot;:&quot;none&quot;,&quot;step_icon_shape&quot;:&quot;circle&quot;}\" data-widget_type=\"form.default\">\n\t\t\t\t<div class=\"elementor-widget-container\">\n\t\t\t\t\t\t\t<form class=\"elementor-form\" method=\"post\" name=\"subscribe\">\n\t\t\t<input type=\"hidden\" name=\"post_id\" value=\"2753\"\/>\n\t\t\t<input type=\"hidden\" name=\"form_id\" value=\"8fa31\"\/>\n\t\t\t<input type=\"hidden\" name=\"referer_title\" value=\"\" \/>\n\n\t\t\t\n\t\t\t<div class=\"elementor-form-fields-wrapper elementor-labels-\">\n\t\t\t\t\t\t\t\t<div class=\"elementor-field-type-email elementor-field-group elementor-column elementor-field-group-email elementor-col-75 elementor-field-required\">\n\t\t\t\t\t\t\t\t\t\t\t\t<label for=\"form-field-email\" class=\"elementor-field-label elementor-screen-only\">\n\t\t\t\t\t\t\t\tEmail\t\t\t\t\t\t\t<\/label>\n\t\t\t\t\t\t\t\t\t\t\t\t\t\t<input size=\"1\" type=\"email\" name=\"form_fields[email]\" id=\"form-field-email\" class=\"elementor-field elementor-size-xs  elementor-field-textual\" required=\"required\" aria-required=\"true\">\n\t\t\t\t\t\t\t\t\t\t\t<\/div>\n\t\t\t\t\t\t\t\t<div class=\"elementor-field-group elementor-column elementor-field-type-submit elementor-col-20 e-form__buttons\">\n\t\t\t\t\t<button class=\"elementor-button elementor-size-xs\" type=\"submit\">\n\t\t\t\t\t\t<span class=\"elementor-button-content-wrapper\">\n\t\t\t\t\t\t\t\t\t\t\t\t\t\t\t<span class=\"elementor-button-icon\">\n\t\t\t\t\t\t\t\t\t<i aria-hidden=\"true\" class=\"fas fa-location-arrow\"><\/i>\t\t\t\t\t\t\t\t\t\t\t\t\t\t\t\t\t<\/span>\n\t\t\t\t\t\t\t\t\t\t\t\t\t\t\t\t\t\t\t\t\t\t<span class=\"elementor-button-text\">Envoyer<\/span>\n\t\t\t\t\t\t\t\t\t\t\t\t\t<\/span>\n\t\t\t\t\t<\/button>\n\t\t\t\t<\/div>\n\t\t\t<\/div>\n\t\t<\/form>\n\t\t\t\t\t\t<\/div>\n\t\t\t\t<\/div>\n\t\t\t\t\t<\/div>\n\t\t<\/div>\n\t\t\t\t\t<\/div>\n\t\t<\/section>\n\t\t\t\t<\/div>\n\t\t","protected":false},"excerpt":{"rendered":"<p>Qui sommes-nous? Faire un don L\u00e0 o\u00f9 nous travaillons La population du Ghana est maintenant d&#8217;environ 33 millions d&#8217;habitants. Le Ghana est situ\u00e9 en Afrique de l&#8217;Ouest, \u00e0 quelques degr\u00e9s au nord de l&#8217;\u00e9quateur. Le Ghana est limitrophe avec le Togo \u00e0 l&#8217;est, le Burkina Faso au nord, la C\u00f4te d&#8217;Ivoire \u00e0 l&#8217;ouest et l&#8217;oc\u00e9an [&hellip;]<\/p>\n","protected":false},"author":1,"featured_media":0,"parent":0,"menu_order":0,"comment_status":"closed","ping_status":"closed","template":"elementor_header_footer","meta":{"_mo_disable_npp":"","footnotes":""},"_links":{"self":[{"href":"https:\/\/www.oafrica.org\/home\/wp-json\/wp\/v2\/pages\/2753"}],"collection":[{"href":"https:\/\/www.oafrica.org\/home\/wp-json\/wp\/v2\/pages"}],"about":[{"href":"https:\/\/www.oafrica.org\/home\/wp-json\/wp\/v2\/types\/page"}],"author":[{"embeddable":true,"href":"https:\/\/www.oafrica.org\/home\/wp-json\/wp\/v2\/users\/1"}],"replies":[{"embeddable":true,"href":"https:\/\/www.oafrica.org\/home\/wp-json\/wp\/v2\/comments?post=2753"}],"version-history":[{"count":18,"href":"https:\/\/www.oafrica.org\/home\/wp-json\/wp\/v2\/pages\/2753\/revisions"}],"predecessor-version":[{"id":3307,"href":"https:\/\/www.oafrica.org\/home\/wp-json\/wp\/v2\/pages\/2753\/revisions\/3307"}],"wp:attachment":[{"href":"https:\/\/www.oafrica.org\/home\/wp-json\/wp\/v2\/media?parent=2753"}],"curies":[{"name":"wp","href":"https:\/\/api.w.org\/{rel}","templated":true}]}}