{"id":3391,"date":"2024-02-20T14:17:18","date_gmt":"2024-02-20T14:17:18","guid":{"rendered":"https:\/\/www.oafrica.org\/home\/?page_id=3391"},"modified":"2024-02-28T19:46:22","modified_gmt":"2024-02-28T19:46:22","slug":"das-sind-wir-unsere-philosophie","status":"publish","type":"page","link":"https:\/\/www.oafrica.org\/home\/de\/das-sind-wir-unsere-philosophie\/","title":{"rendered":"Das sind wir-Unsere Philosophie"},"content":{"rendered":"\t\t<div data-elementor-type=\"wp-page\" data-elementor-id=\"3391\" class=\"elementor elementor-3391\" data-elementor-post-type=\"page\">\n\t\t\t\t\t\t<section class=\"elementor-section elementor-top-section elementor-element elementor-element-273c3f39 elementor-section-height-min-height elementor-section-full_width elementor-section-content-middle elementor-section-height-default elementor-section-items-middle\" data-id=\"273c3f39\" data-element_type=\"section\" data-settings=\"{&quot;background_background&quot;:&quot;classic&quot;}\">\n\t\t\t\t\t\t\t<div class=\"elementor-background-overlay\"><\/div>\n\t\t\t\t\t\t\t<div class=\"elementor-container elementor-column-gap-no\">\n\t\t\t\t\t<div class=\"elementor-column elementor-col-100 elementor-top-column elementor-element elementor-element-5631d7a5\" data-id=\"5631d7a5\" data-element_type=\"column\">\n\t\t\t<div class=\"elementor-widget-wrap elementor-element-populated\">\n\t\t\t\t\t\t<section class=\"elementor-section elementor-inner-section elementor-element elementor-element-413ffaa1 elementor-section-full_width elementor-section-height-default elementor-section-height-default\" data-id=\"413ffaa1\" data-element_type=\"section\">\n\t\t\t\t\t\t<div class=\"elementor-container elementor-column-gap-default\">\n\t\t\t\t\t<div class=\"elementor-column elementor-col-100 elementor-inner-column elementor-element elementor-element-4a2639aa\" data-id=\"4a2639aa\" data-element_type=\"column\">\n\t\t\t<div class=\"elementor-widget-wrap elementor-element-populated\">\n\t\t\t\t\t\t<div class=\"elementor-element elementor-element-beb88e2 elementor-widget elementor-widget-global elementor-global-3398 elementor-widget-heading\" data-id=\"beb88e2\" data-element_type=\"widget\" data-widget_type=\"heading.default\">\n\t\t\t\t<div class=\"elementor-widget-container\">\n\t\t\t\t\t<h2 class=\"elementor-heading-title elementor-size-default\">Das sind wir<\/h2>\t\t\t\t<\/div>\n\t\t\t\t<\/div>\n\t\t\t\t<div class=\"elementor-element elementor-element-49a3334 elementor-align-right donate-btn elementor-widget__width-auto elementor-widget-tablet__width-auto elementor-widget-mobile__width-auto elementor-fixed elementor-widget elementor-widget-global elementor-global-3642 elementor-widget-button\" data-id=\"49a3334\" data-element_type=\"widget\" data-settings=\"{&quot;sticky&quot;:&quot;top&quot;,&quot;sticky_parent&quot;:&quot;yes&quot;,&quot;_position&quot;:&quot;fixed&quot;,&quot;sticky_on&quot;:[&quot;desktop&quot;,&quot;tablet&quot;,&quot;mobile&quot;],&quot;sticky_offset&quot;:0,&quot;sticky_effects_offset&quot;:0}\" data-widget_type=\"button.default\">\n\t\t\t\t<div class=\"elementor-widget-container\">\n\t\t\t\t\t\t\t\t\t<div class=\"elementor-button-wrapper\">\n\t\t\t\t\t<a class=\"elementor-button elementor-button-link elementor-size-lg elementor-animation-bob\" href=\"#\">\n\t\t\t\t\t\t<span class=\"elementor-button-content-wrapper\">\n\t\t\t\t\t\t\t\t\t<span class=\"elementor-button-text\">SPENDEN<\/span>\n\t\t\t\t\t<\/span>\n\t\t\t\t\t<\/a>\n\t\t\t\t<\/div>\n\t\t\t\t\t\t\t\t<\/div>\n\t\t\t\t<\/div>\n\t\t\t\t\t<\/div>\n\t\t<\/div>\n\t\t\t\t\t<\/div>\n\t\t<\/section>\n\t\t\t\t\t<\/div>\n\t\t<\/div>\n\t\t\t\t\t<\/div>\n\t\t<\/section>\n\t\t\t\t<section class=\"elementor-section elementor-top-section elementor-element elementor-element-6477feae elementor-section-boxed elementor-section-height-default elementor-section-height-default\" data-id=\"6477feae\" data-element_type=\"section\" data-settings=\"{&quot;background_background&quot;:&quot;classic&quot;}\">\n\t\t\t\t\t\t<div class=\"elementor-container elementor-column-gap-default\">\n\t\t\t\t\t<div class=\"elementor-column elementor-col-100 elementor-top-column elementor-element elementor-element-651f4212\" data-id=\"651f4212\" data-element_type=\"column\" data-settings=\"{&quot;background_background&quot;:&quot;classic&quot;}\">\n\t\t\t<div class=\"elementor-widget-wrap elementor-element-populated\">\n\t\t\t\t\t\t<section class=\"elementor-section elementor-inner-section elementor-element elementor-element-2cde8d87 elementor-section-full_width elementor-section-height-default elementor-section-height-default\" data-id=\"2cde8d87\" data-element_type=\"section\">\n\t\t\t\t\t\t<div class=\"elementor-container elementor-column-gap-default\">\n\t\t\t\t\t<div class=\"elementor-column elementor-col-100 elementor-inner-column elementor-element elementor-element-52bccd85\" data-id=\"52bccd85\" data-element_type=\"column\">\n\t\t\t<div class=\"elementor-widget-wrap elementor-element-populated\">\n\t\t\t\t\t\t<div class=\"elementor-element elementor-element-4e2f0223 elementor-widget elementor-widget-heading\" data-id=\"4e2f0223\" data-element_type=\"widget\" data-widget_type=\"heading.default\">\n\t\t\t\t<div class=\"elementor-widget-container\">\n\t\t\t\t\t<h2 class=\"elementor-heading-title elementor-size-default\">Unsere Philosophie\n<\/h2>\t\t\t\t<\/div>\n\t\t\t\t<\/div>\n\t\t\t\t\t<\/div>\n\t\t<\/div>\n\t\t\t\t\t<\/div>\n\t\t<\/section>\n\t\t\t\t\t<\/div>\n\t\t<\/div>\n\t\t\t\t\t<\/div>\n\t\t<\/section>\n\t\t\t\t<section class=\"elementor-section elementor-top-section elementor-element elementor-element-7a561f7b elementor-section-content-middle elementor-section-boxed elementor-section-height-default elementor-section-height-default\" data-id=\"7a561f7b\" data-element_type=\"section\">\n\t\t\t\t\t\t\t<div class=\"elementor-background-overlay\"><\/div>\n\t\t\t\t\t\t\t<div class=\"elementor-container elementor-column-gap-no\">\n\t\t\t\t\t<div class=\"elementor-column elementor-col-100 elementor-top-column elementor-element elementor-element-45e8a5c9\" data-id=\"45e8a5c9\" data-element_type=\"column\">\n\t\t\t<div class=\"elementor-widget-wrap elementor-element-populated\">\n\t\t\t\t\t\t<div class=\"elementor-element elementor-element-fce5473 elementor-widget elementor-widget-text-editor\" data-id=\"fce5473\" data-element_type=\"widget\" data-widget_type=\"text-editor.default\">\n\t\t\t\t<div class=\"elementor-widget-container\">\n\t\t\t\t\t\t\t\t\tIn Einklang mit den Richtlinien von UNICEF vermeidet OAfrica die institutionelle Unterbringung von Kindern, wann immer dies m\u00f6glich ist. Wir sind \u00fcberzeugt, dass eine Familie der beste Ort ist, um Kindern den Schutz und die F\u00fcrsorge zu bieten, die sie brauchen. Internationale Studien haben bewiesen, dass die dauerhafte Unterbringung von Kindern in Waisenh\u00e4usern oftmals ihrer Entwicklung schadet und dort den Grundrechten der Kinder h\u00e4ufig nicht gerecht werden kann.\n\t\t\t\t\t\t\t\t<\/div>\n\t\t\t\t<\/div>\n\t\t\t\t<div class=\"elementor-element elementor-element-26baf69 elementor-widget elementor-widget-text-editor\" data-id=\"26baf69\" data-element_type=\"widget\" data-widget_type=\"text-editor.default\">\n\t\t\t\t<div class=\"elementor-widget-container\">\n\t\t\t\t\t\t\t\t\tNach dem Verlust eines Elternteils werden Kinder in Ghana (wie auch in anderen Entwicklungsl\u00e4ndern) oft in Waisenh\u00e4usern abgegeben. Anderen Familienmitgliedern, die f\u00fcr sie sorgen m\u00f6chten, fehlen daf\u00fcr h\u00e4ufig die notwendigen Mittel. Viele Gelder flie\u00dfen in die bessere Ausstattung von Waisenh\u00e4usern und so stellen diese in einer verzweifelten Situation oft den einzigen Zugang zu Nahrung, Kleidung und Bildung dar. Dies f\u00fchrt dazu, dass Familien ihre Kinder dort abgeben, weil sie keine Alternative sehen und sich dort ein besseres Leben f\u00fcr sie erhoffen. Doch solange Waisenh\u00e4user als einzige L\u00f6sung betrachtet werden, wird das eigentliche Problem der Waisen nicht mehr bek\u00e4mpft: n\u00e4mlich, dass die Kinder ohne Familie aufwachsen m\u00fcssen. Anstatt die Waisenh\u00e4user zu unterst\u00fctzen, ist es aus unserer Sicht deshalb wichtiger, den Menschen in den D\u00f6rfern den Zugang zu Nahrung, Kleidung und Bildung zu erm\u00f6glichen, damit sie selbst f\u00fcr ihre Kinder aufkommen k\u00f6nnen.\nAus diesen Gr\u00fcnden konzentrieren wir uns darauf, die Betreuung der Kinder in ihren oder in (Pflege-)Familien zu f\u00f6rdern, anstatt die institutionelle Unterbringung der Kinder zu unterst\u00fctzen. Wir erreichen dies, indem wir uns auf folgende Dinge konzentrieren:\n\t\t\t\t\t\t\t\t<\/div>\n\t\t\t\t<\/div>\n\t\t\t\t<div class=\"elementor-element elementor-element-fcf8d10 elementor-widget elementor-widget-text-editor\" data-id=\"fcf8d10\" data-element_type=\"widget\" data-widget_type=\"text-editor.default\">\n\t\t\t\t<div class=\"elementor-widget-container\">\n\t\t\t\t\t\t\t\t\tDEINSTITUTIONALISIERUNG\t\t\t\t\t\t\t\t<\/div>\n\t\t\t\t<\/div>\n\t\t\t\t<div class=\"elementor-element elementor-element-7302bf7 elementor-widget elementor-widget-text-editor\" data-id=\"7302bf7\" data-element_type=\"widget\" data-widget_type=\"text-editor.default\">\n\t\t\t\t<div class=\"elementor-widget-container\">\n\t\t\t\t\t\t\t\t\tOAfrica setzt sich f\u00fcr eine strengere Regulierung von Waisenh\u00e4usern und Kinderheimen ein, in der Hoffnung, dass diese Art von Einrichtungen g\u00e4nzlich geschlossen werden oder nur noch als letzter Ausweg genutzt werden m\u00fcssen (und selbst dann nur als vor\u00fcbergehende Unterbringung f\u00fcr Kinder dienen).\n\t\t\t\t\t\t\t\t<\/div>\n\t\t\t\t<\/div>\n\t\t\t\t<div class=\"elementor-element elementor-element-4d6d225 elementor-widget elementor-widget-text-editor\" data-id=\"4d6d225\" data-element_type=\"widget\" data-widget_type=\"text-editor.default\">\n\t\t\t\t<div class=\"elementor-widget-container\">\n\t\t\t\t\t\t\t\t\tAUFFINDEN &#038; ZUSAMMENF\u00dcHRUNG\t\t\t\t\t\t\t\t<\/div>\n\t\t\t\t<\/div>\n\t\t\t\t<div class=\"elementor-element elementor-element-7d50732 elementor-widget elementor-widget-text-editor\" data-id=\"7d50732\" data-element_type=\"widget\" data-widget_type=\"text-editor.default\">\n\t\t\t\t<div class=\"elementor-widget-container\">\n\t\t\t\t\t\t\t\t\tOAfrica ist \u00fcberzeugt, dass die bestm\u00f6gliche Betreuung eines Kindes innerhalb einer Familie realisiert werden kann. Da wir wissen, dass 80 Prozent der Kinder in Waisenh\u00e4usern noch lebende Familienmitglieder haben, suchen unsere speziell geschulten Sozialarbeiter die Familien der verlassenen Kinder und bringen beide wieder zusammen. Anschlie\u00dfend bieten wir weitere Unterst\u00fctzung an, die auf die spezifischen Bed\u00fcrfnisse jedes Kindes und seiner Familie abgestimmt sind.\n\t\t\t\t\t\t\t\t<\/div>\n\t\t\t\t<\/div>\n\t\t\t\t<div class=\"elementor-element elementor-element-d4f7b36 elementor-widget elementor-widget-text-editor\" data-id=\"d4f7b36\" data-element_type=\"widget\" data-widget_type=\"text-editor.default\">\n\t\t\t\t<div class=\"elementor-widget-container\">\n\t\t\t\t\t\t\t\t\tTRAINING\t\t\t\t\t\t\t\t<\/div>\n\t\t\t\t<\/div>\n\t\t\t\t<div class=\"elementor-element elementor-element-91944a8 elementor-widget elementor-widget-text-editor\" data-id=\"91944a8\" data-element_type=\"widget\" data-widget_type=\"text-editor.default\">\n\t\t\t\t<div class=\"elementor-widget-container\">\n\t\t\t\t\t\t\t\t\tOAfrica realisiert umfassende Schulungen f\u00fcr Sozialarbeiter, um die Suche nach Familienangeh\u00f6rigen, die Wiederzusammenf\u00fchrung und die Deinstitutionalisierung zu f\u00f6rdern, damit Waisen und gef\u00e4hrdete Kinder, die zu Unrecht in Waisenh\u00e4usern untergebracht wurden, wieder in einem famili\u00e4ren Umfeld aufwachsen k\u00f6nnen. Wir bieten zudem Schulungen f\u00fcr Eltern und Pflegeeltern an, um sicherzustellen, dass die Kinder in ihrem Zuhause angemessen betreut und gesch\u00fctzt werden.\n\t\t\t\t\t\t\t\t<\/div>\n\t\t\t\t<\/div>\n\t\t\t\t\t<\/div>\n\t\t<\/div>\n\t\t\t\t\t<\/div>\n\t\t<\/section>\n\t\t\t\t<\/div>\n\t\t","protected":false},"excerpt":{"rendered":"<p>Das sind wir SPENDEN Unsere Philosophie In Einklang mit den Richtlinien von UNICEF vermeidet OAfrica die institutionelle Unterbringung von Kindern, wann immer dies m\u00f6glich ist. Wir sind \u00fcberzeugt, dass eine Familie der beste Ort ist, um Kindern den Schutz und die F\u00fcrsorge zu bieten, die sie brauchen. Internationale Studien haben bewiesen, dass die dauerhafte Unterbringung [&hellip;]<\/p>\n","protected":false},"author":1,"featured_media":0,"parent":0,"menu_order":0,"comment_status":"closed","ping_status":"closed","template":"elementor_header_footer","meta":{"_mo_disable_npp":"","footnotes":""},"_links":{"self":[{"href":"https:\/\/www.oafrica.org\/home\/wp-json\/wp\/v2\/pages\/3391"}],"collection":[{"href":"https:\/\/www.oafrica.org\/home\/wp-json\/wp\/v2\/pages"}],"about":[{"href":"https:\/\/www.oafrica.org\/home\/wp-json\/wp\/v2\/types\/page"}],"author":[{"embeddable":true,"href":"https:\/\/www.oafrica.org\/home\/wp-json\/wp\/v2\/users\/1"}],"replies":[{"embeddable":true,"href":"https:\/\/www.oafrica.org\/home\/wp-json\/wp\/v2\/comments?post=3391"}],"version-history":[{"count":10,"href":"https:\/\/www.oafrica.org\/home\/wp-json\/wp\/v2\/pages\/3391\/revisions"}],"predecessor-version":[{"id":3726,"href":"https:\/\/www.oafrica.org\/home\/wp-json\/wp\/v2\/pages\/3391\/revisions\/3726"}],"wp:attachment":[{"href":"https:\/\/www.oafrica.org\/home\/wp-json\/wp\/v2\/media?parent=3391"}],"curies":[{"name":"wp","href":"https:\/\/api.w.org\/{rel}","templated":true}]}}