{"id":3393,"date":"2024-02-28T18:33:58","date_gmt":"2024-02-28T18:33:58","guid":{"rendered":"https:\/\/www.oafrica.org\/home\/?page_id=3393"},"modified":"2024-02-28T18:51:19","modified_gmt":"2024-02-28T18:51:19","slug":"das-sind-wir","status":"publish","type":"page","link":"https:\/\/www.oafrica.org\/home\/de\/das-sind-wir\/","title":{"rendered":"Das sind wir"},"content":{"rendered":"\t\t<div data-elementor-type=\"wp-page\" data-elementor-id=\"3393\" class=\"elementor elementor-3393\" data-elementor-post-type=\"page\">\n\t\t\t\t\t\t<section class=\"elementor-section elementor-top-section elementor-element elementor-element-79340e4b elementor-section-height-min-height elementor-section-full_width elementor-section-content-middle elementor-section-height-default elementor-section-items-middle\" data-id=\"79340e4b\" data-element_type=\"section\" data-settings=\"{&quot;background_background&quot;:&quot;classic&quot;}\">\n\t\t\t\t\t\t\t<div class=\"elementor-background-overlay\"><\/div>\n\t\t\t\t\t\t\t<div class=\"elementor-container elementor-column-gap-no\">\n\t\t\t\t\t<div class=\"elementor-column elementor-col-100 elementor-top-column elementor-element elementor-element-63930dd7\" data-id=\"63930dd7\" data-element_type=\"column\">\n\t\t\t<div class=\"elementor-widget-wrap elementor-element-populated\">\n\t\t\t\t\t\t<section class=\"elementor-section elementor-inner-section elementor-element elementor-element-bd28dd0 elementor-section-full_width elementor-section-height-default elementor-section-height-default\" data-id=\"bd28dd0\" data-element_type=\"section\">\n\t\t\t\t\t\t<div class=\"elementor-container elementor-column-gap-default\">\n\t\t\t\t\t<div class=\"elementor-column elementor-col-100 elementor-inner-column elementor-element elementor-element-f78b0b6\" data-id=\"f78b0b6\" data-element_type=\"column\">\n\t\t\t<div class=\"elementor-widget-wrap elementor-element-populated\">\n\t\t\t\t\t\t<div class=\"elementor-element elementor-element-bd1ce57 elementor-widget elementor-widget-global elementor-global-3398 elementor-widget-heading\" data-id=\"bd1ce57\" data-element_type=\"widget\" data-widget_type=\"heading.default\">\n\t\t\t\t<div class=\"elementor-widget-container\">\n\t\t\t\t\t<h2 class=\"elementor-heading-title elementor-size-default\">Das sind wir<\/h2>\t\t\t\t<\/div>\n\t\t\t\t<\/div>\n\t\t\t\t<div class=\"elementor-element elementor-element-2037b05 elementor-align-right donate-btn elementor-widget__width-auto elementor-widget-tablet__width-auto elementor-widget-mobile__width-auto elementor-fixed elementor-widget elementor-widget-global elementor-global-3404 elementor-widget-button\" data-id=\"2037b05\" data-element_type=\"widget\" data-settings=\"{&quot;sticky&quot;:&quot;top&quot;,&quot;sticky_parent&quot;:&quot;yes&quot;,&quot;_position&quot;:&quot;fixed&quot;,&quot;sticky_on&quot;:[&quot;desktop&quot;,&quot;tablet&quot;,&quot;mobile&quot;],&quot;sticky_offset&quot;:0,&quot;sticky_effects_offset&quot;:0}\" data-widget_type=\"button.default\">\n\t\t\t\t<div class=\"elementor-widget-container\">\n\t\t\t\t\t\t\t\t\t<div class=\"elementor-button-wrapper\">\n\t\t\t\t\t<a class=\"elementor-button elementor-button-link elementor-size-lg elementor-animation-bob\" href=\"#\">\n\t\t\t\t\t\t<span class=\"elementor-button-content-wrapper\">\n\t\t\t\t\t\t\t\t\t<span class=\"elementor-button-text\">Spenden<\/span>\n\t\t\t\t\t<\/span>\n\t\t\t\t\t<\/a>\n\t\t\t\t<\/div>\n\t\t\t\t\t\t\t\t<\/div>\n\t\t\t\t<\/div>\n\t\t\t\t\t<\/div>\n\t\t<\/div>\n\t\t\t\t\t<\/div>\n\t\t<\/section>\n\t\t\t\t\t<\/div>\n\t\t<\/div>\n\t\t\t\t\t<\/div>\n\t\t<\/section>\n\t\t\t\t<section class=\"elementor-section elementor-top-section elementor-element elementor-element-6477feae elementor-section-boxed elementor-section-height-default elementor-section-height-default\" data-id=\"6477feae\" data-element_type=\"section\" data-settings=\"{&quot;background_background&quot;:&quot;classic&quot;}\">\n\t\t\t\t\t\t<div class=\"elementor-container elementor-column-gap-default\">\n\t\t\t\t\t<div class=\"elementor-column elementor-col-100 elementor-top-column elementor-element elementor-element-651f4212\" data-id=\"651f4212\" data-element_type=\"column\" data-settings=\"{&quot;background_background&quot;:&quot;classic&quot;}\">\n\t\t\t<div class=\"elementor-widget-wrap elementor-element-populated\">\n\t\t\t\t\t\t<section class=\"elementor-section elementor-inner-section elementor-element elementor-element-2cde8d87 elementor-section-full_width elementor-section-height-default elementor-section-height-default\" data-id=\"2cde8d87\" data-element_type=\"section\">\n\t\t\t\t\t\t<div class=\"elementor-container elementor-column-gap-default\">\n\t\t\t\t\t<div class=\"elementor-column elementor-col-100 elementor-inner-column elementor-element elementor-element-52bccd85\" data-id=\"52bccd85\" data-element_type=\"column\">\n\t\t\t<div class=\"elementor-widget-wrap elementor-element-populated\">\n\t\t\t\t\t\t<div class=\"elementor-element elementor-element-4e2f0223 elementor-widget elementor-widget-heading\" data-id=\"4e2f0223\" data-element_type=\"widget\" data-widget_type=\"heading.default\">\n\t\t\t\t<div class=\"elementor-widget-container\">\n\t\t\t\t\t<h2 class=\"elementor-heading-title elementor-size-default\">Unsere Mission\n<\/h2>\t\t\t\t<\/div>\n\t\t\t\t<\/div>\n\t\t\t\t\t<\/div>\n\t\t<\/div>\n\t\t\t\t\t<\/div>\n\t\t<\/section>\n\t\t\t\t\t<\/div>\n\t\t<\/div>\n\t\t\t\t\t<\/div>\n\t\t<\/section>\n\t\t\t\t<section class=\"elementor-section elementor-top-section elementor-element elementor-element-7a561f7b elementor-section-content-middle elementor-section-boxed elementor-section-height-default elementor-section-height-default\" data-id=\"7a561f7b\" data-element_type=\"section\">\n\t\t\t\t\t\t\t<div class=\"elementor-background-overlay\"><\/div>\n\t\t\t\t\t\t\t<div class=\"elementor-container elementor-column-gap-no\">\n\t\t\t\t\t<div class=\"elementor-column elementor-col-100 elementor-top-column elementor-element elementor-element-45e8a5c9\" data-id=\"45e8a5c9\" data-element_type=\"column\">\n\t\t\t<div class=\"elementor-widget-wrap elementor-element-populated\">\n\t\t\t\t\t\t<div class=\"elementor-element elementor-element-fce5473 elementor-widget elementor-widget-text-editor\" data-id=\"fce5473\" data-element_type=\"widget\" data-widget_type=\"text-editor.default\">\n\t\t\t\t<div class=\"elementor-widget-container\">\n\t\t\t\t\t\t\t\t\tOAfrica unterst\u00fctzt Kinder und Jugendliche, die von Armut, Institutionalisierung (Unterbringung in Einrichtungen wie Waisenh\u00e4usern), Gewalt, Missbrauch, Kinderhandel und Diskriminierung betroffen sind und setzt sich f\u00fcr ihre Rechte ein. Wir st\u00e4rken hilfsbed\u00fcrftige, sozial schwache Familien oder finden Pflegefamilien damit Kinder in einem Familienverbund mit ihren Traditionen und Werten aufwachsen und dort als Heranwachsende die Liebe und F\u00fcrsorge erfahren, die sie als emotionale Basis f\u00fcr ein selbstbestimmtes Leben ben\u00f6tigen. \t\t\t\t\t\t\t\t<\/div>\n\t\t\t\t<\/div>\n\t\t\t\t<div class=\"elementor-element elementor-element-2f17c05 elementor-widget elementor-widget-text-editor\" data-id=\"2f17c05\" data-element_type=\"widget\" data-widget_type=\"text-editor.default\">\n\t\t\t\t<div class=\"elementor-widget-container\">\n\t\t\t\t\t\t\t\t\t<p><a href=\"https:\/\/www.oafrica.org\/home\/de\/das-machen-wir\/\" target=\"_blank\" rel=\"noopener\">Hier erf\u00e4hrst Du, was wir konkret in Ghana f\u00fcr bed\u00fcrftige Kinder tun.<\/a><\/p>\t\t\t\t\t\t\t\t<\/div>\n\t\t\t\t<\/div>\n\t\t\t\t<div class=\"elementor-element elementor-element-7060cd4 elementor-widget elementor-widget-text-editor\" data-id=\"7060cd4\" data-element_type=\"widget\" data-widget_type=\"text-editor.default\">\n\t\t\t\t<div class=\"elementor-widget-container\">\n\t\t\t\t\t\t\t\t\tOAfrica\t\t\t\t\t\t\t\t<\/div>\n\t\t\t\t<\/div>\n\t\t\t\t<div class=\"elementor-element elementor-element-bbc6656 elementor-widget elementor-widget-text-editor\" data-id=\"bbc6656\" data-element_type=\"widget\" data-widget_type=\"text-editor.default\">\n\t\t\t\t<div class=\"elementor-widget-container\">\n\t\t\t\t\t\t\t\t\t<p>OAfrica ist eine gemeinn\u00fctzige nichtstaatliche Organisation, die Programme und Projekte zur Unterst\u00fctzung von schutz- und hilfsbed\u00fcrftigen Kindern und deren Familien in Ghana (Westafrika) entwickelt.<\/p><p>Urspr\u00fcnglich 2002 in Ghana gegr\u00fcndet ist OAfrica \u00fcber die Jahre zu einer internationalen Organisation gewachsen und hat neben Ghana inzwischen L\u00e4ndervertretungen in Deutschland, Frankreich, Gro\u00dfbritannien, Italien und den USA.<\/p>\t\t\t\t\t\t\t\t<\/div>\n\t\t\t\t<\/div>\n\t\t\t\t<div class=\"elementor-element elementor-element-1b6abbf elementor-widget elementor-widget-text-editor\" data-id=\"1b6abbf\" data-element_type=\"widget\" data-widget_type=\"text-editor.default\">\n\t\t\t\t<div class=\"elementor-widget-container\">\n\t\t\t\t\t\t\t\t\tOAfrica in Deutschland\t\t\t\t\t\t\t\t<\/div>\n\t\t\t\t<\/div>\n\t\t\t\t<div class=\"elementor-element elementor-element-3328951 elementor-widget elementor-widget-text-editor\" data-id=\"3328951\" data-element_type=\"widget\" data-widget_type=\"text-editor.default\">\n\t\t\t\t<div class=\"elementor-widget-container\">\n\t\t\t\t\t\t\t\t\tIn Deutschland wird OAfrica durch den OAfrica e. V. vertreten, vormals die OrphanAid Africa Stiftung, die seit 2007 als gemeinn\u00fctzige und mildt\u00e4tige Organisation zur F\u00f6rderung der Jugendhilfe anerkannt war. Der OAfrica e. V. wurde am 23.06.2017 ins Vereinsregister M\u00fcnchen (VR 207237) eingetragen.\n\t\t\t\t\t\t\t\t<\/div>\n\t\t\t\t<\/div>\n\t\t\t\t<div class=\"elementor-element elementor-element-ce2bd61 elementor-widget elementor-widget-text-editor\" data-id=\"ce2bd61\" data-element_type=\"widget\" data-widget_type=\"text-editor.default\">\n\t\t\t\t<div class=\"elementor-widget-container\">\n\t\t\t\t\t\t\t\t\t<p>Der OAfrica e. V. ist Unterzeichner der \u201cInitiative Transparente Zivilgesellschaft (ITZ)\u201d und verpflichtet sich, Interessierten grundlegende Informationen zu den handelnden Personen, den Aktivit\u00e4ten der Organisation etc. aktuell zur Verf\u00fcgung zu stellen. Diese findest Du <a href=\"#\">hier<\/a><\/p>\t\t\t\t\t\t\t\t<\/div>\n\t\t\t\t<\/div>\n\t\t\t\t<div class=\"elementor-element elementor-element-8985b71 elementor-widget elementor-widget-image\" data-id=\"8985b71\" data-element_type=\"widget\" data-widget_type=\"image.default\">\n\t\t\t\t<div class=\"elementor-widget-container\">\n\t\t\t\t\t\t\t\t\t\t\t\t\t\t\t<img decoding=\"async\" src=\"https:\/\/www.oafrica.org\/home\/wp-content\/uploads\/elementor\/thumbs\/Transparente_ZivilgesellschaftPNG-qjyhn8j65u0fcje2woy2tcako5m3bvtmdi7s1m1rww.png\" title=\"Transparente_ZivilgesellschaftPNG\" alt=\"Transparente_ZivilgesellschaftPNG\" loading=\"lazy\" \/>\t\t\t\t\t\t\t\t\t\t\t\t\t\t\t<\/div>\n\t\t\t\t<\/div>\n\t\t\t\t<div class=\"elementor-element elementor-element-9b3f5a1 elementor-widget elementor-widget-text-editor\" data-id=\"9b3f5a1\" data-element_type=\"widget\" data-widget_type=\"text-editor.default\">\n\t\t\t\t<div class=\"elementor-widget-container\">\n\t\t\t\t\t\t\t\t\t<p>Das gemeinsame Ziel all dieser L\u00e4ndervertretungen besteht darin, schutzbed\u00fcrftige Kinder zu finden und mit ihren Familien wieder zusammenzuf\u00fchren. Diese Kinder wurden h\u00e4ufig durch Armut, HIV\/AIDS und die zunehmende Landflucht in die St\u00e4dte von ihren Familien getrennt.<br \/><br \/><\/p><p>Um unsere Arbeit fortsetzen zu k\u00f6nnen ist OAfrica auf gro\u00dfz\u00fcgige Spenden von Privatpersonen und Unternehmen sowie von Freiwilligen und Partnern angewiesen.<\/p>\t\t\t\t\t\t\t\t<\/div>\n\t\t\t\t<\/div>\n\t\t\t\t<div class=\"elementor-element elementor-element-16b10eb elementor-widget elementor-widget-text-editor\" data-id=\"16b10eb\" data-element_type=\"widget\" data-widget_type=\"text-editor.default\">\n\t\t\t\t<div class=\"elementor-widget-container\">\n\t\t\t\t\t\t\t\t\t<p><a href=\"https:\/\/www.oafrica.org\/home\/de\/das-sind-wir-unsere-geschichte\/\">Hier erf\u00e4hrst Du mehr \u00fcber die Geschichte unserer Organisation.<\/a><\/p>\t\t\t\t\t\t\t\t<\/div>\n\t\t\t\t<\/div>\n\t\t\t\t\t<\/div>\n\t\t<\/div>\n\t\t\t\t\t<\/div>\n\t\t<\/section>\n\t\t\t\t<\/div>\n\t\t","protected":false},"excerpt":{"rendered":"<p>Das sind wir Spenden Unsere Mission OAfrica unterst\u00fctzt Kinder und Jugendliche, die von Armut, Institutionalisierung (Unterbringung in Einrichtungen wie Waisenh\u00e4usern), Gewalt, Missbrauch, Kinderhandel und Diskriminierung betroffen sind und setzt sich f\u00fcr ihre Rechte ein. Wir st\u00e4rken hilfsbed\u00fcrftige, sozial schwache Familien oder finden Pflegefamilien damit Kinder in einem Familienverbund mit ihren Traditionen und Werten aufwachsen und [&hellip;]<\/p>\n","protected":false},"author":1,"featured_media":0,"parent":0,"menu_order":0,"comment_status":"closed","ping_status":"closed","template":"elementor_header_footer","meta":{"_mo_disable_npp":"","footnotes":""},"_links":{"self":[{"href":"https:\/\/www.oafrica.org\/home\/wp-json\/wp\/v2\/pages\/3393"}],"collection":[{"href":"https:\/\/www.oafrica.org\/home\/wp-json\/wp\/v2\/pages"}],"about":[{"href":"https:\/\/www.oafrica.org\/home\/wp-json\/wp\/v2\/types\/page"}],"author":[{"embeddable":true,"href":"https:\/\/www.oafrica.org\/home\/wp-json\/wp\/v2\/users\/1"}],"replies":[{"embeddable":true,"href":"https:\/\/www.oafrica.org\/home\/wp-json\/wp\/v2\/comments?post=3393"}],"version-history":[{"count":37,"href":"https:\/\/www.oafrica.org\/home\/wp-json\/wp\/v2\/pages\/3393\/revisions"}],"predecessor-version":[{"id":3717,"href":"https:\/\/www.oafrica.org\/home\/wp-json\/wp\/v2\/pages\/3393\/revisions\/3717"}],"wp:attachment":[{"href":"https:\/\/www.oafrica.org\/home\/wp-json\/wp\/v2\/media?parent=3393"}],"curies":[{"name":"wp","href":"https:\/\/api.w.org\/{rel}","templated":true}]}}