{"id":3450,"date":"2024-02-28T18:57:07","date_gmt":"2024-02-28T18:57:07","guid":{"rendered":"https:\/\/www.oafrica.org\/home\/?page_id=3450"},"modified":"2024-02-28T20:01:50","modified_gmt":"2024-02-28T20:01:50","slug":"das-sind-wir-unsere-programm-partner","status":"publish","type":"page","link":"https:\/\/www.oafrica.org\/home\/de\/das-sind-wir-unsere-programm-partner\/","title":{"rendered":"Das sind wir-Unsere Programm-Partner"},"content":{"rendered":"\t\t<div data-elementor-type=\"wp-page\" data-elementor-id=\"3450\" class=\"elementor elementor-3450\" data-elementor-post-type=\"page\">\n\t\t\t\t\t\t<section class=\"elementor-section elementor-top-section elementor-element elementor-element-5f9d3083 elementor-section-height-min-height elementor-section-full_width elementor-section-content-middle elementor-section-height-default elementor-section-items-middle\" data-id=\"5f9d3083\" data-element_type=\"section\" data-settings=\"{&quot;background_background&quot;:&quot;classic&quot;}\">\n\t\t\t\t\t\t\t<div class=\"elementor-background-overlay\"><\/div>\n\t\t\t\t\t\t\t<div class=\"elementor-container elementor-column-gap-no\">\n\t\t\t\t\t<div class=\"elementor-column elementor-col-100 elementor-top-column elementor-element elementor-element-4cced50e\" data-id=\"4cced50e\" data-element_type=\"column\">\n\t\t\t<div class=\"elementor-widget-wrap elementor-element-populated\">\n\t\t\t\t\t\t<section class=\"elementor-section elementor-inner-section elementor-element elementor-element-c880137 elementor-section-full_width elementor-section-height-default elementor-section-height-default\" data-id=\"c880137\" data-element_type=\"section\">\n\t\t\t\t\t\t<div class=\"elementor-container elementor-column-gap-default\">\n\t\t\t\t\t<div class=\"elementor-column elementor-col-100 elementor-inner-column elementor-element elementor-element-5a993e40\" data-id=\"5a993e40\" data-element_type=\"column\">\n\t\t\t<div class=\"elementor-widget-wrap elementor-element-populated\">\n\t\t\t\t\t\t<div class=\"elementor-element elementor-element-97ba4b3 elementor-align-right donate-btn elementor-widget__width-auto elementor-widget-tablet__width-auto elementor-widget-mobile__width-auto elementor-fixed elementor-widget elementor-widget-global elementor-global-3642 elementor-widget-button\" data-id=\"97ba4b3\" data-element_type=\"widget\" data-settings=\"{&quot;sticky&quot;:&quot;top&quot;,&quot;sticky_parent&quot;:&quot;yes&quot;,&quot;_position&quot;:&quot;fixed&quot;,&quot;sticky_on&quot;:[&quot;desktop&quot;,&quot;tablet&quot;,&quot;mobile&quot;],&quot;sticky_offset&quot;:0,&quot;sticky_effects_offset&quot;:0}\" data-widget_type=\"button.default\">\n\t\t\t\t<div class=\"elementor-widget-container\">\n\t\t\t\t\t\t\t\t\t<div class=\"elementor-button-wrapper\">\n\t\t\t\t\t<a class=\"elementor-button elementor-button-link elementor-size-lg elementor-animation-bob\" href=\"#\">\n\t\t\t\t\t\t<span class=\"elementor-button-content-wrapper\">\n\t\t\t\t\t\t\t\t\t<span class=\"elementor-button-text\">SPENDEN<\/span>\n\t\t\t\t\t<\/span>\n\t\t\t\t\t<\/a>\n\t\t\t\t<\/div>\n\t\t\t\t\t\t\t\t<\/div>\n\t\t\t\t<\/div>\n\t\t\t\t<div class=\"elementor-element elementor-element-9b432ab elementor-widget elementor-widget-global elementor-global-3398 elementor-widget-heading\" data-id=\"9b432ab\" data-element_type=\"widget\" data-widget_type=\"heading.default\">\n\t\t\t\t<div class=\"elementor-widget-container\">\n\t\t\t\t\t<h2 class=\"elementor-heading-title elementor-size-default\">Das sind wir<\/h2>\t\t\t\t<\/div>\n\t\t\t\t<\/div>\n\t\t\t\t\t<\/div>\n\t\t<\/div>\n\t\t\t\t\t<\/div>\n\t\t<\/section>\n\t\t\t\t\t<\/div>\n\t\t<\/div>\n\t\t\t\t\t<\/div>\n\t\t<\/section>\n\t\t\t\t<section class=\"elementor-section elementor-top-section elementor-element elementor-element-6a1dc0a8 elementor-section-boxed elementor-section-height-default elementor-section-height-default\" data-id=\"6a1dc0a8\" data-element_type=\"section\" data-settings=\"{&quot;background_background&quot;:&quot;classic&quot;}\">\n\t\t\t\t\t\t<div class=\"elementor-container elementor-column-gap-default\">\n\t\t\t\t\t<div class=\"elementor-column elementor-col-100 elementor-top-column elementor-element elementor-element-1e191d93\" data-id=\"1e191d93\" data-element_type=\"column\" data-settings=\"{&quot;background_background&quot;:&quot;classic&quot;}\">\n\t\t\t<div class=\"elementor-widget-wrap elementor-element-populated\">\n\t\t\t\t\t\t<section class=\"elementor-section elementor-inner-section elementor-element elementor-element-49ebb3f9 elementor-section-full_width elementor-section-height-default elementor-section-height-default\" data-id=\"49ebb3f9\" data-element_type=\"section\">\n\t\t\t\t\t\t<div class=\"elementor-container elementor-column-gap-default\">\n\t\t\t\t\t<div class=\"elementor-column elementor-col-100 elementor-inner-column elementor-element elementor-element-2f626eef\" data-id=\"2f626eef\" data-element_type=\"column\">\n\t\t\t<div class=\"elementor-widget-wrap elementor-element-populated\">\n\t\t\t\t\t\t<div class=\"elementor-element elementor-element-167a41e9 elementor-widget elementor-widget-heading\" data-id=\"167a41e9\" data-element_type=\"widget\" data-widget_type=\"heading.default\">\n\t\t\t\t<div class=\"elementor-widget-container\">\n\t\t\t\t\t<h2 class=\"elementor-heading-title elementor-size-default\">Unsere Programm-Partner\n<\/h2>\t\t\t\t<\/div>\n\t\t\t\t<\/div>\n\t\t\t\t\t<\/div>\n\t\t<\/div>\n\t\t\t\t\t<\/div>\n\t\t<\/section>\n\t\t\t\t\t<\/div>\n\t\t<\/div>\n\t\t\t\t\t<\/div>\n\t\t<\/section>\n\t\t\t\t<section class=\"elementor-section elementor-top-section elementor-element elementor-element-7a561f7b elementor-section-content-middle elementor-section-boxed elementor-section-height-default elementor-section-height-default\" data-id=\"7a561f7b\" data-element_type=\"section\">\n\t\t\t\t\t\t\t<div class=\"elementor-background-overlay\"><\/div>\n\t\t\t\t\t\t\t<div class=\"elementor-container elementor-column-gap-no\">\n\t\t\t\t\t<div class=\"elementor-column elementor-col-100 elementor-top-column elementor-element elementor-element-45e8a5c9\" data-id=\"45e8a5c9\" data-element_type=\"column\">\n\t\t\t<div class=\"elementor-widget-wrap elementor-element-populated\">\n\t\t\t\t\t\t<div class=\"elementor-element elementor-element-fce5473 elementor-widget elementor-widget-text-editor\" data-id=\"fce5473\" data-element_type=\"widget\" data-widget_type=\"text-editor.default\">\n\t\t\t\t<div class=\"elementor-widget-container\">\n\t\t\t\t\t\t\t\t\tOAfrica ist stolz, Gr\u00fcndungspartner der Care Reform Initiative (CRI) der ghanaischen Regierung zu sein, die darauf abzielt, das Betreuungssystem durch die Schlie\u00dfung von &#8220;Waisenh\u00e4usern&#8221; und die F\u00f6rderung von Verwandtschafts- und Pflegeverh\u00e4ltnissen zu reformieren. Dies wirkt sich direkt auf die rund 3.500 Kinder aus, die in Ghana in Waisenh\u00e4usern leben. Einer unserer bisher gr\u00f6\u00dften Erfolge ist unsere Partnerschaft mit der ghanaischen Regierung, die im \u2018National Plan of Action for Orphans and Vulnerable Children\u2019 2010 vom Ministerium f\u00fcr Arbeit und Soziales ratifiziert wurde.\t\t\t\t\t\t\t\t<\/div>\n\t\t\t\t<\/div>\n\t\t\t\t<div class=\"elementor-element elementor-element-663b583 elementor-widget elementor-widget-text-editor\" data-id=\"663b583\" data-element_type=\"widget\" data-widget_type=\"text-editor.default\">\n\t\t\t\t<div class=\"elementor-widget-container\">\n\t\t\t\t\t\t\t\t\tIm Lauf der Jahre ist es uns gelungen, eine enge, gut funktionierende Zusammenarbeit mit internationalen und nationalen Organisationen sowohl innerhalb als auch au\u00dferhalb Ghanas aufzubauen. Einige der wichtigsten Partnerschaften bestehen zu folgenden Organisationen:\n\t\t\t\t\t\t\t\t<\/div>\n\t\t\t\t<\/div>\n\t\t\t\t<div class=\"elementor-element elementor-element-e3d6f17 elementor-widget elementor-widget-text-editor\" data-id=\"e3d6f17\" data-element_type=\"widget\" data-widget_type=\"text-editor.default\">\n\t\t\t\t<div class=\"elementor-widget-container\">\n\t\t\t\t\t\t\t\t\t<p><a href=\"http:\/\/www.ovcghana.org\/\" target=\"_blank\" rel=\"noopener\">Sozialministerium, Ghana<\/a><\/p>\t\t\t\t\t\t\t\t<\/div>\n\t\t\t\t<\/div>\n\t\t\t\t<div class=\"elementor-element elementor-element-1c5f55d elementor-widget elementor-widget-text-editor\" data-id=\"1c5f55d\" data-element_type=\"widget\" data-widget_type=\"text-editor.default\">\n\t\t\t\t<div class=\"elementor-widget-container\">\n\t\t\t\t\t\t\t\t\tOA ist im Zusammenhang mit der Care Reform Initiative (CRI) (siehe oben) gemeinsam mit UNICEF Kooperationspartner des ghanaischen Sozialministeriums.\n\n\t\t\t\t\t\t\t\t<\/div>\n\t\t\t\t<\/div>\n\t\t\t\t<div class=\"elementor-element elementor-element-9519fcd elementor-widget elementor-widget-text-editor\" data-id=\"9519fcd\" data-element_type=\"widget\" data-widget_type=\"text-editor.default\">\n\t\t\t\t<div class=\"elementor-widget-container\">\n\t\t\t\t\t\t\t\t\t<p><a href=\"http:\/\/www.unicef.org\/\" target=\"_blank\" rel=\"noopener\">UNICEF, Ghana<\/a><\/p>\t\t\t\t\t\t\t\t<\/div>\n\t\t\t\t<\/div>\n\t\t\t\t<div class=\"elementor-element elementor-element-f57d5bd elementor-widget elementor-widget-text-editor\" data-id=\"f57d5bd\" data-element_type=\"widget\" data-widget_type=\"text-editor.default\">\n\t\t\t\t<div class=\"elementor-widget-container\">\n\t\t\t\t\t\t\t\t\tOA ist einer der Kooperationspartner von UNICEF in Ghana. Seit 2008 arbeitet UNICEF Seite an Seite mit dem ghanaischen Sozialministerium und OA an der Care Reform Initiative (CRI). Die CRI ist auf f\u00fcnf Jahre ausgelegt und hat die Ver\u00e4nderung der Pflege und Betreuung von Waisen und schutzbed\u00fcrftigen Kindern in Ghana zum Ziel. Hierbei steht die De-Institutionalisierung im Vordergrund, also eine Ver\u00e4nderung weg von der Versorgung der Kinder in Kinderheimen und Waisenh\u00e4usern hin zur Versorgung in (Pflege-)Familien.\n\t\t\t\t\t\t\t\t<\/div>\n\t\t\t\t<\/div>\n\t\t\t\t<div class=\"elementor-element elementor-element-eeef700 elementor-widget elementor-widget-text-editor\" data-id=\"eeef700\" data-element_type=\"widget\" data-widget_type=\"text-editor.default\">\n\t\t\t\t<div class=\"elementor-widget-container\">\n\t\t\t\t\t\t\t\t\tAIDS Kommission, Ghana\t\t\t\t\t\t\t\t<\/div>\n\t\t\t\t<\/div>\n\t\t\t\t<div class=\"elementor-element elementor-element-ea2baa5 elementor-widget elementor-widget-text-editor\" data-id=\"ea2baa5\" data-element_type=\"widget\" data-widget_type=\"text-editor.default\">\n\t\t\t\t<div class=\"elementor-widget-container\">\n\t\t\t\t\t\t\t\t\tDie AIDS Kommission Ghanas unterst\u00fctzt unsere Aktivit\u00e4ten im Zusammenhang mit der HIV\/AIDS-Beratung und bei den Themen rund um die Gesundheitsvorsorge und \u2013versorgung von M\u00fcttern\n\t\t\t\t\t\t\t\t<\/div>\n\t\t\t\t<\/div>\n\t\t\t\t<div class=\"elementor-element elementor-element-3da02aa elementor-widget elementor-widget-text-editor\" data-id=\"3da02aa\" data-element_type=\"widget\" data-widget_type=\"text-editor.default\">\n\t\t\t\t<div class=\"elementor-widget-container\">\n\t\t\t\t\t\t\t\t\tBildungsministerium, Ghana\t\t\t\t\t\t\t\t<\/div>\n\t\t\t\t<\/div>\n\t\t\t\t<div class=\"elementor-element elementor-element-dc4d181 elementor-widget elementor-widget-text-editor\" data-id=\"dc4d181\" data-element_type=\"widget\" data-widget_type=\"text-editor.default\">\n\t\t\t\t<div class=\"elementor-widget-container\">\n\t\t\t\t\t\t\t\t\tOA arbeitet beim Bau bzw. der Renovierung von Schulgeb\u00e4uden und der Vergabe von Stipendien f\u00fcr Waisen und bed\u00fcrftige Kinder mit dem Bildungsministerium Ghanas zusammen.\n\t\t\t\t\t\t\t\t<\/div>\n\t\t\t\t<\/div>\n\t\t\t\t<div class=\"elementor-element elementor-element-09bb078 elementor-widget elementor-widget-text-editor\" data-id=\"09bb078\" data-element_type=\"widget\" data-widget_type=\"text-editor.default\">\n\t\t\t\t<div class=\"elementor-widget-container\">\n\t\t\t\t\t\t\t\t\tGesundheitsministerium, Ghana\n\t\t\t\t\t\t\t\t<\/div>\n\t\t\t\t<\/div>\n\t\t\t\t<div class=\"elementor-element elementor-element-90bdd01 elementor-widget elementor-widget-text-editor\" data-id=\"90bdd01\" data-element_type=\"widget\" data-widget_type=\"text-editor.default\">\n\t\t\t\t<div class=\"elementor-widget-container\">\n\t\t\t\t\t\t\t\t\tDas ghanaische Gesundheitsministerium unterst\u00fctzt unsere Anstrengungen durch die Finanzierung von medizinischen Leistungen in Krankenh\u00e4usern, Krankenstationen und anderen medizinischen Einrichtungen, wie auch des Krankenversicherungsschutzes f\u00fcr Frauen und bed\u00fcrftige Kinder.\n\t\t\t\t\t\t\t\t<\/div>\n\t\t\t\t<\/div>\n\t\t\t\t<div class=\"elementor-element elementor-element-68b1405 elementor-widget elementor-widget-text-editor\" data-id=\"68b1405\" data-element_type=\"widget\" data-widget_type=\"text-editor.default\">\n\t\t\t\t<div class=\"elementor-widget-container\">\n\t\t\t\t\t\t\t\t\tNationale Regierungsaussch\u00fcsse, Ghana\n\t\t\t\t\t\t\t\t<\/div>\n\t\t\t\t<\/div>\n\t\t\t\t<div class=\"elementor-element elementor-element-954d8b3 elementor-widget elementor-widget-text-editor\" data-id=\"954d8b3\" data-element_type=\"widget\" data-widget_type=\"text-editor.default\">\n\t\t\t\t<div class=\"elementor-widget-container\">\n\t\t\t\t\t\t\t\t\tOA ist in zwei nationalen Regierungsaussch\u00fcssen vertreten: dem nationalen Planungsausschuss f\u00fcr Kinder, die von AIDS oder dessen Folgen betroffen sind (Ministerium f\u00fcr Arbeit und Jugend) und dem Regierungsausschuss f\u00fcr die Care Reform Initiative (CRI) des Sozialministeriums.\n\t\t\t\t\t\t\t\t<\/div>\n\t\t\t\t<\/div>\n\t\t\t\t<div class=\"elementor-element elementor-element-35aa63e elementor-widget elementor-widget-text-editor\" data-id=\"35aa63e\" data-element_type=\"widget\" data-widget_type=\"text-editor.default\">\n\t\t\t\t<div class=\"elementor-widget-container\">\n\t\t\t\t\t\t\t\t\tOIC International (US Aid), Ghana\t\t\t\t\t\t\t\t<\/div>\n\t\t\t\t<\/div>\n\t\t\t\t<div class=\"elementor-element elementor-element-2887c8a elementor-widget elementor-widget-text-editor\" data-id=\"2887c8a\" data-element_type=\"widget\" data-widget_type=\"text-editor.default\">\n\t\t\t\t<div class=\"elementor-widget-container\">\n\t\t\t\t\t\t\t\t\tOA und OIC International arbeiten gemeinsam an einem Ern\u00e4hrungsprogramm zur Verteilung von Nahrungsmitteln an Waisen, schutzbed\u00fcrftige und notleidende Kinder und Menschen, die an HIV\/AIDS erkrankt sind.\n\t\t\t\t\t\t\t\t<\/div>\n\t\t\t\t<\/div>\n\t\t\t\t\t<\/div>\n\t\t<\/div>\n\t\t\t\t\t<\/div>\n\t\t<\/section>\n\t\t\t\t<\/div>\n\t\t","protected":false},"excerpt":{"rendered":"<p>SPENDEN Das sind wir Unsere Programm-Partner OAfrica ist stolz, Gr\u00fcndungspartner der Care Reform Initiative (CRI) der ghanaischen Regierung zu sein, die darauf abzielt, das Betreuungssystem durch die Schlie\u00dfung von &#8220;Waisenh\u00e4usern&#8221; und die F\u00f6rderung von Verwandtschafts- und Pflegeverh\u00e4ltnissen zu reformieren. Dies wirkt sich direkt auf die rund 3.500 Kinder aus, die in Ghana in Waisenh\u00e4usern leben. [&hellip;]<\/p>\n","protected":false},"author":1,"featured_media":0,"parent":0,"menu_order":0,"comment_status":"closed","ping_status":"closed","template":"elementor_header_footer","meta":{"_mo_disable_npp":"","footnotes":""},"_links":{"self":[{"href":"https:\/\/www.oafrica.org\/home\/wp-json\/wp\/v2\/pages\/3450"}],"collection":[{"href":"https:\/\/www.oafrica.org\/home\/wp-json\/wp\/v2\/pages"}],"about":[{"href":"https:\/\/www.oafrica.org\/home\/wp-json\/wp\/v2\/types\/page"}],"author":[{"embeddable":true,"href":"https:\/\/www.oafrica.org\/home\/wp-json\/wp\/v2\/users\/1"}],"replies":[{"embeddable":true,"href":"https:\/\/www.oafrica.org\/home\/wp-json\/wp\/v2\/comments?post=3450"}],"version-history":[{"count":7,"href":"https:\/\/www.oafrica.org\/home\/wp-json\/wp\/v2\/pages\/3450\/revisions"}],"predecessor-version":[{"id":3752,"href":"https:\/\/www.oafrica.org\/home\/wp-json\/wp\/v2\/pages\/3450\/revisions\/3752"}],"wp:attachment":[{"href":"https:\/\/www.oafrica.org\/home\/wp-json\/wp\/v2\/media?parent=3450"}],"curies":[{"name":"wp","href":"https:\/\/api.w.org\/{rel}","templated":true}]}}