{"id":3514,"date":"2024-02-28T18:56:08","date_gmt":"2024-02-28T18:56:08","guid":{"rendered":"https:\/\/www.oafrica.org\/home\/?page_id=3514"},"modified":"2024-02-28T20:48:20","modified_gmt":"2024-02-28T20:48:20","slug":"das-sind-wir-faq","status":"publish","type":"page","link":"https:\/\/www.oafrica.org\/home\/de\/das-sind-wir-faq\/","title":{"rendered":"Das sind wir &#8211; FAQ"},"content":{"rendered":"\t\t<div data-elementor-type=\"wp-page\" data-elementor-id=\"3514\" class=\"elementor elementor-3514\" data-elementor-post-type=\"page\">\n\t\t\t\t\t\t<section class=\"elementor-section elementor-top-section elementor-element elementor-element-6c9f9206 elementor-section-height-min-height elementor-section-full_width elementor-section-content-middle elementor-section-height-default elementor-section-items-middle\" data-id=\"6c9f9206\" data-element_type=\"section\" data-settings=\"{&quot;background_background&quot;:&quot;classic&quot;}\">\n\t\t\t\t\t\t\t<div class=\"elementor-background-overlay\"><\/div>\n\t\t\t\t\t\t\t<div class=\"elementor-container elementor-column-gap-no\">\n\t\t\t\t\t<div class=\"elementor-column elementor-col-100 elementor-top-column elementor-element elementor-element-6dc82723\" data-id=\"6dc82723\" data-element_type=\"column\">\n\t\t\t<div class=\"elementor-widget-wrap elementor-element-populated\">\n\t\t\t\t\t\t<section class=\"elementor-section elementor-inner-section elementor-element elementor-element-6bca88eb elementor-section-full_width elementor-section-height-default elementor-section-height-default\" data-id=\"6bca88eb\" data-element_type=\"section\">\n\t\t\t\t\t\t<div class=\"elementor-container elementor-column-gap-default\">\n\t\t\t\t\t<div class=\"elementor-column elementor-col-100 elementor-inner-column elementor-element elementor-element-6ba48ee7\" data-id=\"6ba48ee7\" data-element_type=\"column\">\n\t\t\t<div class=\"elementor-widget-wrap elementor-element-populated\">\n\t\t\t\t\t\t<div class=\"elementor-element elementor-element-11367bb elementor-widget elementor-widget-global elementor-global-3398 elementor-widget-heading\" data-id=\"11367bb\" data-element_type=\"widget\" data-widget_type=\"heading.default\">\n\t\t\t\t<div class=\"elementor-widget-container\">\n\t\t\t\t\t<h2 class=\"elementor-heading-title elementor-size-default\">Das sind wir<\/h2>\t\t\t\t<\/div>\n\t\t\t\t<\/div>\n\t\t\t\t<div class=\"elementor-element elementor-element-4af1140 elementor-align-right donate-btn elementor-widget__width-auto elementor-widget-tablet__width-auto elementor-widget-mobile__width-auto elementor-fixed elementor-widget elementor-widget-global elementor-global-3642 elementor-widget-button\" data-id=\"4af1140\" data-element_type=\"widget\" data-settings=\"{&quot;sticky&quot;:&quot;top&quot;,&quot;sticky_parent&quot;:&quot;yes&quot;,&quot;_position&quot;:&quot;fixed&quot;,&quot;sticky_on&quot;:[&quot;desktop&quot;,&quot;tablet&quot;,&quot;mobile&quot;],&quot;sticky_offset&quot;:0,&quot;sticky_effects_offset&quot;:0}\" data-widget_type=\"button.default\">\n\t\t\t\t<div class=\"elementor-widget-container\">\n\t\t\t\t\t\t\t\t\t<div class=\"elementor-button-wrapper\">\n\t\t\t\t\t<a class=\"elementor-button elementor-button-link elementor-size-lg elementor-animation-bob\" href=\"#\">\n\t\t\t\t\t\t<span class=\"elementor-button-content-wrapper\">\n\t\t\t\t\t\t\t\t\t<span class=\"elementor-button-text\">SPENDEN<\/span>\n\t\t\t\t\t<\/span>\n\t\t\t\t\t<\/a>\n\t\t\t\t<\/div>\n\t\t\t\t\t\t\t\t<\/div>\n\t\t\t\t<\/div>\n\t\t\t\t\t<\/div>\n\t\t<\/div>\n\t\t\t\t\t<\/div>\n\t\t<\/section>\n\t\t\t\t\t<\/div>\n\t\t<\/div>\n\t\t\t\t\t<\/div>\n\t\t<\/section>\n\t\t\t\t<section class=\"elementor-section elementor-top-section elementor-element elementor-element-6477feae elementor-section-boxed elementor-section-height-default elementor-section-height-default\" data-id=\"6477feae\" data-element_type=\"section\" data-settings=\"{&quot;background_background&quot;:&quot;classic&quot;}\">\n\t\t\t\t\t\t<div class=\"elementor-container elementor-column-gap-default\">\n\t\t\t\t\t<div class=\"elementor-column elementor-col-100 elementor-top-column elementor-element elementor-element-651f4212\" data-id=\"651f4212\" data-element_type=\"column\" data-settings=\"{&quot;background_background&quot;:&quot;classic&quot;}\">\n\t\t\t<div class=\"elementor-widget-wrap elementor-element-populated\">\n\t\t\t\t\t\t<section class=\"elementor-section elementor-inner-section elementor-element elementor-element-2cde8d87 elementor-section-full_width elementor-section-height-default elementor-section-height-default\" data-id=\"2cde8d87\" data-element_type=\"section\">\n\t\t\t\t\t\t<div class=\"elementor-container elementor-column-gap-default\">\n\t\t\t\t\t<div class=\"elementor-column elementor-col-100 elementor-inner-column elementor-element elementor-element-52bccd85\" data-id=\"52bccd85\" data-element_type=\"column\">\n\t\t\t<div class=\"elementor-widget-wrap elementor-element-populated\">\n\t\t\t\t\t\t<div class=\"elementor-element elementor-element-4e2f0223 elementor-widget elementor-widget-heading\" data-id=\"4e2f0223\" data-element_type=\"widget\" data-widget_type=\"heading.default\">\n\t\t\t\t<div class=\"elementor-widget-container\">\n\t\t\t\t\t<h2 class=\"elementor-heading-title elementor-size-default\">OAfrica FAQ\n<\/h2>\t\t\t\t<\/div>\n\t\t\t\t<\/div>\n\t\t\t\t\t<\/div>\n\t\t<\/div>\n\t\t\t\t\t<\/div>\n\t\t<\/section>\n\t\t\t\t\t<\/div>\n\t\t<\/div>\n\t\t\t\t\t<\/div>\n\t\t<\/section>\n\t\t\t\t<section class=\"elementor-section elementor-top-section elementor-element elementor-element-7eca6f5 elementor-section-content-middle elementor-section-boxed elementor-section-height-default elementor-section-height-default\" data-id=\"7eca6f5\" data-element_type=\"section\">\n\t\t\t\t\t\t<div class=\"elementor-container elementor-column-gap-no\">\n\t\t\t\t\t<div class=\"elementor-column elementor-col-100 elementor-top-column elementor-element elementor-element-7de30cf\" data-id=\"7de30cf\" data-element_type=\"column\">\n\t\t\t<div class=\"elementor-widget-wrap elementor-element-populated\">\n\t\t\t\t\t\t<div class=\"elementor-element elementor-element-74a61ff5 elementor-widget elementor-widget-toggle\" data-id=\"74a61ff5\" data-element_type=\"widget\" data-widget_type=\"toggle.default\">\n\t\t\t\t<div class=\"elementor-widget-container\">\n\t\t\t\t\t\t\t<div class=\"elementor-toggle\">\n\t\t\t\t\t\t\t<div class=\"elementor-toggle-item\">\n\t\t\t\t\t<div id=\"elementor-tab-title-1951\" class=\"elementor-tab-title\" data-tab=\"1\" role=\"button\" aria-controls=\"elementor-tab-content-1951\" aria-expanded=\"false\">\n\t\t\t\t\t\t\t\t\t\t\t\t<span class=\"elementor-toggle-icon elementor-toggle-icon-right\" aria-hidden=\"true\">\n\t\t\t\t\t\t\t\t\t\t\t\t\t\t\t<span class=\"elementor-toggle-icon-closed\"><i class=\"fas fa-caret-right\"><\/i><\/span>\n\t\t\t\t\t\t\t\t<span class=\"elementor-toggle-icon-opened\"><i class=\"elementor-toggle-icon-opened fas fa-caret-up\"><\/i><\/span>\n\t\t\t\t\t\t\t\t\t\t\t\t\t<\/span>\n\t\t\t\t\t\t\t\t\t\t\t\t<a class=\"elementor-toggle-title\" tabindex=\"0\">Ist es m\u00f6glich, ein ghanaisches Kind nach Europa oder in die USA zu bringen?<\/a>\n\t\t\t\t\t<\/div>\n\n\t\t\t\t\t<div id=\"elementor-tab-content-1951\" class=\"elementor-tab-content elementor-clearfix\" data-tab=\"1\" role=\"region\" aria-labelledby=\"elementor-tab-title-1951\"><p>Leider k\u00f6nnen wir kein Kind unterst\u00fctzen, das zu Ausbildungszwecken nach Europa oder in die USA reisen m\u00f6chte.<\/p><ul><li>In Ghana gibt es gute Universit\u00e4ten \u2013 Du als Spender kannst eines unserer speziellen Programme unterst\u00fctzen, damit das Kind in Ghana bleiben und dort seine Ausbildung machen kann.<\/li><li>Wir m\u00f6chten, dass gebildete Ghanaer im Land bleiben k\u00f6nnen und somit einen Beitrag zur Wirtschaft und Gesellschaft leisten k\u00f6nnen.<\/li><\/ul><\/div>\n\t\t\t\t<\/div>\n\t\t\t\t\t\t\t\t<\/div>\n\t\t\t\t\t\t<\/div>\n\t\t\t\t<\/div>\n\t\t\t\t<div class=\"elementor-element elementor-element-cef8305 elementor-widget elementor-widget-toggle\" data-id=\"cef8305\" data-element_type=\"widget\" data-widget_type=\"toggle.default\">\n\t\t\t\t<div class=\"elementor-widget-container\">\n\t\t\t\t\t\t\t<div class=\"elementor-toggle\">\n\t\t\t\t\t\t\t<div class=\"elementor-toggle-item\">\n\t\t\t\t\t<div id=\"elementor-tab-title-2171\" class=\"elementor-tab-title\" data-tab=\"1\" role=\"button\" aria-controls=\"elementor-tab-content-2171\" aria-expanded=\"false\">\n\t\t\t\t\t\t\t\t\t\t\t\t<span class=\"elementor-toggle-icon elementor-toggle-icon-right\" aria-hidden=\"true\">\n\t\t\t\t\t\t\t\t\t\t\t\t\t\t\t<span class=\"elementor-toggle-icon-closed\"><i class=\"fas fa-caret-right\"><\/i><\/span>\n\t\t\t\t\t\t\t\t<span class=\"elementor-toggle-icon-opened\"><i class=\"elementor-toggle-icon-opened fas fa-caret-up\"><\/i><\/span>\n\t\t\t\t\t\t\t\t\t\t\t\t\t<\/span>\n\t\t\t\t\t\t\t\t\t\t\t\t<a class=\"elementor-toggle-title\" tabindex=\"0\">Ist es m\u00f6glich, kranke Kinder f\u00fcr aufwendige medizinische Behandlungen oder Operationen nach Europa oder in die USA zu bringen?<\/a>\n\t\t\t\t\t<\/div>\n\n\t\t\t\t\t<div id=\"elementor-tab-content-2171\" class=\"elementor-tab-content elementor-clearfix\" data-tab=\"1\" role=\"region\" aria-labelledby=\"elementor-tab-title-2171\"><ul><li>Das Kind muss von einem zugelassenen Arzt in Ghana untersucht werden.<\/li><li>Der Arzt muss zu dem Schluss kommen, dass eine angemessene Behandlung in Ghana nicht m\u00f6glich ist und das Kind nur gesund werden bzw. \u00fcberleben kann, wenn es im Ausland medizinisch behandelt wird.<\/li><li>Wir haben in der Vergangenheit bereits zwei Kindern eine Operation im Ausland erm\u00f6glicht: Sekina wurde 2005 in Spanien erfolgreich wegen ihres schlechten Sehverm\u00f6gens operiert; Daniel wurde 2006 in die USA geschickt, um sein volles Sehverm\u00f6gen wiederzuerlangen, aber leider konnte er aufgrund einer degenerativen Netzhauterkrankung, die nicht korrigiert werden konnte, nicht operiert werden.<\/li><li>Unsere Politik ist es, m\u00f6glichst vielen Kindern zu helfen und i.d.R. k\u00f6nnen wir die Energie und die Ressourcen, die wir f\u00fcr die internationale Behandlung eines einzelnen Kindes aufwenden m\u00fcssten, nicht rechtfertigen. Normalerweise ben\u00f6tigen diese Initiativen eine aktive Partnerorganisation, die sich auf diese Art von medizinischen Initiativen spezialisiert hat und die diese zus\u00e4tzlichen Aufw\u00e4nde tr\u00e4gt.<\/li><\/ul><\/div>\n\t\t\t\t<\/div>\n\t\t\t\t\t\t\t\t<\/div>\n\t\t\t\t\t\t<\/div>\n\t\t\t\t<\/div>\n\t\t\t\t<div class=\"elementor-element elementor-element-074a9d8 elementor-widget elementor-widget-toggle\" data-id=\"074a9d8\" data-element_type=\"widget\" data-widget_type=\"toggle.default\">\n\t\t\t\t<div class=\"elementor-widget-container\">\n\t\t\t\t\t\t\t<div class=\"elementor-toggle\">\n\t\t\t\t\t\t\t<div class=\"elementor-toggle-item\">\n\t\t\t\t\t<div id=\"elementor-tab-title-7641\" class=\"elementor-tab-title\" data-tab=\"1\" role=\"button\" aria-controls=\"elementor-tab-content-7641\" aria-expanded=\"false\">\n\t\t\t\t\t\t\t\t\t\t\t\t<span class=\"elementor-toggle-icon elementor-toggle-icon-right\" aria-hidden=\"true\">\n\t\t\t\t\t\t\t\t\t\t\t\t\t\t\t<span class=\"elementor-toggle-icon-closed\"><i class=\"fas fa-caret-right\"><\/i><\/span>\n\t\t\t\t\t\t\t\t<span class=\"elementor-toggle-icon-opened\"><i class=\"elementor-toggle-icon-opened fas fa-caret-up\"><\/i><\/span>\n\t\t\t\t\t\t\t\t\t\t\t\t\t<\/span>\n\t\t\t\t\t\t\t\t\t\t\t\t<a class=\"elementor-toggle-title\" tabindex=\"0\">Ist es m\u00f6glich, ein Kind aus Pflegefamilien von OAfrica zu adoptieren?<\/a>\n\t\t\t\t\t<\/div>\n\n\t\t\t\t\t<div id=\"elementor-tab-content-7641\" class=\"elementor-tab-content elementor-clearfix\" data-tab=\"1\" role=\"region\" aria-labelledby=\"elementor-tab-title-7641\"><ul><li>OA hat kein offizielles Mandat, formelle Ratschl\u00e4ge zu Adoptionen zu erteilen.<\/li><li>Obwohl OA die Idee der Adoption f\u00f6rdert und hofft, dass alle vermittelbaren Kinder adoptiert werden, hat OA keine rechtliche Befugnis, Adoptionen zu bearbeiten.<\/li><li>Alle Adoptionen in Ghana m\u00fcssen vom Department of Social Welfare (DSW) genehmigt und geleitet werden. Alle Personen, die an einer Adoption interessiert sind, m\u00fcssen in ihrem Heimatland die notwendigen rechtlichen Schritte einleiten und die entsprechenden Dokumente und Genehmigungen einholen. Gesetze, Anforderungen usw. k\u00f6nnen sich \u00e4ndern oder unterscheiden sich je nach Herkunftsland, Geschlecht, Familienstand usw.<\/li><li>Die Gesetze sind von Land zu Land unterschiedlich.<br \/>Die entsprechenden Dokumente m\u00fcssen dem DSW in Ghana vorgelegt werden. Nach der Genehmigung durch das DSW k\u00f6nnen die zuk\u00fcnftigen Eltern ein Kind adoptieren (unter Anleitung des hauseigenen Anwalts des DSW).<\/li><li>Die Adoptiveltern m\u00fcssen das entsprechende Visum beim Konsulat ihres Landes in Ghana beantragen, bevor sie das Kind in ihr Heimatland bringen.<\/li><\/ul><\/div>\n\t\t\t\t<\/div>\n\t\t\t\t\t\t\t\t<\/div>\n\t\t\t\t\t\t<\/div>\n\t\t\t\t<\/div>\n\t\t\t\t<div class=\"elementor-element elementor-element-6cdc4f0 elementor-widget elementor-widget-toggle\" data-id=\"6cdc4f0\" data-element_type=\"widget\" data-widget_type=\"toggle.default\">\n\t\t\t\t<div class=\"elementor-widget-container\">\n\t\t\t\t\t\t\t<div class=\"elementor-toggle\">\n\t\t\t\t\t\t\t<div class=\"elementor-toggle-item\">\n\t\t\t\t\t<div id=\"elementor-tab-title-1141\" class=\"elementor-tab-title\" data-tab=\"1\" role=\"button\" aria-controls=\"elementor-tab-content-1141\" aria-expanded=\"false\">\n\t\t\t\t\t\t\t\t\t\t\t\t<span class=\"elementor-toggle-icon elementor-toggle-icon-right\" aria-hidden=\"true\">\n\t\t\t\t\t\t\t\t\t\t\t\t\t\t\t<span class=\"elementor-toggle-icon-closed\"><i class=\"fas fa-caret-right\"><\/i><\/span>\n\t\t\t\t\t\t\t\t<span class=\"elementor-toggle-icon-opened\"><i class=\"elementor-toggle-icon-opened fas fa-caret-up\"><\/i><\/span>\n\t\t\t\t\t\t\t\t\t\t\t\t\t<\/span>\n\t\t\t\t\t\t\t\t\t\t\t\t<a class=\"elementor-toggle-title\" tabindex=\"0\">Ist es m\u00f6glich, sich als Freiwilliger bei OAfrica zu engagieren? <\/a>\n\t\t\t\t\t<\/div>\n\n\t\t\t\t\t<div id=\"elementor-tab-content-1141\" class=\"elementor-tab-content elementor-clearfix\" data-tab=\"1\" role=\"region\" aria-labelledby=\"elementor-tab-title-1141\"><ul><li>OA hat seit einigen Jahren kein Freiwilligenprogramm in Ghana mehr.<\/li><li>Wir freuen uns \u00fcber Besuche von Spendern, Vorstandsmitgliedern und potenziellen Mitarbeitern in Ghana, in der Hoffnung, dass diese zu langfristigen Unterst\u00fctzern werden.<\/li><li>Wenn Du glaubst, uns durch Dein passendes Profil als Mitarbeiter*in unterst\u00fctzen zu k\u00f6nnen, dann schicke Deine Bewerbung bitte an<a href=\"mailto:africa@oafrica.org\" target=\"_blank\" rel=\"noopener\"> africa@oafrica.org<\/a>.<\/li><li>Die Gr\u00fcnde, warum wir uns entschieden haben, unser Freiwilligen-Programm zu beenden, findest du\u00a0<a href=\"http:\/\/globalsl.org\/why-unicef-and-save-the-children-are-against-you-caring-for-orphans\/#comment-18\" target=\"_blank\" rel=\"noopener\">hier<\/a>.<\/li><\/ul><\/div>\n\t\t\t\t<\/div>\n\t\t\t\t\t\t\t\t<\/div>\n\t\t\t\t\t\t<\/div>\n\t\t\t\t<\/div>\n\t\t\t\t<div class=\"elementor-element elementor-element-f6e166f elementor-widget elementor-widget-toggle\" data-id=\"f6e166f\" data-element_type=\"widget\" data-widget_type=\"toggle.default\">\n\t\t\t\t<div class=\"elementor-widget-container\">\n\t\t\t\t\t\t\t<div class=\"elementor-toggle\">\n\t\t\t\t\t\t\t<div class=\"elementor-toggle-item\">\n\t\t\t\t\t<div id=\"elementor-tab-title-2581\" class=\"elementor-tab-title\" data-tab=\"1\" role=\"button\" aria-controls=\"elementor-tab-content-2581\" aria-expanded=\"false\">\n\t\t\t\t\t\t\t\t\t\t\t\t<span class=\"elementor-toggle-icon elementor-toggle-icon-right\" aria-hidden=\"true\">\n\t\t\t\t\t\t\t\t\t\t\t\t\t\t\t<span class=\"elementor-toggle-icon-closed\"><i class=\"fas fa-caret-right\"><\/i><\/span>\n\t\t\t\t\t\t\t\t<span class=\"elementor-toggle-icon-opened\"><i class=\"elementor-toggle-icon-opened fas fa-caret-up\"><\/i><\/span>\n\t\t\t\t\t\t\t\t\t\t\t\t\t<\/span>\n\t\t\t\t\t\t\t\t\t\t\t\t<a class=\"elementor-toggle-title\" tabindex=\"0\">Empfiehlt OAfrica die \u00d6ffnung bzw. Unterst\u00fctzung von Kinderheimen und Waisenh\u00e4usern?<\/a>\n\t\t\t\t\t<\/div>\n\n\t\t\t\t\t<div id=\"elementor-tab-content-2581\" class=\"elementor-tab-content elementor-clearfix\" data-tab=\"1\" role=\"region\" aria-labelledby=\"elementor-tab-title-2581\"><ul><li>Nein. OAfrica ist der festen \u00dcberzeugung, dass die F\u00f6rderung institutioneller Betreuung nicht zielf\u00fchrend ist und es stattdessen deutlich bessere Wege gibt, bed\u00fcrftige Kinder zu unterst\u00fctzen.<\/li><li>Wir setzen uns f\u00fcr gemeindebasierte Programme ein, die die Familien st\u00e4rken, und nicht f\u00fcr eine institutionelle Betreuung, die nicht wirtschaftlich ist und oft die Rechte der Kinder verletzt.<\/li><li>Du kannst dies zum Beispiel tun, indem Du folgendes tust:<ol><li>Zusammenarbeit und St\u00e4rkung des Sozialsystems und der Zivilgesellschaft in dem Land, in dem Du aktiv bist\/sein willst, um die Politik, die Planung und die Versorgungssysteme f\u00fcr Waisen und gef\u00e4hrdete Kinder zu verbessern.<\/li><li>Verbesserung der F\u00e4higkeiten kranker und verarmter Eltern, um eine vorzeitige Trennung des Kindes von seiner Familie zu verhindern.<\/li><\/ol><\/li><li>In diesem Zusammenhang kannst Du Dir gerne auch die UNICEF-Website &#8220;<a href=\"http:\/\/www.crin.org\" target=\"_blank\" rel=\"noopener\">Better Care Network&#8217;s<\/a>\u201c und die\u00a0<a href=\"http:\/\/www.ovcghana.org\" target=\"_blank\" rel=\"noopener\">Website der Regierung von Ghana<\/a>\u00a0anschauen.<\/li><li><a href=\"http:\/\/www.unicef.org\/protection\/alternative_care_Guidelines-English.pdf\" target=\"_blank\" rel=\"noopener\">Spezifische Leitlinien findest Du auch unter<\/a><\/li><\/ul><\/div>\n\t\t\t\t<\/div>\n\t\t\t\t\t\t\t\t<\/div>\n\t\t\t\t\t\t<\/div>\n\t\t\t\t<\/div>\n\t\t\t\t\t<\/div>\n\t\t<\/div>\n\t\t\t\t\t<\/div>\n\t\t<\/section>\n\t\t\t\t<\/div>\n\t\t","protected":false},"excerpt":{"rendered":"<p>Das sind wir SPENDEN OAfrica FAQ Ist es m\u00f6glich, ein ghanaisches Kind nach Europa oder in die USA zu bringen? Leider k\u00f6nnen wir kein Kind unterst\u00fctzen, das zu Ausbildungszwecken nach Europa oder in die USA reisen m\u00f6chte. In Ghana gibt es gute Universit\u00e4ten \u2013 Du als Spender kannst eines unserer speziellen Programme unterst\u00fctzen, damit das [&hellip;]<\/p>\n","protected":false},"author":1,"featured_media":0,"parent":0,"menu_order":0,"comment_status":"closed","ping_status":"closed","template":"elementor_header_footer","meta":{"_mo_disable_npp":"","footnotes":""},"_links":{"self":[{"href":"https:\/\/www.oafrica.org\/home\/wp-json\/wp\/v2\/pages\/3514"}],"collection":[{"href":"https:\/\/www.oafrica.org\/home\/wp-json\/wp\/v2\/pages"}],"about":[{"href":"https:\/\/www.oafrica.org\/home\/wp-json\/wp\/v2\/types\/page"}],"author":[{"embeddable":true,"href":"https:\/\/www.oafrica.org\/home\/wp-json\/wp\/v2\/users\/1"}],"replies":[{"embeddable":true,"href":"https:\/\/www.oafrica.org\/home\/wp-json\/wp\/v2\/comments?post=3514"}],"version-history":[{"count":19,"href":"https:\/\/www.oafrica.org\/home\/wp-json\/wp\/v2\/pages\/3514\/revisions"}],"predecessor-version":[{"id":3782,"href":"https:\/\/www.oafrica.org\/home\/wp-json\/wp\/v2\/pages\/3514\/revisions\/3782"}],"wp:attachment":[{"href":"https:\/\/www.oafrica.org\/home\/wp-json\/wp\/v2\/media?parent=3514"}],"curies":[{"name":"wp","href":"https:\/\/api.w.org\/{rel}","templated":true}]}}