{"id":3531,"date":"2024-02-28T18:56:00","date_gmt":"2024-02-28T18:56:00","guid":{"rendered":"https:\/\/www.oafrica.org\/home\/?page_id=3531"},"modified":"2024-02-29T16:53:25","modified_gmt":"2024-02-29T16:53:25","slug":"impressum","status":"publish","type":"page","link":"https:\/\/www.oafrica.org\/home\/de\/impressum\/","title":{"rendered":"Impressum"},"content":{"rendered":"\t\t<div data-elementor-type=\"wp-page\" data-elementor-id=\"3531\" class=\"elementor elementor-3531\" data-elementor-post-type=\"page\">\n\t\t\t\t<div class=\"elementor-element elementor-element-5f4141d e-con-full e-flex e-con e-parent\" data-id=\"5f4141d\" data-element_type=\"container\" data-settings=\"{&quot;background_background&quot;:&quot;classic&quot;}\">\n\t\t\t\t<\/div>\n\t\t<div class=\"elementor-element elementor-element-375be51 e-flex e-con-boxed e-con e-parent\" data-id=\"375be51\" data-element_type=\"container\" data-settings=\"{&quot;background_background&quot;:&quot;classic&quot;}\">\n\t\t\t\t\t<div class=\"e-con-inner\">\n\t\t\t\t<div class=\"elementor-element elementor-element-121c86d elementor-widget elementor-widget-heading\" data-id=\"121c86d\" data-element_type=\"widget\" data-widget_type=\"heading.default\">\n\t\t\t\t<div class=\"elementor-widget-container\">\n\t\t\t\t\t<h2 class=\"elementor-heading-title elementor-size-default\">Impressum<\/h2>\t\t\t\t<\/div>\n\t\t\t\t<\/div>\n\t\t<div class=\"elementor-element elementor-element-96c992a e-flex e-con-boxed e-con e-child\" data-id=\"96c992a\" data-element_type=\"container\">\n\t\t\t\t\t<div class=\"e-con-inner\">\n\t\t\t\t<div class=\"elementor-element elementor-element-e16104e elementor-widget elementor-widget-text-editor\" data-id=\"e16104e\" data-element_type=\"widget\" data-widget_type=\"text-editor.default\">\n\t\t\t\t<div class=\"elementor-widget-container\">\n\t\t\t\t\t\t\t\t\t<p>Wenn Sie Fragen oder Anregungen zu dieser Website haben, schicken Sie uns bitte eine Email an\u00a0<a style=\"letter-spacing: -0.015em;\" href=\"mailto:deutschland@oafrica.org\" target=\"_blank\" rel=\"noopener\">deutschland@oafrica.org.<\/a><\/p><p>OAfrica e. V.<br \/>Fischleite 2<br \/>82266 Buch am Ammersee<br \/>E-Mail:\u00a0<a href=\"mailto:deutschland@oafrica.org\" target=\"_blank\" rel=\"noopener\">deutschland@oafrica.org<\/a><br \/>Telefon: 08143 \/ 27 15 05 7<\/p><p>Vorstandsvorsitzende: Anja R\u00fcttermann<br \/>Vorst\u00e4nde: Petra-Alexa Heinze<\/p><p>Registernummer: VR 207237 (Vereinsregister M\u00fcnchen)<br \/>Registergericht: Amtsgericht M\u00fcnchen<\/p><p><b>Vormals: <\/b>OrphanAid Africa Stiftung | c\/o Haus des Stiftens | Landshuter Allee 11 | 80637 M\u00fcnchen<\/p><p><b>Webseite<br \/><\/b>Herausgeber: OAfrica e. V.<br \/>Redaktion: OAfrica e. V.<\/p><p><b>Bilderrechte<\/b><br \/>Icons made by\u00a0<a href=\"http:\/\/www.freepik.com\/\" target=\"_blank\" rel=\"noopener\">Freepik<\/a>,\u00a0<a href=\"https:\/\/www.flaticon.com\/authors\/vectors-market\" target=\"_blank\" rel=\"noopener\">Vectors Market,<\/a>\u00a0<a href=\"https:\/\/www.flaticon.com\/authors\/nikita-golubev\" target=\"_blank\" rel=\"noopener\">Nikita Golubev<\/a>\u00a0from<a href=\"https:\/\/www.flaticon.com\/\" target=\"_blank\" rel=\"noopener\"> www.flaticon.com<\/a>\u00a0is licensed by\u00a0<a style=\"letter-spacing: -0.015em;\" href=\"http:\/\/creativecommons.org\/licenses\/by\/3.0\/\" target=\"_blank\" rel=\"noopener\">CC 3.0 BY<\/a><\/p><p><b style=\"font-size: inherit; text-align: inherit; color: var( --e-global-color-primary ); letter-spacing: -0.015em;\">Rechtliche Hinweise<\/b><\/p><p>Die Informationen auf der Webseite des OAfrica e. V. (OA) werden st\u00e4ndig gepr\u00fcft und aktualisiert. Trotz aller Sorgfalt k\u00f6nnen sich die Daten inzwischen ver\u00e4ndert haben. Eine Haftung oder Garantie f\u00fcr die Aktualit\u00e4t, Richtigkeit und Vollst\u00e4ndigkeit der zur Verf\u00fcgung gestellten Informationen kann daher nicht \u00fcbernommen werden. Gleiches gilt auch f\u00fcr alle anderen Webseiten, auf die mittels Hyperlink verwiesen wird. OA ist f\u00fcr den Inhalt der Webseiten, die aufgrund einer solchen Verbindung erreicht werden, nicht verantwortlich.<br \/>Alle auf der Webseite genannten Warenzeichen und Markennamen sind Eigentum und Besitz der jeweiligen Eigner oder Hersteller.<\/p><p><br \/><b>Hinweise zur steuerlichen Absetzbarkeit von Spenden<br \/><\/b><span style=\"font-size: inherit; text-align: inherit; color: var( --e-global-color-primary ); letter-spacing: -0.015em;\">Selbstverst\u00e4ndlich erhalten Sie von uns bei Spenden, die Sie direkt an uns t\u00e4tigen, eine Spendenbescheinigung f\u00fcr das Finanzamt. Seit dem 01.01.2007 k\u00f6nnen einheitlich 20% des Gesamtbetrags der Eink\u00fcnfte als Sonderausgaben abgezogen werden, unabh\u00e4ngig davon, welchen steuerbeg\u00fcnstigten Zweck die unterst\u00fctzte Organisation verfolgt. Dies bewirkt beim Steuerpflichtigen eine Verringerung des Gesamtbetrags der Eink\u00fcnfte und f\u00fchrt dadurch zu einer Verringerung der pers\u00f6nlichen Steuerlast. F\u00fcr Spenden bis 200 Euro gelten vereinfachte Nachweispflichten. Ab der Steuererkl\u00e4rung 2017 m\u00fcssen Sie beim Finanzamt nicht mehr grunds\u00e4tzlich Spendenbelege einreichen, sondern nur noch auf Verlangen.<\/span><\/p><p><b>Verwendung der Spendengelder<br \/><\/b>Die Informationen dieses Internetauftritts beschreiben die Aktivit\u00e4ten von OA. Spendengelder werden genutzt, um die Projekte von OA in Ghana zu unterst\u00fctzen, je nachdem, wo der Bedarf gerade am gr\u00f6\u00dften ist. Mehr Informationen zur konkreten Spendenverwendung finden Sie auf unserer\u00a0<a href=\"#\" target=\"_blank\" rel=\"noopener\">Transparenzseite<\/a>\u00a0und in unseren\u00a0<a href=\"#\" target=\"_blank\" rel=\"noopener\">Jahresberichten<\/a>\u00a0Sollten Sie explizit einzelne unserer Projekte unterst\u00fctzen wollen, ist das selbstverst\u00e4ndlich m\u00f6glich. Setzen Sie sich bitte einfach unter\u00a0<a href=\"mailto:deutschland@oafrica.org\" target=\"_blank\" rel=\"noopener\">deutschland@oafrica.org\u00a0<\/a>mit uns in Verbindung.<\/p>\t\t\t\t\t\t\t\t<\/div>\n\t\t\t\t<\/div>\n\t\t\t\t\t<\/div>\n\t\t\t\t<\/div>\n\t\t\t\t\t<\/div>\n\t\t\t\t<\/div>\n\t\t\t\t<\/div>\n\t\t","protected":false},"excerpt":{"rendered":"<p>Impressum Wenn Sie Fragen oder Anregungen zu dieser Website haben, schicken Sie uns bitte eine Email an\u00a0deutschland@oafrica.org. OAfrica e. V.Fischleite 282266 Buch am AmmerseeE-Mail:\u00a0deutschland@oafrica.orgTelefon: 08143 \/ 27 15 05 7 Vorstandsvorsitzende: Anja R\u00fcttermannVorst\u00e4nde: Petra-Alexa Heinze Registernummer: VR 207237 (Vereinsregister M\u00fcnchen)Registergericht: Amtsgericht M\u00fcnchen Vormals: OrphanAid Africa Stiftung | c\/o Haus des Stiftens | Landshuter Allee 11 [&hellip;]<\/p>\n","protected":false},"author":1,"featured_media":0,"parent":0,"menu_order":0,"comment_status":"closed","ping_status":"closed","template":"elementor_header_footer","meta":{"_mo_disable_npp":"","footnotes":""},"_links":{"self":[{"href":"https:\/\/www.oafrica.org\/home\/wp-json\/wp\/v2\/pages\/3531"}],"collection":[{"href":"https:\/\/www.oafrica.org\/home\/wp-json\/wp\/v2\/pages"}],"about":[{"href":"https:\/\/www.oafrica.org\/home\/wp-json\/wp\/v2\/types\/page"}],"author":[{"embeddable":true,"href":"https:\/\/www.oafrica.org\/home\/wp-json\/wp\/v2\/users\/1"}],"replies":[{"embeddable":true,"href":"https:\/\/www.oafrica.org\/home\/wp-json\/wp\/v2\/comments?post=3531"}],"version-history":[{"count":16,"href":"https:\/\/www.oafrica.org\/home\/wp-json\/wp\/v2\/pages\/3531\/revisions"}],"predecessor-version":[{"id":3847,"href":"https:\/\/www.oafrica.org\/home\/wp-json\/wp\/v2\/pages\/3531\/revisions\/3847"}],"wp:attachment":[{"href":"https:\/\/www.oafrica.org\/home\/wp-json\/wp\/v2\/media?parent=3531"}],"curies":[{"name":"wp","href":"https:\/\/api.w.org\/{rel}","templated":true}]}}