{"id":3574,"date":"2024-02-28T18:55:25","date_gmt":"2024-02-28T18:55:25","guid":{"rendered":"https:\/\/www.oafrica.org\/home\/?page_id=3574"},"modified":"2024-02-29T15:50:27","modified_gmt":"2024-02-29T15:50:27","slug":"das-machen-wir-pflegefamilien","status":"publish","type":"page","link":"https:\/\/www.oafrica.org\/home\/de\/das-machen-wir-pflegefamilien\/","title":{"rendered":"Das machen wir &#8211; Pflegefamilien"},"content":{"rendered":"\t\t<div data-elementor-type=\"wp-page\" data-elementor-id=\"3574\" class=\"elementor elementor-3574\" data-elementor-post-type=\"page\">\n\t\t\t\t\t\t<section class=\"elementor-section elementor-top-section elementor-element elementor-element-7cb91c76 elementor-section-height-min-height elementor-section-full_width elementor-section-content-middle elementor-section-height-default elementor-section-items-middle\" data-id=\"7cb91c76\" data-element_type=\"section\" data-settings=\"{&quot;background_background&quot;:&quot;classic&quot;}\">\n\t\t\t\t\t\t\t<div class=\"elementor-background-overlay\"><\/div>\n\t\t\t\t\t\t\t<div class=\"elementor-container elementor-column-gap-no\">\n\t\t\t\t\t<div class=\"elementor-column elementor-col-100 elementor-top-column elementor-element elementor-element-68ef6918\" data-id=\"68ef6918\" data-element_type=\"column\">\n\t\t\t<div class=\"elementor-widget-wrap elementor-element-populated\">\n\t\t\t\t\t\t<section class=\"elementor-section elementor-inner-section elementor-element elementor-element-2ed41c74 elementor-section-full_width elementor-section-height-default elementor-section-height-default\" data-id=\"2ed41c74\" data-element_type=\"section\">\n\t\t\t\t\t\t<div class=\"elementor-container elementor-column-gap-default\">\n\t\t\t\t\t<div class=\"elementor-column elementor-col-100 elementor-inner-column elementor-element elementor-element-3a8581cf\" data-id=\"3a8581cf\" data-element_type=\"column\">\n\t\t\t<div class=\"elementor-widget-wrap elementor-element-populated\">\n\t\t\t\t\t\t<div class=\"elementor-element elementor-element-feda0c3 elementor-widget elementor-widget-global elementor-global-3549 elementor-widget-heading\" data-id=\"feda0c3\" data-element_type=\"widget\" data-widget_type=\"heading.default\">\n\t\t\t\t<div class=\"elementor-widget-container\">\n\t\t\t\t\t<h2 class=\"elementor-heading-title elementor-size-default\">Das machen wir\n<\/h2>\t\t\t\t<\/div>\n\t\t\t\t<\/div>\n\t\t\t\t\t<\/div>\n\t\t<\/div>\n\t\t\t\t\t<\/div>\n\t\t<\/section>\n\t\t\t\t<div class=\"elementor-element elementor-element-050825c elementor-align-right donate-btn elementor-widget__width-auto elementor-widget-tablet__width-auto elementor-widget-mobile__width-auto elementor-fixed elementor-widget elementor-widget-global elementor-global-3642 elementor-widget-button\" data-id=\"050825c\" data-element_type=\"widget\" data-settings=\"{&quot;sticky&quot;:&quot;top&quot;,&quot;sticky_parent&quot;:&quot;yes&quot;,&quot;_position&quot;:&quot;fixed&quot;,&quot;sticky_on&quot;:[&quot;desktop&quot;,&quot;tablet&quot;,&quot;mobile&quot;],&quot;sticky_offset&quot;:0,&quot;sticky_effects_offset&quot;:0}\" data-widget_type=\"button.default\">\n\t\t\t\t<div class=\"elementor-widget-container\">\n\t\t\t\t\t\t\t\t\t<div class=\"elementor-button-wrapper\">\n\t\t\t\t\t<a class=\"elementor-button elementor-button-link elementor-size-lg elementor-animation-bob\" href=\"#\">\n\t\t\t\t\t\t<span class=\"elementor-button-content-wrapper\">\n\t\t\t\t\t\t\t\t\t<span class=\"elementor-button-text\">SPENDEN<\/span>\n\t\t\t\t\t<\/span>\n\t\t\t\t\t<\/a>\n\t\t\t\t<\/div>\n\t\t\t\t\t\t\t\t<\/div>\n\t\t\t\t<\/div>\n\t\t\t\t\t<\/div>\n\t\t<\/div>\n\t\t\t\t\t<\/div>\n\t\t<\/section>\n\t\t\t\t<section class=\"elementor-section elementor-top-section elementor-element elementor-element-3f5efde8 elementor-section-boxed elementor-section-height-default elementor-section-height-default\" data-id=\"3f5efde8\" data-element_type=\"section\" data-settings=\"{&quot;background_background&quot;:&quot;classic&quot;}\">\n\t\t\t\t\t\t<div class=\"elementor-container elementor-column-gap-default\">\n\t\t\t\t\t<div class=\"elementor-column elementor-col-100 elementor-top-column elementor-element elementor-element-632109ef\" data-id=\"632109ef\" data-element_type=\"column\" data-settings=\"{&quot;background_background&quot;:&quot;classic&quot;}\">\n\t\t\t<div class=\"elementor-widget-wrap elementor-element-populated\">\n\t\t\t\t\t\t<section class=\"elementor-section elementor-inner-section elementor-element elementor-element-29becc0b elementor-section-full_width elementor-section-height-default elementor-section-height-default\" data-id=\"29becc0b\" data-element_type=\"section\">\n\t\t\t\t\t\t<div class=\"elementor-container elementor-column-gap-default\">\n\t\t\t\t\t<div class=\"elementor-column elementor-col-100 elementor-inner-column elementor-element elementor-element-3150ebeb\" data-id=\"3150ebeb\" data-element_type=\"column\">\n\t\t\t<div class=\"elementor-widget-wrap elementor-element-populated\">\n\t\t\t\t\t\t<div class=\"elementor-element elementor-element-57f34e01 elementor-widget elementor-widget-heading\" data-id=\"57f34e01\" data-element_type=\"widget\" data-widget_type=\"heading.default\">\n\t\t\t\t<div class=\"elementor-widget-container\">\n\t\t\t\t\t<h2 class=\"elementor-heading-title elementor-size-default\">Pflegefamilien<\/h2>\t\t\t\t<\/div>\n\t\t\t\t<\/div>\n\t\t\t\t\t<\/div>\n\t\t<\/div>\n\t\t\t\t\t<\/div>\n\t\t<\/section>\n\t\t\t\t\t<\/div>\n\t\t<\/div>\n\t\t\t\t\t<\/div>\n\t\t<\/section>\n\t\t\t\t<section class=\"elementor-section elementor-top-section elementor-element elementor-element-7a561f7b elementor-section-content-middle elementor-section-boxed elementor-section-height-default elementor-section-height-default\" data-id=\"7a561f7b\" data-element_type=\"section\">\n\t\t\t\t\t\t\t<div class=\"elementor-background-overlay\"><\/div>\n\t\t\t\t\t\t\t<div class=\"elementor-container elementor-column-gap-no\">\n\t\t\t\t\t<div class=\"elementor-column elementor-col-100 elementor-top-column elementor-element elementor-element-45e8a5c9\" data-id=\"45e8a5c9\" data-element_type=\"column\">\n\t\t\t<div class=\"elementor-widget-wrap elementor-element-populated\">\n\t\t\t\t\t\t<div class=\"elementor-element elementor-element-fce5473 elementor-widget elementor-widget-text-editor\" data-id=\"fce5473\" data-element_type=\"widget\" data-widget_type=\"text-editor.default\">\n\t\t\t\t<div class=\"elementor-widget-container\">\n\t\t\t\t\t\t\t\t\t<p>Mit dem Programm <b>Foster Family Care (FFC) <\/b>unterst\u00fctzt OAfrica Kinder, die nicht mehr bei ihren leiblichen Eltern leben k\u00f6nnen. Die Gr\u00fcnde daf\u00fcr sind vielf\u00e4ltig. Vielfach gibt es keine Eltern oder Familienangeh\u00f6rigen mehr, die sich um die Kinder k\u00fcmmern k\u00f6nnen oder die Kinder wurden in ihren Familien missbraucht oder misshandelt, so dass eine Zusammenf\u00fchrung ausgeschlossen wird. Eltern von Kindern mit geistigen und\/oder k\u00f6rperlichen Behinderungen sind oft sowohl finanziell als auch k\u00f6rperlich nicht in der Lage, sie zu versorgen. Teilweise werden diese Kinder mit \u201especial needs\u201c, wie in vielen anderen L\u00e4ndern, jedoch auch als Fluch Gottes betrachtet und die Eltern und Verwandten lehnen es ab, sich um sie zu k\u00fcmmern. All diese Kinder haben in ihrem Leben Schlimmes erlebt und brauchen besondere Zuwendung. Im Rahmen des FFC-Programms werden Pflegem\u00fctter speziell auf ihre Bed\u00fcrfnisse hin ausgebildet, so dass die Kinder in einem sicheren und stabilen Umfeld gezielt unterst\u00fctzt und gef\u00f6rdert werden k\u00f6nnen.<\/p>\n<p>OAfrica setzt alles daran, dass diese besonders schutzbed\u00fcrftigen Kinder in ihren Pflegefamilien die Liebe und Unterst\u00fctzung erfahren, die sie ben\u00f6tigen, um sich trotz ihrer schlimmen Erfahrungen und\/oder Einschr\u00e4nkungen gesund und gl\u00fccklich zu entwickeln. Die Kinder mit schweren Behinderungen wie unter anderem Autismus, Cerebralparese oder psychischen St\u00f6rungen und einem sehr hohen Betreuungs- und Unterst\u00fctzungsbedarf leben gemeinsam mit ihren Pflegem\u00fcttern in Accra, in der N\u00e4he einer Schule, die speziell auf die Bed\u00fcrfnisse f\u00fcr Kinder mit k\u00f6rperlichen und geistigen Behinderungen ausgerichtet ist und sie optimal individuell f\u00f6rdern kann. Au\u00dferdem erhalten sie t\u00e4glich Physiotherapie.<\/p>\t\t\t\t\t\t\t\t<\/div>\n\t\t\t\t<\/div>\n\t\t\t\t\t<\/div>\n\t\t<\/div>\n\t\t\t\t\t<\/div>\n\t\t<\/section>\n\t\t\t\t<\/div>\n\t\t","protected":false},"excerpt":{"rendered":"<p>Das machen wir SPENDEN Pflegefamilien Mit dem Programm Foster Family Care (FFC) unterst\u00fctzt OAfrica Kinder, die nicht mehr bei ihren leiblichen Eltern leben k\u00f6nnen. Die Gr\u00fcnde daf\u00fcr sind vielf\u00e4ltig. Vielfach gibt es keine Eltern oder Familienangeh\u00f6rigen mehr, die sich um die Kinder k\u00fcmmern k\u00f6nnen oder die Kinder wurden in ihren Familien missbraucht oder misshandelt, so [&hellip;]<\/p>\n","protected":false},"author":1,"featured_media":0,"parent":0,"menu_order":0,"comment_status":"closed","ping_status":"closed","template":"elementor_header_footer","meta":{"_mo_disable_npp":"","footnotes":""},"_links":{"self":[{"href":"https:\/\/www.oafrica.org\/home\/wp-json\/wp\/v2\/pages\/3574"}],"collection":[{"href":"https:\/\/www.oafrica.org\/home\/wp-json\/wp\/v2\/pages"}],"about":[{"href":"https:\/\/www.oafrica.org\/home\/wp-json\/wp\/v2\/types\/page"}],"author":[{"embeddable":true,"href":"https:\/\/www.oafrica.org\/home\/wp-json\/wp\/v2\/users\/1"}],"replies":[{"embeddable":true,"href":"https:\/\/www.oafrica.org\/home\/wp-json\/wp\/v2\/comments?post=3574"}],"version-history":[{"count":10,"href":"https:\/\/www.oafrica.org\/home\/wp-json\/wp\/v2\/pages\/3574\/revisions"}],"predecessor-version":[{"id":3809,"href":"https:\/\/www.oafrica.org\/home\/wp-json\/wp\/v2\/pages\/3574\/revisions\/3809"}],"wp:attachment":[{"href":"https:\/\/www.oafrica.org\/home\/wp-json\/wp\/v2\/media?parent=3574"}],"curies":[{"name":"wp","href":"https:\/\/api.w.org\/{rel}","templated":true}]}}