{"id":3590,"date":"2024-02-28T18:54:51","date_gmt":"2024-02-28T18:54:51","guid":{"rendered":"https:\/\/www.oafrica.org\/home\/?page_id=3590"},"modified":"2024-02-29T15:56:03","modified_gmt":"2024-02-29T15:56:03","slug":"das-machen-wir-unterstutzungen-fur-jugendliche-junge-erwachsene","status":"publish","type":"page","link":"https:\/\/www.oafrica.org\/home\/de\/das-machen-wir-unterstutzungen-fur-jugendliche-junge-erwachsene\/","title":{"rendered":"Das machen wir &#8211; Unterst\u00fctzungen f\u00fcr Jugendliche &#038; junge Erwachsene"},"content":{"rendered":"\t\t<div data-elementor-type=\"wp-page\" data-elementor-id=\"3590\" class=\"elementor elementor-3590\" data-elementor-post-type=\"page\">\n\t\t\t\t\t\t<section class=\"elementor-section elementor-top-section elementor-element elementor-element-2198e2f5 elementor-section-height-min-height elementor-section-full_width elementor-section-content-middle elementor-section-height-default elementor-section-items-middle\" data-id=\"2198e2f5\" data-element_type=\"section\" data-settings=\"{&quot;background_background&quot;:&quot;classic&quot;}\">\n\t\t\t\t\t\t\t<div class=\"elementor-background-overlay\"><\/div>\n\t\t\t\t\t\t\t<div class=\"elementor-container elementor-column-gap-no\">\n\t\t\t\t\t<div class=\"elementor-column elementor-col-100 elementor-top-column elementor-element elementor-element-3c7c6158\" data-id=\"3c7c6158\" data-element_type=\"column\">\n\t\t\t<div class=\"elementor-widget-wrap elementor-element-populated\">\n\t\t\t\t\t\t<section class=\"elementor-section elementor-inner-section elementor-element elementor-element-68094fd7 elementor-section-full_width elementor-section-height-default elementor-section-height-default\" data-id=\"68094fd7\" data-element_type=\"section\">\n\t\t\t\t\t\t<div class=\"elementor-container elementor-column-gap-default\">\n\t\t\t\t\t<div class=\"elementor-column elementor-col-100 elementor-inner-column elementor-element elementor-element-738dcfc2\" data-id=\"738dcfc2\" data-element_type=\"column\">\n\t\t\t<div class=\"elementor-widget-wrap elementor-element-populated\">\n\t\t\t\t\t\t<div class=\"elementor-element elementor-element-6058263 elementor-widget elementor-widget-global elementor-global-3549 elementor-widget-heading\" data-id=\"6058263\" data-element_type=\"widget\" data-widget_type=\"heading.default\">\n\t\t\t\t<div class=\"elementor-widget-container\">\n\t\t\t\t\t<h2 class=\"elementor-heading-title elementor-size-default\">Das machen wir\n<\/h2>\t\t\t\t<\/div>\n\t\t\t\t<\/div>\n\t\t\t\t<div class=\"elementor-element elementor-element-c21e362 elementor-align-right donate-btn elementor-widget__width-auto elementor-widget-tablet__width-auto elementor-widget-mobile__width-auto elementor-fixed elementor-widget elementor-widget-global elementor-global-3642 elementor-widget-button\" data-id=\"c21e362\" data-element_type=\"widget\" data-settings=\"{&quot;sticky&quot;:&quot;top&quot;,&quot;sticky_parent&quot;:&quot;yes&quot;,&quot;_position&quot;:&quot;fixed&quot;,&quot;sticky_on&quot;:[&quot;desktop&quot;,&quot;tablet&quot;,&quot;mobile&quot;],&quot;sticky_offset&quot;:0,&quot;sticky_effects_offset&quot;:0}\" data-widget_type=\"button.default\">\n\t\t\t\t<div class=\"elementor-widget-container\">\n\t\t\t\t\t\t\t\t\t<div class=\"elementor-button-wrapper\">\n\t\t\t\t\t<a class=\"elementor-button elementor-button-link elementor-size-lg elementor-animation-bob\" href=\"#\">\n\t\t\t\t\t\t<span class=\"elementor-button-content-wrapper\">\n\t\t\t\t\t\t\t\t\t<span class=\"elementor-button-text\">SPENDEN<\/span>\n\t\t\t\t\t<\/span>\n\t\t\t\t\t<\/a>\n\t\t\t\t<\/div>\n\t\t\t\t\t\t\t\t<\/div>\n\t\t\t\t<\/div>\n\t\t\t\t\t<\/div>\n\t\t<\/div>\n\t\t\t\t\t<\/div>\n\t\t<\/section>\n\t\t\t\t\t<\/div>\n\t\t<\/div>\n\t\t\t\t\t<\/div>\n\t\t<\/section>\n\t\t\t\t<section class=\"elementor-section elementor-top-section elementor-element elementor-element-3ffa9a69 elementor-section-boxed elementor-section-height-default elementor-section-height-default\" data-id=\"3ffa9a69\" data-element_type=\"section\" data-settings=\"{&quot;background_background&quot;:&quot;classic&quot;}\">\n\t\t\t\t\t\t<div class=\"elementor-container elementor-column-gap-default\">\n\t\t\t\t\t<div class=\"elementor-column elementor-col-100 elementor-top-column elementor-element elementor-element-7d8a0bb0\" data-id=\"7d8a0bb0\" data-element_type=\"column\" data-settings=\"{&quot;background_background&quot;:&quot;classic&quot;}\">\n\t\t\t<div class=\"elementor-widget-wrap elementor-element-populated\">\n\t\t\t\t\t\t<section class=\"elementor-section elementor-inner-section elementor-element elementor-element-264dc86f elementor-section-full_width elementor-section-height-default elementor-section-height-default\" data-id=\"264dc86f\" data-element_type=\"section\">\n\t\t\t\t\t\t<div class=\"elementor-container elementor-column-gap-default\">\n\t\t\t\t\t<div class=\"elementor-column elementor-col-100 elementor-inner-column elementor-element elementor-element-435549d1\" data-id=\"435549d1\" data-element_type=\"column\">\n\t\t\t<div class=\"elementor-widget-wrap elementor-element-populated\">\n\t\t\t\t\t\t<div class=\"elementor-element elementor-element-73c60595 elementor-widget elementor-widget-heading\" data-id=\"73c60595\" data-element_type=\"widget\" data-widget_type=\"heading.default\">\n\t\t\t\t<div class=\"elementor-widget-container\">\n\t\t\t\t\t<h2 class=\"elementor-heading-title elementor-size-default\">Unterst\u00fctzungen f\u00fcr Jugendliche &amp; junge Erwachsene<\/h2>\t\t\t\t<\/div>\n\t\t\t\t<\/div>\n\t\t\t\t\t<\/div>\n\t\t<\/div>\n\t\t\t\t\t<\/div>\n\t\t<\/section>\n\t\t\t\t\t<\/div>\n\t\t<\/div>\n\t\t\t\t\t<\/div>\n\t\t<\/section>\n\t\t\t\t<section class=\"elementor-section elementor-top-section elementor-element elementor-element-7a561f7b elementor-section-content-middle elementor-section-boxed elementor-section-height-default elementor-section-height-default\" data-id=\"7a561f7b\" data-element_type=\"section\">\n\t\t\t\t\t\t\t<div class=\"elementor-background-overlay\"><\/div>\n\t\t\t\t\t\t\t<div class=\"elementor-container elementor-column-gap-no\">\n\t\t\t\t\t<div class=\"elementor-column elementor-col-100 elementor-top-column elementor-element elementor-element-45e8a5c9\" data-id=\"45e8a5c9\" data-element_type=\"column\">\n\t\t\t<div class=\"elementor-widget-wrap elementor-element-populated\">\n\t\t\t\t\t\t<div class=\"elementor-element elementor-element-fce5473 elementor-widget elementor-widget-text-editor\" data-id=\"fce5473\" data-element_type=\"widget\" data-widget_type=\"text-editor.default\">\n\t\t\t\t<div class=\"elementor-widget-container\">\n\t\t\t\t\t\t\t\t\t<p>Kinder, die in Waisenh\u00e4usern und vergleichbaren Einrichtungen aufgewachsen sind, verf\u00fcgen als Jugendliche und junge Erwachsene h\u00e4ufig nicht \u00fcber eine ausreichende emotionale und psychische Stabilit\u00e4t, um das Leben als Erwachsene selbst\u00e4ndig zu meistern. Auch ihre Bildungsm\u00f6glichkeiten, ihre Chancen auf Ausbildung und somit auf eine produktive T\u00e4tigkeit und erfolgreiche berufliche Zukunft sind stark eingeschr\u00e4nkt. Vor diesem Hintergrund besteht bei Jugendlichen, die in Waisenh\u00e4usern etc. aufgewachsen sind, verglichen mit anderen Jugendlichen eine weitaus h\u00f6here Wahrscheinlichkeit, ohne Ausbildung und Arbeit dazustehen, obdachlos zu sein oder sogar inhaftiert zu werden. Wenn Jugendliche kein soziales Netzwerk haben, auf das sie zur\u00fcckgreifen k\u00f6nnen, ist es ihnen meist unm\u00f6glich dem Kreislauf der Armut zu entkommen. Laut der Best Practices der NGA (National Governor\u2019s Association) in Washington D.C. besteht zudem ein hohes Risiko f\u00fcr St\u00f6rungen in der Entwicklung sowie physischer und geistiger Natur.<\/p><p>Unser Programm Young Adult Support Services (YASS) adressiert diese besonderen Problemstellungen Jugendlicher und junger Erwachsener, die aus Waisenh\u00e4usern ins Leben \u201eentlassen\u201c werden. Es wurde von OAfrica aufgebaut und hat das Ziel, die Jugendlichen dabei zu unterst\u00fctzen, ihren pers\u00f6nlichen und beruflichen Weg zu finden, um ein produktives, selbstbestimmtes Leben zu f\u00fchren und dadurch den Kreislauf der Armut in Ghana zu durchbrechen.<\/p><p>Konkret werden die Jugendlichen u.a. durch folgende Ma\u00dfnahmen unterst\u00fctzt: finanzielle Unterst\u00fctzung f\u00fcr Schulgeb\u00fchren und Schulbedarf, gesundheitliche und psychologische Unterst\u00fctzung, Unterst\u00fctzung bei Transport und Unterbringung, Berufsberatung und -vermittlung sowie Schulungen zu verschiedenen Lebensbereichen.<\/p>\t\t\t\t\t\t\t\t<\/div>\n\t\t\t\t<\/div>\n\t\t\t\t\t<\/div>\n\t\t<\/div>\n\t\t\t\t\t<\/div>\n\t\t<\/section>\n\t\t\t\t<\/div>\n\t\t","protected":false},"excerpt":{"rendered":"<p>Das machen wir SPENDEN Unterst\u00fctzungen f\u00fcr Jugendliche &#038; junge Erwachsene Kinder, die in Waisenh\u00e4usern und vergleichbaren Einrichtungen aufgewachsen sind, verf\u00fcgen als Jugendliche und junge Erwachsene h\u00e4ufig nicht \u00fcber eine ausreichende emotionale und psychische Stabilit\u00e4t, um das Leben als Erwachsene selbst\u00e4ndig zu meistern. Auch ihre Bildungsm\u00f6glichkeiten, ihre Chancen auf Ausbildung und somit auf eine produktive T\u00e4tigkeit [&hellip;]<\/p>\n","protected":false},"author":1,"featured_media":0,"parent":0,"menu_order":0,"comment_status":"closed","ping_status":"closed","template":"elementor_header_footer","meta":{"_mo_disable_npp":"","footnotes":""},"_links":{"self":[{"href":"https:\/\/www.oafrica.org\/home\/wp-json\/wp\/v2\/pages\/3590"}],"collection":[{"href":"https:\/\/www.oafrica.org\/home\/wp-json\/wp\/v2\/pages"}],"about":[{"href":"https:\/\/www.oafrica.org\/home\/wp-json\/wp\/v2\/types\/page"}],"author":[{"embeddable":true,"href":"https:\/\/www.oafrica.org\/home\/wp-json\/wp\/v2\/users\/1"}],"replies":[{"embeddable":true,"href":"https:\/\/www.oafrica.org\/home\/wp-json\/wp\/v2\/comments?post=3590"}],"version-history":[{"count":13,"href":"https:\/\/www.oafrica.org\/home\/wp-json\/wp\/v2\/pages\/3590\/revisions"}],"predecessor-version":[{"id":3817,"href":"https:\/\/www.oafrica.org\/home\/wp-json\/wp\/v2\/pages\/3590\/revisions\/3817"}],"wp:attachment":[{"href":"https:\/\/www.oafrica.org\/home\/wp-json\/wp\/v2\/media?parent=3590"}],"curies":[{"name":"wp","href":"https:\/\/api.w.org\/{rel}","templated":true}]}}