{"id":3610,"date":"2024-02-28T18:54:26","date_gmt":"2024-02-28T18:54:26","guid":{"rendered":"https:\/\/www.oafrica.org\/home\/?page_id=3610"},"modified":"2024-02-29T16:05:18","modified_gmt":"2024-02-29T16:05:18","slug":"das-machen-wir-reform-des-betreuungssystems","status":"publish","type":"page","link":"https:\/\/www.oafrica.org\/home\/de\/das-machen-wir-reform-des-betreuungssystems\/","title":{"rendered":"Das machen wir &#8211; Reform des Betreuungssystems"},"content":{"rendered":"\t\t<div data-elementor-type=\"wp-page\" data-elementor-id=\"3610\" class=\"elementor elementor-3610\" data-elementor-post-type=\"page\">\n\t\t\t\t\t\t<section class=\"elementor-section elementor-top-section elementor-element elementor-element-61017356 elementor-section-height-min-height elementor-section-full_width elementor-section-content-middle elementor-section-height-default elementor-section-items-middle\" data-id=\"61017356\" data-element_type=\"section\" data-settings=\"{&quot;background_background&quot;:&quot;classic&quot;}\">\n\t\t\t\t\t\t\t<div class=\"elementor-background-overlay\"><\/div>\n\t\t\t\t\t\t\t<div class=\"elementor-container elementor-column-gap-no\">\n\t\t\t\t\t<div class=\"elementor-column elementor-col-100 elementor-top-column elementor-element elementor-element-3b5b680e\" data-id=\"3b5b680e\" data-element_type=\"column\">\n\t\t\t<div class=\"elementor-widget-wrap elementor-element-populated\">\n\t\t\t\t\t\t<section class=\"elementor-section elementor-inner-section elementor-element elementor-element-3a062dad elementor-section-full_width elementor-section-height-default elementor-section-height-default\" data-id=\"3a062dad\" data-element_type=\"section\">\n\t\t\t\t\t\t<div class=\"elementor-container elementor-column-gap-default\">\n\t\t\t\t\t<div class=\"elementor-column elementor-col-100 elementor-inner-column elementor-element elementor-element-4f0f90bc\" data-id=\"4f0f90bc\" data-element_type=\"column\">\n\t\t\t<div class=\"elementor-widget-wrap elementor-element-populated\">\n\t\t\t\t\t\t<div class=\"elementor-element elementor-element-b964cf6 elementor-widget elementor-widget-global elementor-global-3549 elementor-widget-heading\" data-id=\"b964cf6\" data-element_type=\"widget\" data-widget_type=\"heading.default\">\n\t\t\t\t<div class=\"elementor-widget-container\">\n\t\t\t\t\t<h2 class=\"elementor-heading-title elementor-size-default\">Das machen wir\n<\/h2>\t\t\t\t<\/div>\n\t\t\t\t<\/div>\n\t\t\t\t<div class=\"elementor-element elementor-element-14483c4 elementor-align-right donate-btn elementor-widget__width-auto elementor-widget-tablet__width-auto elementor-widget-mobile__width-auto elementor-fixed elementor-widget elementor-widget-global elementor-global-3642 elementor-widget-button\" data-id=\"14483c4\" data-element_type=\"widget\" data-settings=\"{&quot;sticky&quot;:&quot;top&quot;,&quot;sticky_parent&quot;:&quot;yes&quot;,&quot;_position&quot;:&quot;fixed&quot;,&quot;sticky_on&quot;:[&quot;desktop&quot;,&quot;tablet&quot;,&quot;mobile&quot;],&quot;sticky_offset&quot;:0,&quot;sticky_effects_offset&quot;:0}\" data-widget_type=\"button.default\">\n\t\t\t\t<div class=\"elementor-widget-container\">\n\t\t\t\t\t\t\t\t\t<div class=\"elementor-button-wrapper\">\n\t\t\t\t\t<a class=\"elementor-button elementor-button-link elementor-size-lg elementor-animation-bob\" href=\"#\">\n\t\t\t\t\t\t<span class=\"elementor-button-content-wrapper\">\n\t\t\t\t\t\t\t\t\t<span class=\"elementor-button-text\">SPENDEN<\/span>\n\t\t\t\t\t<\/span>\n\t\t\t\t\t<\/a>\n\t\t\t\t<\/div>\n\t\t\t\t\t\t\t\t<\/div>\n\t\t\t\t<\/div>\n\t\t\t\t\t<\/div>\n\t\t<\/div>\n\t\t\t\t\t<\/div>\n\t\t<\/section>\n\t\t\t\t\t<\/div>\n\t\t<\/div>\n\t\t\t\t\t<\/div>\n\t\t<\/section>\n\t\t\t\t<section class=\"elementor-section elementor-top-section elementor-element elementor-element-5d98c6c6 elementor-section-boxed elementor-section-height-default elementor-section-height-default\" data-id=\"5d98c6c6\" data-element_type=\"section\" data-settings=\"{&quot;background_background&quot;:&quot;classic&quot;}\">\n\t\t\t\t\t\t<div class=\"elementor-container elementor-column-gap-default\">\n\t\t\t\t\t<div class=\"elementor-column elementor-col-100 elementor-top-column elementor-element elementor-element-5ab8c593\" data-id=\"5ab8c593\" data-element_type=\"column\" data-settings=\"{&quot;background_background&quot;:&quot;classic&quot;}\">\n\t\t\t<div class=\"elementor-widget-wrap elementor-element-populated\">\n\t\t\t\t\t\t<section class=\"elementor-section elementor-inner-section elementor-element elementor-element-7ee0c0fb elementor-section-full_width elementor-section-height-default elementor-section-height-default\" data-id=\"7ee0c0fb\" data-element_type=\"section\">\n\t\t\t\t\t\t<div class=\"elementor-container elementor-column-gap-default\">\n\t\t\t\t\t<div class=\"elementor-column elementor-col-100 elementor-inner-column elementor-element elementor-element-338c2a8f\" data-id=\"338c2a8f\" data-element_type=\"column\">\n\t\t\t<div class=\"elementor-widget-wrap elementor-element-populated\">\n\t\t\t\t\t\t<div class=\"elementor-element elementor-element-343c7712 elementor-widget elementor-widget-heading\" data-id=\"343c7712\" data-element_type=\"widget\" data-widget_type=\"heading.default\">\n\t\t\t\t<div class=\"elementor-widget-container\">\n\t\t\t\t\t<h2 class=\"elementor-heading-title elementor-size-default\">Reform des Betreuungssystems<\/h2>\t\t\t\t<\/div>\n\t\t\t\t<\/div>\n\t\t\t\t\t<\/div>\n\t\t<\/div>\n\t\t\t\t\t<\/div>\n\t\t<\/section>\n\t\t\t\t\t<\/div>\n\t\t<\/div>\n\t\t\t\t\t<\/div>\n\t\t<\/section>\n\t\t\t\t<section class=\"elementor-section elementor-top-section elementor-element elementor-element-7a561f7b elementor-section-content-middle elementor-section-boxed elementor-section-height-default elementor-section-height-default\" data-id=\"7a561f7b\" data-element_type=\"section\">\n\t\t\t\t\t\t\t<div class=\"elementor-background-overlay\"><\/div>\n\t\t\t\t\t\t\t<div class=\"elementor-container elementor-column-gap-no\">\n\t\t\t\t\t<div class=\"elementor-column elementor-col-100 elementor-top-column elementor-element elementor-element-45e8a5c9\" data-id=\"45e8a5c9\" data-element_type=\"column\">\n\t\t\t<div class=\"elementor-widget-wrap elementor-element-populated\">\n\t\t\t\t\t\t<div class=\"elementor-element elementor-element-fce5473 elementor-widget elementor-widget-text-editor\" data-id=\"fce5473\" data-element_type=\"widget\" data-widget_type=\"text-editor.default\">\n\t\t\t\t<div class=\"elementor-widget-container\">\n\t\t\t\t\t\t\t\t\t<p>Die <b>Care Reform Initiative (CRI) <\/b>wurde 2006 gemeinsam vom ghanaischen Sozialministerium (Department of Social Welfare, heute Department of Social Development), OAfrica, UNICEF und anderen Kinderschutzorganisationen in Ghana ins Leben gerufen. Im Rahmen von CRI unterst\u00fctzt OAfrica das Department of Social Development in seinem Bestreben familienbasierte Betreuungsformen zu etablieren.<\/p><p>Zu Beginn der Initiative lebten 4.500 schutzbed\u00fcrftige Kinder in den dokumentierten Waisenh\u00e4usern und vergleichbaren Institutionen. Ziel der Care Reform ist eine Ver\u00e4nderung des Betreuungssystems weg von der Betreuung schutzbed\u00fcrftiger Kinder in Einrichtungen hin zu familienbasierten Betreuungsformen in der gewohnten Umgebung des jeweiligen Kindes. Man strebt damit eine langfristige Betreuung f\u00fcr die Kinder an. Jedes Kind soll in einem stabilen, liebevollen Zuhause aufwachsen k\u00f6nnen. Die wesentlichen Aktivit\u00e4ten der Care Reform setzen dabei auf Pr\u00e4vention. Die Familien sollen unterst\u00fctzt und gest\u00e4rkt werden, so dass die Eltern \/ Familienangeh\u00f6rigen in die Lage versetzt werden, selbst f\u00fcr ihre Kinder zu sorgen, anstatt sie aus Armut und Verzweiflung in Waisenh\u00e4usern oder anderen Einrichtungen abzugeben. Zu nennen sind vor allem das LEAP-Programm (Livelihood Empowerment Against Poverty) zur Bek\u00e4mpfung der Folgen von Armut, das armen Familien an Bedingungen gekn\u00fcpfte finanzielle Unterst\u00fctzung gew\u00e4hrt wie auch Stipendien, Nahrungsmittelpakete, Zugang zur gesetzlichen Krankenversicherung etc.<\/p><p><br \/>In \u00dcbereinstimmung mit der Zielsetzung der Care Reform fokussiert OAfrica in seiner Arbeit die (Re-)Integration von Kindern aus Waisenh\u00e4usern etc. in Familien. Kinder sollen bei ihren biologischen Eltern aufwachsen k\u00f6nnen (child care) und wenn dies nicht m\u00f6glich ist bei anderen Familienangeh\u00f6rigen (kinship care) oder bei Pflegefamilien (foster care). OAfrica ist stolz darauf, eine der treibenden Kr\u00e4fte hinter dem 2010 entstandenen OVC NPA (National Plan of Action for Orphans and Vulnurable Children) in Ghana zu sein und eine der ersten Organisationen, die die dort angestrebten Aktivit\u00e4ten umgesetzt hat. Der OVC NPA gibt landesweit den Rahmen f\u00fcr die angestrebte tiefgreifende Ver\u00e4nderung der Betreuung von Waisen und schutzbed\u00fcrftigen Kindern vor.<\/p><p><a style=\"letter-spacing: -0.015em;\" href=\"https:\/\/www.oafrica.org\/home\/de\/das-machen-wir-massnahmen-zur-reform-des-betreuungssystems\/\" target=\"_blank\" rel=\"noopener\">Hier<\/a>\u00a0kannst Du Dich detailliert \u00fcber unsere Aktivit\u00e4ten im Zusammenhang mit der Care Reform Initiative in Ghana informieren.<\/p>\t\t\t\t\t\t\t\t<\/div>\n\t\t\t\t<\/div>\n\t\t\t\t\t<\/div>\n\t\t<\/div>\n\t\t\t\t\t<\/div>\n\t\t<\/section>\n\t\t\t\t<\/div>\n\t\t","protected":false},"excerpt":{"rendered":"<p>Das machen wir SPENDEN Reform des Betreuungssystems Die Care Reform Initiative (CRI) wurde 2006 gemeinsam vom ghanaischen Sozialministerium (Department of Social Welfare, heute Department of Social Development), OAfrica, UNICEF und anderen Kinderschutzorganisationen in Ghana ins Leben gerufen. Im Rahmen von CRI unterst\u00fctzt OAfrica das Department of Social Development in seinem Bestreben familienbasierte Betreuungsformen zu etablieren. [&hellip;]<\/p>\n","protected":false},"author":1,"featured_media":0,"parent":0,"menu_order":0,"comment_status":"closed","ping_status":"closed","template":"elementor_header_footer","meta":{"_mo_disable_npp":"","footnotes":""},"_links":{"self":[{"href":"https:\/\/www.oafrica.org\/home\/wp-json\/wp\/v2\/pages\/3610"}],"collection":[{"href":"https:\/\/www.oafrica.org\/home\/wp-json\/wp\/v2\/pages"}],"about":[{"href":"https:\/\/www.oafrica.org\/home\/wp-json\/wp\/v2\/types\/page"}],"author":[{"embeddable":true,"href":"https:\/\/www.oafrica.org\/home\/wp-json\/wp\/v2\/users\/1"}],"replies":[{"embeddable":true,"href":"https:\/\/www.oafrica.org\/home\/wp-json\/wp\/v2\/comments?post=3610"}],"version-history":[{"count":7,"href":"https:\/\/www.oafrica.org\/home\/wp-json\/wp\/v2\/pages\/3610\/revisions"}],"predecessor-version":[{"id":3825,"href":"https:\/\/www.oafrica.org\/home\/wp-json\/wp\/v2\/pages\/3610\/revisions\/3825"}],"wp:attachment":[{"href":"https:\/\/www.oafrica.org\/home\/wp-json\/wp\/v2\/media?parent=3610"}],"curies":[{"name":"wp","href":"https:\/\/api.w.org\/{rel}","templated":true}]}}