{"id":3615,"date":"2024-02-28T18:53:50","date_gmt":"2024-02-28T18:53:50","guid":{"rendered":"https:\/\/www.oafrica.org\/home\/?page_id=3615"},"modified":"2024-02-29T16:08:04","modified_gmt":"2024-02-29T16:08:04","slug":"das-machen-wir-massnahmen-zur-reform-des-betreuungssystems","status":"publish","type":"page","link":"https:\/\/www.oafrica.org\/home\/de\/das-machen-wir-massnahmen-zur-reform-des-betreuungssystems\/","title":{"rendered":"Das machen wir &#8211;  Ma\u00dfnahmen zur Reform des Betreuungssystems"},"content":{"rendered":"\t\t<div data-elementor-type=\"wp-page\" data-elementor-id=\"3615\" class=\"elementor elementor-3615\" data-elementor-post-type=\"page\">\n\t\t\t\t\t\t<section class=\"elementor-section elementor-top-section elementor-element elementor-element-7f56a533 elementor-section-height-min-height elementor-section-full_width elementor-section-content-middle elementor-section-height-default elementor-section-items-middle\" data-id=\"7f56a533\" data-element_type=\"section\" data-settings=\"{&quot;background_background&quot;:&quot;classic&quot;}\">\n\t\t\t\t\t\t\t<div class=\"elementor-background-overlay\"><\/div>\n\t\t\t\t\t\t\t<div class=\"elementor-container elementor-column-gap-no\">\n\t\t\t\t\t<div class=\"elementor-column elementor-col-100 elementor-top-column elementor-element elementor-element-7df904f2\" data-id=\"7df904f2\" data-element_type=\"column\">\n\t\t\t<div class=\"elementor-widget-wrap elementor-element-populated\">\n\t\t\t\t\t\t<section class=\"elementor-section elementor-inner-section elementor-element elementor-element-74b762ed elementor-section-full_width elementor-section-height-default elementor-section-height-default\" data-id=\"74b762ed\" data-element_type=\"section\">\n\t\t\t\t\t\t<div class=\"elementor-container elementor-column-gap-default\">\n\t\t\t\t\t<div class=\"elementor-column elementor-col-100 elementor-inner-column elementor-element elementor-element-1a003e0b\" data-id=\"1a003e0b\" data-element_type=\"column\">\n\t\t\t<div class=\"elementor-widget-wrap elementor-element-populated\">\n\t\t\t\t\t\t<div class=\"elementor-element elementor-element-df70b91 elementor-widget elementor-widget-global elementor-global-3549 elementor-widget-heading\" data-id=\"df70b91\" data-element_type=\"widget\" data-widget_type=\"heading.default\">\n\t\t\t\t<div class=\"elementor-widget-container\">\n\t\t\t\t\t<h2 class=\"elementor-heading-title elementor-size-default\">Das machen wir\n<\/h2>\t\t\t\t<\/div>\n\t\t\t\t<\/div>\n\t\t\t\t<div class=\"elementor-element elementor-element-3f6ed7c elementor-align-right donate-btn elementor-widget__width-auto elementor-widget-tablet__width-auto elementor-widget-mobile__width-auto elementor-fixed elementor-widget elementor-widget-global elementor-global-3642 elementor-widget-button\" data-id=\"3f6ed7c\" data-element_type=\"widget\" data-settings=\"{&quot;sticky&quot;:&quot;top&quot;,&quot;sticky_parent&quot;:&quot;yes&quot;,&quot;_position&quot;:&quot;fixed&quot;,&quot;sticky_on&quot;:[&quot;desktop&quot;,&quot;tablet&quot;,&quot;mobile&quot;],&quot;sticky_offset&quot;:0,&quot;sticky_effects_offset&quot;:0}\" data-widget_type=\"button.default\">\n\t\t\t\t<div class=\"elementor-widget-container\">\n\t\t\t\t\t\t\t\t\t<div class=\"elementor-button-wrapper\">\n\t\t\t\t\t<a class=\"elementor-button elementor-button-link elementor-size-lg elementor-animation-bob\" href=\"#\">\n\t\t\t\t\t\t<span class=\"elementor-button-content-wrapper\">\n\t\t\t\t\t\t\t\t\t<span class=\"elementor-button-text\">SPENDEN<\/span>\n\t\t\t\t\t<\/span>\n\t\t\t\t\t<\/a>\n\t\t\t\t<\/div>\n\t\t\t\t\t\t\t\t<\/div>\n\t\t\t\t<\/div>\n\t\t\t\t\t<\/div>\n\t\t<\/div>\n\t\t\t\t\t<\/div>\n\t\t<\/section>\n\t\t\t\t\t<\/div>\n\t\t<\/div>\n\t\t\t\t\t<\/div>\n\t\t<\/section>\n\t\t\t\t<section class=\"elementor-section elementor-top-section elementor-element elementor-element-2fbda78 elementor-section-boxed elementor-section-height-default elementor-section-height-default\" data-id=\"2fbda78\" data-element_type=\"section\" data-settings=\"{&quot;background_background&quot;:&quot;classic&quot;}\">\n\t\t\t\t\t\t<div class=\"elementor-container elementor-column-gap-default\">\n\t\t\t\t\t<div class=\"elementor-column elementor-col-100 elementor-top-column elementor-element elementor-element-a90a0bf\" data-id=\"a90a0bf\" data-element_type=\"column\" data-settings=\"{&quot;background_background&quot;:&quot;classic&quot;}\">\n\t\t\t<div class=\"elementor-widget-wrap elementor-element-populated\">\n\t\t\t\t\t\t<section class=\"elementor-section elementor-inner-section elementor-element elementor-element-4426f0ab elementor-section-full_width elementor-section-height-default elementor-section-height-default\" data-id=\"4426f0ab\" data-element_type=\"section\">\n\t\t\t\t\t\t<div class=\"elementor-container elementor-column-gap-default\">\n\t\t\t\t\t<div class=\"elementor-column elementor-col-100 elementor-inner-column elementor-element elementor-element-51d5671a\" data-id=\"51d5671a\" data-element_type=\"column\">\n\t\t\t<div class=\"elementor-widget-wrap elementor-element-populated\">\n\t\t\t\t\t\t<div class=\"elementor-element elementor-element-14ccf183 elementor-widget elementor-widget-heading\" data-id=\"14ccf183\" data-element_type=\"widget\" data-widget_type=\"heading.default\">\n\t\t\t\t<div class=\"elementor-widget-container\">\n\t\t\t\t\t<h2 class=\"elementor-heading-title elementor-size-default\">Ma\u00dfnahmen zur Reform des Betreuungssystems<\/h2>\t\t\t\t<\/div>\n\t\t\t\t<\/div>\n\t\t\t\t\t<\/div>\n\t\t<\/div>\n\t\t\t\t\t<\/div>\n\t\t<\/section>\n\t\t\t\t\t<\/div>\n\t\t<\/div>\n\t\t\t\t\t<\/div>\n\t\t<\/section>\n\t\t\t\t<section class=\"elementor-section elementor-top-section elementor-element elementor-element-7a561f7b elementor-section-content-middle elementor-section-boxed elementor-section-height-default elementor-section-height-default\" data-id=\"7a561f7b\" data-element_type=\"section\">\n\t\t\t\t\t\t\t<div class=\"elementor-background-overlay\"><\/div>\n\t\t\t\t\t\t\t<div class=\"elementor-container elementor-column-gap-no\">\n\t\t\t\t\t<div class=\"elementor-column elementor-col-100 elementor-top-column elementor-element elementor-element-45e8a5c9\" data-id=\"45e8a5c9\" data-element_type=\"column\">\n\t\t\t<div class=\"elementor-widget-wrap elementor-element-populated\">\n\t\t\t\t\t\t<div class=\"elementor-element elementor-element-fce5473 elementor-widget__width-initial elementor-widget elementor-widget-text-editor\" data-id=\"fce5473\" data-element_type=\"widget\" data-widget_type=\"text-editor.default\">\n\t\t\t\t<div class=\"elementor-widget-container\">\n\t\t\t\t\t\t\t\t\t<p>Ein wichtiger Teil der Arbeit von OrphanAid Africa besteht darin, das ghanaische Betreuungssystems zu reformieren, durch die sog. Care Reform Initiative (CRI). In enger Zusammenarbeit mit dem ghanaischen Sozialministerium, UNICEF und anderen Organisationen arbeiten wir unter anderem an folgenden Projekten:<\/p>\n<p><strong>Kommunikationsprojekte:<\/strong><br><\/p>\n<ul>\n<li>Aufbau einer Internetseite f\u00fcr die Care Reform Initiative (CRI)<\/li>\n<li>Aufbau einer Internetseite f\u00fcr das ghanaische Sozialministerium<\/li>\n<li>\u00d6ffentlichkeitsarbeit in Presse, Radio und Fernsehen in Zusammenarbeit mit der nationalen \u201cCommission on Civic Education\u201d, um die \u00f6ffentliche Aufmerksamkeit auf das Problem der institutionalisierten Betreuung zu lenken und die Betreuung in (Pflege-) Familien zu f\u00f6rdern<\/li>\n<\/ul>\n<p><strong>Aussch\u00fcsse\/ Arbeitsgruppen:<\/strong><br><\/p>\n<ul>\n<li>Sponsoring und Mitgliedschaft im Lenkungsausschuss f\u00fcr Waisen und schutzbed\u00fcrftige Kinder der ghanaischen Regierung<\/li>\n<li>Sponsoring und Mitgliedschaft im Kindererziehungsausschuss der ghanaischen Regierung<\/li>\n<li>Initiierung einer von Kindern geleitete Hilfsgruppe f\u00fcr Kinder, die negative Erfahrungen in institutioneller Betreuung hinter sich haben<\/li>\n<\/ul>\n<p><strong>Workshops\/ Fortbildungen:<\/strong><br><\/p>\n<ul>\n<li>Arbeitskreis f\u00fcr Fachleute aus dem Medienbereich f\u00fcr den exakten Gebrauch der Fachbegriffe rund um die Probleme der institutionellen und die F\u00f6rderung famili\u00e4rer Betreuung<\/li>\n<li>Unterst\u00fctzung und Weiterbildung junger Erwachsener \u00fcber 18 Jahre, die in einer institutionellen Einrichtung leben und sich ein unabh\u00e4ngiges Leben aufbauen wollen<\/li>\n<li>Umschulungen f\u00fcr Besitzer von institutionellen Einrichtungen<\/li>\n<li>Fortbildung f\u00fcr alle registrierten Pflegeeltern zu den Themen Kinderrechte und Kinderbetreuung<\/li>\n<li>Fortbildung f\u00fcr Sozialarbeiter und Beh\u00f6rdenvertreter \u00fcber die Care Reform Initiative (CRI)<\/li>\n<li>Fortbildung f\u00fcr nicht-staatliche Organisationen (NGO), religi\u00f6sen Gruppen und anderen Meinungsf\u00fchrern \u00fcber die Care Reform Initiative (CRI)<\/li>\n<li>Arbeitsgruppe f\u00fcr m\u00f6gliche Spendenpartner<\/li>\n<\/ul>\n<p><strong>Ver\u00f6ffentlichungen:<\/strong><br><\/p>\n<ul>\n<li>Ausarbeitung neuer (Minimum)Standards f\u00fcr die institutionelle Kinderbetreuung<\/li>\n<li>Ausarbeitung neuer Bestimmungen f\u00fcr die Kinderbetreuung durch die Verwandtschaft oder durch Pflegeeltern<\/li>\n<li>Ausarbeitung neuer Bestimmungen zur Adoption<\/li>\n<li>Ausarbeitung eines ganzheitlich ausgerichteten Lehrplans und Produktion einer DVD und 120 Folgen einer Fernsehsendung \u00fcber Kindererziehung f\u00fcr Personen, die Kinder betreuen<\/li>\n<\/ul>\n<p><strong>Erhebungen\/ Forschung:<\/strong><br><\/p>\n<ul>\n<li>Erstellung und \u00dcbergabe der landesweiten Kinderheim-Datenbank an das ghanaische Sozialministerium: Offizielle Information des Sozialministeriums \u00fcber den Stand der Institutionalisierung in Ghana, erstmalige Erfassung der Anzahl, Namen und Aufenthaltsorte der Kinder in Institutionen<\/li><li>Erstellung einer Datenbank qualifizierter Pflegefamilien\/-personen&nbsp;<\/li><\/ul><p>Wenn Du mehr \u00fcber die Care Reform Initiative (CRI) in Ghana erfahren m\u00f6chtest, kannst Du die folgende Homepage<a href=\"http:\/\/www.ovcghana.org\" target=\"_blank\"> www.ovcghana.org&nbsp;<\/a>besuchen.<\/p>\t\t\t\t\t\t\t\t<\/div>\n\t\t\t\t<\/div>\n\t\t\t\t\t<\/div>\n\t\t<\/div>\n\t\t\t\t\t<\/div>\n\t\t<\/section>\n\t\t\t\t<\/div>\n\t\t","protected":false},"excerpt":{"rendered":"<p>Das machen wir SPENDEN Ma\u00dfnahmen zur Reform des Betreuungssystems Ein wichtiger Teil der Arbeit von OrphanAid Africa besteht darin, das ghanaische Betreuungssystems zu reformieren, durch die sog. Care Reform Initiative (CRI). In enger Zusammenarbeit mit dem ghanaischen Sozialministerium, UNICEF und anderen Organisationen arbeiten wir unter anderem an folgenden Projekten: Kommunikationsprojekte: Aufbau einer Internetseite f\u00fcr die [&hellip;]<\/p>\n","protected":false},"author":1,"featured_media":0,"parent":0,"menu_order":0,"comment_status":"closed","ping_status":"closed","template":"elementor_header_footer","meta":{"_mo_disable_npp":"","footnotes":""},"_links":{"self":[{"href":"https:\/\/www.oafrica.org\/home\/wp-json\/wp\/v2\/pages\/3615"}],"collection":[{"href":"https:\/\/www.oafrica.org\/home\/wp-json\/wp\/v2\/pages"}],"about":[{"href":"https:\/\/www.oafrica.org\/home\/wp-json\/wp\/v2\/types\/page"}],"author":[{"embeddable":true,"href":"https:\/\/www.oafrica.org\/home\/wp-json\/wp\/v2\/users\/1"}],"replies":[{"embeddable":true,"href":"https:\/\/www.oafrica.org\/home\/wp-json\/wp\/v2\/comments?post=3615"}],"version-history":[{"count":16,"href":"https:\/\/www.oafrica.org\/home\/wp-json\/wp\/v2\/pages\/3615\/revisions"}],"predecessor-version":[{"id":3830,"href":"https:\/\/www.oafrica.org\/home\/wp-json\/wp\/v2\/pages\/3615\/revisions\/3830"}],"wp:attachment":[{"href":"https:\/\/www.oafrica.org\/home\/wp-json\/wp\/v2\/media?parent=3615"}],"curies":[{"name":"wp","href":"https:\/\/api.w.org\/{rel}","templated":true}]}}