{"id":3637,"date":"2024-02-28T18:52:26","date_gmt":"2024-02-28T18:52:26","guid":{"rendered":"https:\/\/www.oafrica.org\/home\/?page_id=3637"},"modified":"2024-02-29T17:03:29","modified_gmt":"2024-02-29T17:03:29","slug":"spenden","status":"publish","type":"page","link":"https:\/\/www.oafrica.org\/home\/de\/spenden\/","title":{"rendered":"Spenden"},"content":{"rendered":"\t\t<div data-elementor-type=\"wp-page\" data-elementor-id=\"3637\" class=\"elementor elementor-3637\" data-elementor-post-type=\"page\">\n\t\t\t\t\t\t<section class=\"elementor-section elementor-top-section elementor-element elementor-element-ca14e5 elementor-section-height-min-height elementor-section-full_width elementor-section-content-middle elementor-section-height-default elementor-section-items-middle\" data-id=\"ca14e5\" data-element_type=\"section\" data-settings=\"{&quot;background_background&quot;:&quot;classic&quot;}\">\n\t\t\t\t\t\t\t<div class=\"elementor-background-overlay\"><\/div>\n\t\t\t\t\t\t\t<div class=\"elementor-container elementor-column-gap-no\">\n\t\t\t\t\t<div class=\"elementor-column elementor-col-100 elementor-top-column elementor-element elementor-element-4b1f5d41\" data-id=\"4b1f5d41\" data-element_type=\"column\">\n\t\t\t<div class=\"elementor-widget-wrap elementor-element-populated\">\n\t\t\t\t\t\t<section class=\"elementor-section elementor-inner-section elementor-element elementor-element-210a0591 elementor-section-full_width elementor-section-height-default elementor-section-height-default\" data-id=\"210a0591\" data-element_type=\"section\">\n\t\t\t\t\t\t<div class=\"elementor-container elementor-column-gap-default\">\n\t\t\t\t\t<div class=\"elementor-column elementor-col-100 elementor-inner-column elementor-element elementor-element-43b0ad74\" data-id=\"43b0ad74\" data-element_type=\"column\">\n\t\t\t<div class=\"elementor-widget-wrap elementor-element-populated\">\n\t\t\t\t\t\t<div class=\"elementor-element elementor-element-a5d96ae elementor-widget elementor-widget-global elementor-global-3639 elementor-widget-heading\" data-id=\"a5d96ae\" data-element_type=\"widget\" data-widget_type=\"heading.default\">\n\t\t\t\t<div class=\"elementor-widget-container\">\n\t\t\t\t\t<h2 class=\"elementor-heading-title elementor-size-default\">Spenden<\/h2>\t\t\t\t<\/div>\n\t\t\t\t<\/div>\n\t\t\t\t<div class=\"elementor-element elementor-element-0577d18 elementor-align-right donate-btn elementor-widget__width-auto elementor-widget-tablet__width-auto elementor-widget-mobile__width-auto elementor-fixed elementor-widget elementor-widget-global elementor-global-3642 elementor-widget-button\" data-id=\"0577d18\" data-element_type=\"widget\" data-settings=\"{&quot;sticky&quot;:&quot;top&quot;,&quot;sticky_parent&quot;:&quot;yes&quot;,&quot;_position&quot;:&quot;fixed&quot;,&quot;sticky_on&quot;:[&quot;desktop&quot;,&quot;tablet&quot;,&quot;mobile&quot;],&quot;sticky_offset&quot;:0,&quot;sticky_effects_offset&quot;:0}\" data-widget_type=\"button.default\">\n\t\t\t\t<div class=\"elementor-widget-container\">\n\t\t\t\t\t\t\t\t\t<div class=\"elementor-button-wrapper\">\n\t\t\t\t\t<a class=\"elementor-button elementor-button-link elementor-size-lg elementor-animation-bob\" href=\"#\">\n\t\t\t\t\t\t<span class=\"elementor-button-content-wrapper\">\n\t\t\t\t\t\t\t\t\t<span class=\"elementor-button-text\">SPENDEN<\/span>\n\t\t\t\t\t<\/span>\n\t\t\t\t\t<\/a>\n\t\t\t\t<\/div>\n\t\t\t\t\t\t\t\t<\/div>\n\t\t\t\t<\/div>\n\t\t\t\t\t<\/div>\n\t\t<\/div>\n\t\t\t\t\t<\/div>\n\t\t<\/section>\n\t\t\t\t\t<\/div>\n\t\t<\/div>\n\t\t\t\t\t<\/div>\n\t\t<\/section>\n\t\t\t\t<section class=\"elementor-section elementor-top-section elementor-element elementor-element-374b9560 elementor-section-boxed elementor-section-height-default elementor-section-height-default\" data-id=\"374b9560\" data-element_type=\"section\" data-settings=\"{&quot;background_background&quot;:&quot;classic&quot;,&quot;animation&quot;:&quot;none&quot;}\">\n\t\t\t\t\t\t<div class=\"elementor-container elementor-column-gap-default\">\n\t\t\t\t\t<div class=\"elementor-column elementor-col-100 elementor-top-column elementor-element elementor-element-4d68f371\" data-id=\"4d68f371\" data-element_type=\"column\" data-settings=\"{&quot;animation&quot;:&quot;none&quot;}\">\n\t\t\t<div class=\"elementor-widget-wrap elementor-element-populated\">\n\t\t\t\t\t\t<section class=\"elementor-section elementor-inner-section elementor-element elementor-element-6fd42c4f elementor-reverse-mobile elementor-section-boxed elementor-section-height-default elementor-section-height-default\" data-id=\"6fd42c4f\" data-element_type=\"section\" data-settings=\"{&quot;background_background&quot;:&quot;classic&quot;,&quot;animation&quot;:&quot;none&quot;}\">\n\t\t\t\t\t\t<div class=\"elementor-container elementor-column-gap-default\">\n\t\t\t\t\t<div class=\"elementor-column elementor-col-50 elementor-inner-column elementor-element elementor-element-b873437\" data-id=\"b873437\" data-element_type=\"column\" data-settings=\"{&quot;animation&quot;:&quot;none&quot;,&quot;background_background&quot;:&quot;classic&quot;}\">\n\t\t\t<div class=\"elementor-widget-wrap elementor-element-populated\">\n\t\t\t\t\t\t<div class=\"elementor-element elementor-element-3f74179 elementor-widget__width-initial elementor-widget elementor-widget-text-editor\" data-id=\"3f74179\" data-element_type=\"widget\" data-widget_type=\"text-editor.default\">\n\t\t\t\t<div class=\"elementor-widget-container\">\n\t\t\t\t\t\t\t\t\t<p>Wir freuen uns \u00fcber jede Spende. Egal, ob Du Dich einmalig oder regelm\u00e4\u00dfig in Form eines Dauerauftrags dazu entscheidest, uns zu unterst\u00fctzen. Regelm\u00e4\u00dfige Spenden erleichtern uns jedoch die Planbarkeit des Spendenvolumens und damit die langfristige Realisierung unserer Projekte (wie z. B. die Finanzierung der Ausbildung eines Kindes).<\/p><p>Es gibt verschiedene M\u00f6glichkeiten, uns Deine Spende zukommen zu lassen. Bei einigen, wie z.B. Paypal, fallen leider Transfergeb\u00fchren f\u00fcr OAfrica an. <b>Daher ist f\u00fcr uns als kleine NGO eine klassische \u00dcberweisung \/ Dauerauftrag immer noch der beste und g\u00fcnstigste Weg, Spenden zu erhalten.<\/b><\/p><p><b>Bitte beachte:<\/b> Nur wenn Du Deine Adresse im Verwendungszweck mit angibst, ist es uns m\u00f6glich, Dir eine Spendenbescheinigung (die wir i.d.R. zu Beginn des Folgejahres verschicken) zukommen zu lassen.<\/p><p>Falls Du in einem Land im Ausland ans\u00e4ssig bist, in denen OAfrica L\u00e4ndervertretungen hat, kannst Du Deine Spende auch direkt dorthin \u00fcberweisen.\u00a0<a href=\"https:\/\/www.oafrica.org\/home\/de\/oafrica-laendervertretungen\/\" target=\"_blank\" rel=\"noopener\">Hier<\/a>\u00a0findest Du die \u00dcbersicht mit den jeweiligen Kontaktdaten.<\/p>\t\t\t\t\t\t\t\t<\/div>\n\t\t\t\t<\/div>\n\t\t\t\t\t<\/div>\n\t\t<\/div>\n\t\t\t\t<div class=\"elementor-column elementor-col-50 elementor-inner-column elementor-element elementor-element-59c64da4\" data-id=\"59c64da4\" data-element_type=\"column\" data-settings=\"{&quot;background_background&quot;:&quot;classic&quot;,&quot;animation&quot;:&quot;none&quot;}\">\n\t\t\t<div class=\"elementor-widget-wrap elementor-element-populated\">\n\t\t\t\t\t\t<div class=\"elementor-element elementor-element-759b605f elementor-widget elementor-widget-spacer\" data-id=\"759b605f\" data-element_type=\"widget\" data-widget_type=\"spacer.default\">\n\t\t\t\t<div class=\"elementor-widget-container\">\n\t\t\t\t\t\t\t<div class=\"elementor-spacer\">\n\t\t\t<div class=\"elementor-spacer-inner\"><\/div>\n\t\t<\/div>\n\t\t\t\t\t\t<\/div>\n\t\t\t\t<\/div>\n\t\t\t\t\t<\/div>\n\t\t<\/div>\n\t\t\t\t\t<\/div>\n\t\t<\/section>\n\t\t\t\t\t<\/div>\n\t\t<\/div>\n\t\t\t\t\t<\/div>\n\t\t<\/section>\n\t\t\t\t<section class=\"elementor-section elementor-top-section elementor-element elementor-element-1b8bf731 elementor-section-boxed elementor-section-height-default elementor-section-height-default\" data-id=\"1b8bf731\" data-element_type=\"section\" data-settings=\"{&quot;background_background&quot;:&quot;classic&quot;}\">\n\t\t\t\t\t\t<div class=\"elementor-container elementor-column-gap-default\">\n\t\t\t\t\t<div class=\"elementor-column elementor-col-100 elementor-top-column elementor-element elementor-element-6dc52c82\" data-id=\"6dc52c82\" data-element_type=\"column\" data-settings=\"{&quot;animation&quot;:&quot;none&quot;,&quot;background_background&quot;:&quot;classic&quot;}\">\n\t\t\t<div class=\"elementor-widget-wrap elementor-element-populated\">\n\t\t\t\t\t\t<section class=\"elementor-section elementor-inner-section elementor-element elementor-element-19ce8d4 elementor-section-boxed elementor-section-height-default elementor-section-height-default\" data-id=\"19ce8d4\" data-element_type=\"section\">\n\t\t\t\t\t\t<div class=\"elementor-container elementor-column-gap-default\">\n\t\t\t\t\t<div class=\"elementor-column elementor-col-50 elementor-inner-column elementor-element elementor-element-3da3befb\" data-id=\"3da3befb\" data-element_type=\"column\" data-settings=\"{&quot;animation&quot;:&quot;none&quot;,&quot;background_background&quot;:&quot;classic&quot;}\">\n\t\t\t<div class=\"elementor-widget-wrap elementor-element-populated\">\n\t\t\t\t\t\t<div class=\"elementor-element elementor-element-4377bce elementor-view-default elementor-position-top elementor-mobile-position-top elementor-widget elementor-widget-icon-box\" data-id=\"4377bce\" data-element_type=\"widget\" data-widget_type=\"icon-box.default\">\n\t\t\t\t<div class=\"elementor-widget-container\">\n\t\t\t\t\t\t\t<div class=\"elementor-icon-box-wrapper\">\n\n\t\t\t\t\t\t<div class=\"elementor-icon-box-icon\">\n\t\t\t\t<span  class=\"elementor-icon\">\n\t\t\t\t<i aria-hidden=\"true\" class=\"fas fa-money-check\"><\/i>\t\t\t\t<\/span>\n\t\t\t<\/div>\n\t\t\t\n\t\t\t\t\t\t<div class=\"elementor-icon-box-content\">\n\n\t\t\t\t\t\t\t\t\t<h3 class=\"elementor-icon-box-title\">\n\t\t\t\t\t\t<span  >\n\t\t\t\t\t\t\t\u00dcberweisung\t\t\t\t\t\t<\/span>\n\t\t\t\t\t<\/h3>\n\t\t\t\t\n\t\t\t\t\t\t\t\t\t<p class=\"elementor-icon-box-description\">\n\t\t\t\t\t\t<b>Spendenkonto: <\/b><\/br><\/br>\n<em>Empf\u00e4nger: <\/em>OAfrica e. V.<\/br>\n<em>IBAN: <\/em>DE20 7009 3200 0002 1752 07<\/br>\n<em>BIC: <\/em>GENODEF1STH <\/br>\n<em>Verwendungszweck:<\/em> \nAdresse des Spenders \n(wenn Spendenbescheinigung gew\u00fcnscht)\nVR Bank Starnberg-Hg-LL eG<\/br><\/br>\n\nEine \u00dcberweisung oder ein Dauerauftrag sind der einfachste und kosteng\u00fcnstigste Weg, uns zu unterst\u00fctzen, da keine Transaktionsgeb\u00fchren f\u00fcr uns anfallen. Zudem stellst Du Deine \u00dcberweisungsdaten keinem externen Zahlungsdienstleister zur Verf\u00fcgung, sondern t\u00e4tigst Deine Spende wie gewohnt \u00fcber Deine Bank.<\/br><\/br>\n\nBitte beachte: Nur wenn Du uns Deine Adresse im Verwendungszweck \u00fcbermittelst, ist es uns m\u00f6glich, Dir eine Spendenbescheinigung (i.d.R. zu Beginn des Folgejahres) zukommen zu lassen. Solltest Du dies einmal vergessen haben, kannst Du uns die Daten nat\u00fcrlich auch nachreichen (<a href=\"mailto:deutschland@oafrica.org\">deutschland@oafrica.org<\/a>) F\u00fcr Spenden bis zu 200 EUR reicht der \u00dcberweisungs- oder Einzahlungsbeleg der Bank.\n\n\t\t\t\t\t<\/p>\n\t\t\t\t\n\t\t\t<\/div>\n\t\t\t\n\t\t<\/div>\n\t\t\t\t\t\t<\/div>\n\t\t\t\t<\/div>\n\t\t\t\t\t<\/div>\n\t\t<\/div>\n\t\t\t\t<div class=\"elementor-column elementor-col-50 elementor-inner-column elementor-element elementor-element-147a5a7d\" data-id=\"147a5a7d\" data-element_type=\"column\" data-settings=\"{&quot;animation&quot;:&quot;none&quot;,&quot;background_background&quot;:&quot;classic&quot;}\">\n\t\t\t<div class=\"elementor-widget-wrap elementor-element-populated\">\n\t\t\t\t\t\t<div class=\"elementor-element elementor-element-0908b0c elementor-view-default elementor-position-top elementor-mobile-position-top elementor-widget elementor-widget-icon-box\" data-id=\"0908b0c\" data-element_type=\"widget\" data-widget_type=\"icon-box.default\">\n\t\t\t\t<div class=\"elementor-widget-container\">\n\t\t\t\t\t\t\t<div class=\"elementor-icon-box-wrapper\">\n\n\t\t\t\t\t\t<div class=\"elementor-icon-box-icon\">\n\t\t\t\t<span  class=\"elementor-icon\">\n\t\t\t\t<i aria-hidden=\"true\" class=\"fab fa-paypal\"><\/i>\t\t\t\t<\/span>\n\t\t\t<\/div>\n\t\t\t\n\t\t\t\t\t\t<div class=\"elementor-icon-box-content\">\n\n\t\t\t\t\t\t\t\t\t<h3 class=\"elementor-icon-box-title\">\n\t\t\t\t\t\t<span  >\n\t\t\t\t\t\t\tPaypal\t\t\t\t\t\t<\/span>\n\t\t\t\t\t<\/h3>\n\t\t\t\t\n\t\t\t\t\t\t\t\t\t<p class=\"elementor-icon-box-description\">\n\t\t\t\t\t\tF\u00fcr Spenden \u00fcber Dein PayPal-Konto fallen Geb\u00fchren f\u00fcr OAfrica an. Dennoch verstehen wir nat\u00fcrlich, dass das Spenden \u00fcber Paypal ein schneller und unkompliziert Weg ist. Unter folgenden Link kannst Du Deine Spende direkt an uns via Paypal schicken: <a href=\"https:\/\/www.paypal.com\/paypalme\/oadeutschland \" target=\"new\">https:\/\/www.paypal.com\/paypalme\/oadeutschland<\/a> <\/br><\/br>\nBitte beachte: Nur wenn Du uns Deine Adresse \u00fcbermittelst, ist es uns m\u00f6glich, Dir eine Spendenbescheinigung (i.d.R. zu Beginn des Folgejahres) zukommen zu lassen. Solltest Du dies einmal vergessen haben, kannst Du uns die Daten nat\u00fcrlich auch nachreichen (<a href=\"mailto:deutschland@oafrica.org\">deutschland@oafrica.org<\/a>) F\u00fcr Spenden bis zu 200 EUR reicht der \u00dcberweisungs- oder Einzahlungsbeleg von PayPal.\n\t\t\t\t\t<\/p>\n\t\t\t\t\n\t\t\t<\/div>\n\t\t\t\n\t\t<\/div>\n\t\t\t\t\t\t<\/div>\n\t\t\t\t<\/div>\n\t\t\t\t\t<\/div>\n\t\t<\/div>\n\t\t\t\t\t<\/div>\n\t\t<\/section>\n\t\t\t\t\t<\/div>\n\t\t<\/div>\n\t\t\t\t\t<\/div>\n\t\t<\/section>\n\t\t<div class=\"elementor-element elementor-element-cb35c01 e-flex e-con-boxed e-con e-parent\" data-id=\"cb35c01\" data-element_type=\"container\" data-settings=\"{&quot;background_background&quot;:&quot;classic&quot;}\">\n\t\t\t\t\t<div class=\"e-con-inner\">\n\t\t<div class=\"elementor-element elementor-element-928ec3a e-con-full e-flex e-con e-child\" data-id=\"928ec3a\" data-element_type=\"container\" data-settings=\"{&quot;animation&quot;:&quot;none&quot;,&quot;background_background&quot;:&quot;classic&quot;}\">\n\t\t\t\t<div class=\"elementor-element elementor-element-a2026ff elementor-view-default elementor-mobile-position-top elementor-vertical-align-top elementor-widget elementor-widget-icon-box\" data-id=\"a2026ff\" data-element_type=\"widget\" data-widget_type=\"icon-box.default\">\n\t\t\t\t<div class=\"elementor-widget-container\">\n\t\t\t\t\t\t\t<div class=\"elementor-icon-box-wrapper\">\n\n\t\t\t\t\t\t<div class=\"elementor-icon-box-icon\">\n\t\t\t\t<span  class=\"elementor-icon\">\n\t\t\t\t<i aria-hidden=\"true\" class=\"fas fa-hands-helping\"><\/i>\t\t\t\t<\/span>\n\t\t\t<\/div>\n\t\t\t\n\t\t\t\t\t\t<div class=\"elementor-icon-box-content\">\n\n\t\t\t\t\t\t\t\t\t<h3 class=\"elementor-icon-box-title\">\n\t\t\t\t\t\t<span  >\n\t\t\t\t\t\t\tSpendenaktionen\t\t\t\t\t\t<\/span>\n\t\t\t\t\t<\/h3>\n\t\t\t\t\n\t\t\t\t\t\t\t\t\t<p class=\"elementor-icon-box-description\">\n\t\t\t\t\t\tDu m\u00f6chtest zu einem bestimmten Anlass Spenden f\u00fcr OAfrica sammeln und Deine Freunde, Bekannten und Kollegen dazu einladen?\n<\/br><\/br>\nWir unterst\u00fctzen Dich dabei, die geeignete Plattform zu finden, um Deine Spendenaktion online anzulegen und zu verbreiten. Wir stellen Dir auch gerne passendes Bildmaterial zur Verf\u00fcgung. Schreib uns einfach, wenn wir Dir helfen k\u00f6nnen: <a href=\"mailto:deutschland@oafrica.org\">deutschland@oafrica.org.<\/a>\n<\/br><\/br>\n<b>Beispiele f\u00fcr Spendenaktionen:<\/b><\/br>\n\n\n<b>- <\/b>\u201eSpenden statt Schenken\u201c \u2013 Sammelaktionen zum Geburtstag oder anderen pers\u00f6nlichen Anl\u00e4ssen zu der Du darum bittest, zu Geld zu spenden, anstatt Geschenke zu kaufen.,<\/br><\/br>\n\n<b>- <\/b>\u201eLaufen f\u00fcr einen guten Zweck\u201c \u2013 Sammelaktion bei der Du begleitend zu einem Lauf, einem Radrennen etc. zum Spenden aufrufst, um sich \u201eanfeuern\u201c zu lassen.<\/br><\/br>\n\nNat\u00fcrlich sind auch viele weitere M\u00f6glichkeiten f\u00fcr Spendenaktionen denkbar (z.B.  <a href=\"https:\/\/www.betterplace.org\/c\/hilfe\/erfolgreiche-spendenaktion\/\" target=\"new\">https:\/\/www.betterplace.org\/c\/hilfe\/erfolgreiche-spendenaktion\/<\/a>). Deiner Phantasie sind keine Grenzen gesetzt.<\/br><\/br>\n\nBitte beachte, dass Spenden aus steuerlichen Gr\u00fcnden nicht an Gegenleistungen gekn\u00fcpft werden d\u00fcrfen. Eine Spende setzt Unentgeltlichkeit voraus.\n\n\t\t\t\t\t<\/p>\n\t\t\t\t\n\t\t\t<\/div>\n\t\t\t\n\t\t<\/div>\n\t\t\t\t\t\t<\/div>\n\t\t\t\t<\/div>\n\t\t\t\t<\/div>\n\t\t\t\t<div class=\"elementor-element elementor-element-04ba68b elementor-widget elementor-widget-heading\" data-id=\"04ba68b\" data-element_type=\"widget\" data-widget_type=\"heading.default\">\n\t\t\t\t<div class=\"elementor-widget-container\">\n\t\t\t\t\t<h2 class=\"elementor-heading-title elementor-size-default\">Vielen Dank f\u00fcr Deine Unterst\u00fctzung!\n<\/h2>\t\t\t\t<\/div>\n\t\t\t\t<\/div>\n\t\t\t\t\t<\/div>\n\t\t\t\t<\/div>\n\t\t\t\t<\/div>\n\t\t","protected":false},"excerpt":{"rendered":"<p>Spenden SPENDEN Wir freuen uns \u00fcber jede Spende. Egal, ob Du Dich einmalig oder regelm\u00e4\u00dfig in Form eines Dauerauftrags dazu entscheidest, uns zu unterst\u00fctzen. Regelm\u00e4\u00dfige Spenden erleichtern uns jedoch die Planbarkeit des Spendenvolumens und damit die langfristige Realisierung unserer Projekte (wie z. B. die Finanzierung der Ausbildung eines Kindes). Es gibt verschiedene M\u00f6glichkeiten, uns Deine [&hellip;]<\/p>\n","protected":false},"author":1,"featured_media":0,"parent":0,"menu_order":0,"comment_status":"closed","ping_status":"closed","template":"elementor_header_footer","meta":{"_mo_disable_npp":"","footnotes":""},"_links":{"self":[{"href":"https:\/\/www.oafrica.org\/home\/wp-json\/wp\/v2\/pages\/3637"}],"collection":[{"href":"https:\/\/www.oafrica.org\/home\/wp-json\/wp\/v2\/pages"}],"about":[{"href":"https:\/\/www.oafrica.org\/home\/wp-json\/wp\/v2\/types\/page"}],"author":[{"embeddable":true,"href":"https:\/\/www.oafrica.org\/home\/wp-json\/wp\/v2\/users\/1"}],"replies":[{"embeddable":true,"href":"https:\/\/www.oafrica.org\/home\/wp-json\/wp\/v2\/comments?post=3637"}],"version-history":[{"count":16,"href":"https:\/\/www.oafrica.org\/home\/wp-json\/wp\/v2\/pages\/3637\/revisions"}],"predecessor-version":[{"id":3858,"href":"https:\/\/www.oafrica.org\/home\/wp-json\/wp\/v2\/pages\/3637\/revisions\/3858"}],"wp:attachment":[{"href":"https:\/\/www.oafrica.org\/home\/wp-json\/wp\/v2\/media?parent=3637"}],"curies":[{"name":"wp","href":"https:\/\/api.w.org\/{rel}","templated":true}]}}