{"id":3651,"date":"2024-02-25T18:35:20","date_gmt":"2024-02-25T18:35:20","guid":{"rendered":"https:\/\/www.oafrica.org\/home\/?page_id=3651"},"modified":"2024-02-29T17:41:30","modified_gmt":"2024-02-29T17:41:30","slug":"weitere-unterstuetzungsmoeglichkeiten","status":"publish","type":"page","link":"https:\/\/www.oafrica.org\/home\/de\/weitere-unterstuetzungsmoeglichkeiten\/","title":{"rendered":"Weitere Unterst\u00fctzungsm\u00f6glichkeiten"},"content":{"rendered":"\t\t<div data-elementor-type=\"wp-page\" data-elementor-id=\"3651\" class=\"elementor elementor-3651\" data-elementor-post-type=\"page\">\n\t\t\t\t\t\t<section class=\"elementor-section elementor-top-section elementor-element elementor-element-11b8f242 elementor-section-height-min-height elementor-section-full_width elementor-section-content-middle elementor-section-height-default elementor-section-items-middle\" data-id=\"11b8f242\" data-element_type=\"section\" data-settings=\"{&quot;background_background&quot;:&quot;classic&quot;}\">\n\t\t\t\t\t\t\t<div class=\"elementor-background-overlay\"><\/div>\n\t\t\t\t\t\t\t<div class=\"elementor-container elementor-column-gap-no\">\n\t\t\t\t\t<div class=\"elementor-column elementor-col-100 elementor-top-column elementor-element elementor-element-ecb6ec5\" data-id=\"ecb6ec5\" data-element_type=\"column\">\n\t\t\t<div class=\"elementor-widget-wrap elementor-element-populated\">\n\t\t\t\t\t\t<section class=\"elementor-section elementor-inner-section elementor-element elementor-element-47b34176 elementor-section-full_width elementor-section-height-default elementor-section-height-default\" data-id=\"47b34176\" data-element_type=\"section\">\n\t\t\t\t\t\t<div class=\"elementor-container elementor-column-gap-default\">\n\t\t\t\t\t<div class=\"elementor-column elementor-col-100 elementor-inner-column elementor-element elementor-element-7619991c\" data-id=\"7619991c\" data-element_type=\"column\">\n\t\t\t<div class=\"elementor-widget-wrap elementor-element-populated\">\n\t\t\t\t\t\t<div class=\"elementor-element elementor-element-d9f8f0f elementor-widget elementor-widget-global elementor-global-3639 elementor-widget-heading\" data-id=\"d9f8f0f\" data-element_type=\"widget\" data-widget_type=\"heading.default\">\n\t\t\t\t<div class=\"elementor-widget-container\">\n\t\t\t\t\t<h2 class=\"elementor-heading-title elementor-size-default\">Spenden<\/h2>\t\t\t\t<\/div>\n\t\t\t\t<\/div>\n\t\t\t\t<div class=\"elementor-element elementor-element-30cc544 elementor-align-right donate-btn elementor-widget__width-auto elementor-widget-tablet__width-auto elementor-widget-mobile__width-auto elementor-fixed elementor-widget elementor-widget-global elementor-global-3642 elementor-widget-button\" data-id=\"30cc544\" data-element_type=\"widget\" data-settings=\"{&quot;sticky&quot;:&quot;top&quot;,&quot;sticky_parent&quot;:&quot;yes&quot;,&quot;_position&quot;:&quot;fixed&quot;,&quot;sticky_on&quot;:[&quot;desktop&quot;,&quot;tablet&quot;,&quot;mobile&quot;],&quot;sticky_offset&quot;:0,&quot;sticky_effects_offset&quot;:0}\" data-widget_type=\"button.default\">\n\t\t\t\t<div class=\"elementor-widget-container\">\n\t\t\t\t\t\t\t\t\t<div class=\"elementor-button-wrapper\">\n\t\t\t\t\t<a class=\"elementor-button elementor-button-link elementor-size-lg elementor-animation-bob\" href=\"#\">\n\t\t\t\t\t\t<span class=\"elementor-button-content-wrapper\">\n\t\t\t\t\t\t\t\t\t<span class=\"elementor-button-text\">SPENDEN<\/span>\n\t\t\t\t\t<\/span>\n\t\t\t\t\t<\/a>\n\t\t\t\t<\/div>\n\t\t\t\t\t\t\t\t<\/div>\n\t\t\t\t<\/div>\n\t\t\t\t\t<\/div>\n\t\t<\/div>\n\t\t\t\t\t<\/div>\n\t\t<\/section>\n\t\t\t\t\t<\/div>\n\t\t<\/div>\n\t\t\t\t\t<\/div>\n\t\t<\/section>\n\t\t\t\t<section class=\"elementor-section elementor-top-section elementor-element elementor-element-6477feae elementor-section-boxed elementor-section-height-default elementor-section-height-default\" data-id=\"6477feae\" data-element_type=\"section\" data-settings=\"{&quot;background_background&quot;:&quot;classic&quot;}\">\n\t\t\t\t\t\t<div class=\"elementor-container elementor-column-gap-default\">\n\t\t\t\t\t<div class=\"elementor-column elementor-col-100 elementor-top-column elementor-element elementor-element-651f4212\" data-id=\"651f4212\" data-element_type=\"column\" data-settings=\"{&quot;background_background&quot;:&quot;classic&quot;}\">\n\t\t\t<div class=\"elementor-widget-wrap elementor-element-populated\">\n\t\t\t\t\t\t<section class=\"elementor-section elementor-inner-section elementor-element elementor-element-2cde8d87 elementor-section-full_width elementor-section-height-default elementor-section-height-default\" data-id=\"2cde8d87\" data-element_type=\"section\">\n\t\t\t\t\t\t<div class=\"elementor-container elementor-column-gap-default\">\n\t\t\t\t\t<div class=\"elementor-column elementor-col-100 elementor-inner-column elementor-element elementor-element-52bccd85\" data-id=\"52bccd85\" data-element_type=\"column\">\n\t\t\t<div class=\"elementor-widget-wrap elementor-element-populated\">\n\t\t\t\t\t\t<div class=\"elementor-element elementor-element-4e2f0223 elementor-widget elementor-widget-heading\" data-id=\"4e2f0223\" data-element_type=\"widget\" data-widget_type=\"heading.default\">\n\t\t\t\t<div class=\"elementor-widget-container\">\n\t\t\t\t\t<h2 class=\"elementor-heading-title elementor-size-default\">Weitere Unterst\u00fctzungsm\u00f6glichkeiten\n<\/h2>\t\t\t\t<\/div>\n\t\t\t\t<\/div>\n\t\t\t\t\t<\/div>\n\t\t<\/div>\n\t\t\t\t\t<\/div>\n\t\t<\/section>\n\t\t\t\t\t<\/div>\n\t\t<\/div>\n\t\t\t\t\t<\/div>\n\t\t<\/section>\n\t\t\t\t<section class=\"elementor-section elementor-top-section elementor-element elementor-element-2cc4a980 elementor-section-content-middle elementor-section-boxed elementor-section-height-default elementor-section-height-default\" data-id=\"2cc4a980\" data-element_type=\"section\">\n\t\t\t\t\t\t<div class=\"elementor-container elementor-column-gap-no\">\n\t\t\t\t\t<div class=\"elementor-column elementor-col-100 elementor-top-column elementor-element elementor-element-1eaf44ae\" data-id=\"1eaf44ae\" data-element_type=\"column\">\n\t\t\t<div class=\"elementor-widget-wrap elementor-element-populated\">\n\t\t\t\t\t\t<section class=\"elementor-section elementor-inner-section elementor-element elementor-element-456d42b elementor-section-content-middle elementor-section-boxed elementor-section-height-default elementor-section-height-default\" data-id=\"456d42b\" data-element_type=\"section\">\n\t\t\t\t\t\t<div class=\"elementor-container elementor-column-gap-no\">\n\t\t\t\t\t<div class=\"elementor-column elementor-col-100 elementor-inner-column elementor-element elementor-element-af7c82a\" data-id=\"af7c82a\" data-element_type=\"column\">\n\t\t\t<div class=\"elementor-widget-wrap elementor-element-populated\">\n\t\t\t\t\t\t<div class=\"elementor-element elementor-element-002b867 elementor-widget elementor-widget-heading\" data-id=\"002b867\" data-element_type=\"widget\" data-widget_type=\"heading.default\">\n\t\t\t\t<div class=\"elementor-widget-container\">\n\t\t\t\t\t<h4 class=\"elementor-heading-title elementor-size-default\">K\u00f6nnen wir Geld f\u00fcr OAfrica sammeln?<\/h4>\t\t\t\t<\/div>\n\t\t\t\t<\/div>\n\t\t\t\t<div class=\"elementor-element elementor-element-bddece2 elementor-widget-divider--view-line elementor-widget elementor-widget-divider\" data-id=\"bddece2\" data-element_type=\"widget\" data-widget_type=\"divider.default\">\n\t\t\t\t<div class=\"elementor-widget-container\">\n\t\t\t\t\t\t\t<div class=\"elementor-divider\">\n\t\t\t<span class=\"elementor-divider-separator\">\n\t\t\t\t\t\t<\/span>\n\t\t<\/div>\n\t\t\t\t\t\t<\/div>\n\t\t\t\t<\/div>\n\t\t\t\t<div class=\"elementor-element elementor-element-3dc870a elementor-widget elementor-widget-text-editor\" data-id=\"3dc870a\" data-element_type=\"widget\" data-widget_type=\"text-editor.default\">\n\t\t\t\t<div class=\"elementor-widget-container\">\n\t\t\t\t\t\t\t\t\tWir freuen uns \u00fcber jeden freiwilligen Spendensammler, der eine Idee vorschl\u00e4gt, um Geld f\u00fcr OAfrica zu sammeln. Schick uns einfach Deine Idee und beantworte bitte die folgenden Fragen. Deine Idee muss mit unserer Philosophie \u00fcbereinstimmen und darf nicht im Widerspruch zu unserer Mission stehen oder unser Image in irgendeiner Weise beeintr\u00e4chtigen.\nGrunds\u00e4tzlich stimmen wir keinen Spendenaktionen auf der Stra\u00dfe, Alkohol- oder Tabakspenden oder personalisierte Spendenaktionen f\u00fcr einzelne Kinder zu.\n\n<ul>\n \t<li>Welche anderen Einrichtungen oder Organisationen werden an der Initiative beteiligt sein?\n<\/li>\n\n<li>Welche Art von \u00d6ffentlichkeitsarbeit wird OAfrica erhalten?\n<\/li>\n<li>Wie viel Zeit und Geld wird OAfrica f\u00fcr die Aktion aufwenden m\u00fcssen?\n<\/li>\n<li>Sollen Vertreter von OAfrica an der Veranstaltung teilnehmen?\n<\/li>\n<li>Sollen wir Material bereitstellen (Banner, Brosch\u00fcren, Faltbl\u00e4tter usw.)?\n<\/li>\n<li>Wie viel Unterst\u00fctzung durch uns brauchst Du bei der Organisation oder der Beschaffung der Mittel?\n<\/li>\n<li>Eine Veranstaltung\/Fundraising-Initiative, die von Freiwilligen durchgef\u00fchrt wird, muss auch weiterhin von Freiwilligen durchgef\u00fchrt werden.\n<\/li>\n <li>Wie hoch ist der m\u00f6gliche Erl\u00f6s? Wie viel kostet der Eintritt zur Veranstaltung? Wenn es sich um einen Verkauf handelt, welcher Prozentsatz des Umsatzes geht an OAfrica.<\/li>\t\n<\/ul>\t\t\t\t\t\t\t\t<\/div>\n\t\t\t\t<\/div>\n\t\t\t\t\t<\/div>\n\t\t<\/div>\n\t\t\t\t\t<\/div>\n\t\t<\/section>\n\t\t\t\t<section class=\"elementor-section elementor-inner-section elementor-element elementor-element-694990a elementor-section-content-middle elementor-section-boxed elementor-section-height-default elementor-section-height-default\" data-id=\"694990a\" data-element_type=\"section\">\n\t\t\t\t\t\t<div class=\"elementor-container elementor-column-gap-no\">\n\t\t\t\t\t<div class=\"elementor-column elementor-col-100 elementor-inner-column elementor-element elementor-element-bfc8469\" data-id=\"bfc8469\" data-element_type=\"column\">\n\t\t\t<div class=\"elementor-widget-wrap elementor-element-populated\">\n\t\t\t\t\t\t<div class=\"elementor-element elementor-element-2dc591f elementor-widget elementor-widget-heading\" data-id=\"2dc591f\" data-element_type=\"widget\" data-widget_type=\"heading.default\">\n\t\t\t\t<div class=\"elementor-widget-container\">\n\t\t\t\t\t<h4 class=\"elementor-heading-title elementor-size-default\">K\u00f6nnen wir B\u00fccher, Spielzeug usw. spenden?\n<\/h4>\t\t\t\t<\/div>\n\t\t\t\t<\/div>\n\t\t\t\t<div class=\"elementor-element elementor-element-60e927e elementor-widget-divider--view-line elementor-widget elementor-widget-divider\" data-id=\"60e927e\" data-element_type=\"widget\" data-widget_type=\"divider.default\">\n\t\t\t\t<div class=\"elementor-widget-container\">\n\t\t\t\t\t\t\t<div class=\"elementor-divider\">\n\t\t\t<span class=\"elementor-divider-separator\">\n\t\t\t\t\t\t<\/span>\n\t\t<\/div>\n\t\t\t\t\t\t<\/div>\n\t\t\t\t<\/div>\n\t\t\t\t<div class=\"elementor-element elementor-element-488c460 elementor-widget elementor-widget-text-editor\" data-id=\"488c460\" data-element_type=\"widget\" data-widget_type=\"text-editor.default\">\n\t\t\t\t<div class=\"elementor-widget-container\">\n\t\t\t\t\t\t\t\t\tDamit es sich bei der Spende nicht um Dumping handelt, m\u00fcssen die folgenden Fragen beantwortet werden.\n\n<ul>\n \t<li>Welche Gegenst\u00e4nde m\u00f6chtest Du konkret spenden?\n<\/li>\n \t<li>K\u00f6nnten diese Gegenst\u00e4nde auch direkt in Ghana gekauft werden? \n(OAfrica ist bestrebt, die lokale Wirtschaft so weit wie m\u00f6glich zu unterst\u00fctzen. In vielen F\u00e4llen w\u00fcrden die Mittel, die f\u00fcr den Versand der Artikel verwendet werden, ausreichen, um diese Artikel auf einem lokalen Markt zu kaufen. Daher schlagen wir in den meisten F\u00e4llen vor, die Gegenst\u00e4nde lieber an eine lokale Organisation in Deinem Umfeld zu spenden und eine Geldspende an OAfrica in H\u00f6he des hypothetischen Portos zu machen, damit wir die Dinge direkt in Ghana kaufen k\u00f6nnen.)\n<\/li>\n<li>Wie n\u00fctzlich sind diese Gegenst\u00e4nde f\u00fcr unsere Arbeit?\n<\/li>\n<li>Wie werden diese Gegenst\u00e4nde nach Ghana transportiert? \n(OAfrica wird in den meisten F\u00e4llen die Kosten f\u00fcr den Versand \u2013 aus oben genannten Gr\u00fcnden &#8211; nicht \u00fcbernehmen (k\u00f6nnen), da wir Spendengelder anderer Spender nicht f\u00fcr solche Zwecke verwenden k\u00f6nnen). \n<\/li>\n<\/ul>\t\t\t\t\t\t\t\t<\/div>\n\t\t\t\t<\/div>\n\t\t\t\t\t<\/div>\n\t\t<\/div>\n\t\t\t\t\t<\/div>\n\t\t<\/section>\n\t\t\t\t<section class=\"elementor-section elementor-inner-section elementor-element elementor-element-56c7920 elementor-section-content-middle elementor-section-boxed elementor-section-height-default elementor-section-height-default\" data-id=\"56c7920\" data-element_type=\"section\">\n\t\t\t\t\t\t<div class=\"elementor-container elementor-column-gap-no\">\n\t\t\t\t\t<div class=\"elementor-column elementor-col-100 elementor-inner-column elementor-element elementor-element-503349c\" data-id=\"503349c\" data-element_type=\"column\">\n\t\t\t<div class=\"elementor-widget-wrap elementor-element-populated\">\n\t\t\t\t\t\t<div class=\"elementor-element elementor-element-06c0d00 elementor-widget elementor-widget-heading\" data-id=\"06c0d00\" data-element_type=\"widget\" data-widget_type=\"heading.default\">\n\t\t\t\t<div class=\"elementor-widget-container\">\n\t\t\t\t\t<h4 class=\"elementor-heading-title elementor-size-default\">K\u00f6nnen wir f\u00fcr ein bestimmtes Projekt in Ghana spenden?\n<\/h4>\t\t\t\t<\/div>\n\t\t\t\t<\/div>\n\t\t\t\t<div class=\"elementor-element elementor-element-1287dc8 elementor-widget-divider--view-line elementor-widget elementor-widget-divider\" data-id=\"1287dc8\" data-element_type=\"widget\" data-widget_type=\"divider.default\">\n\t\t\t\t<div class=\"elementor-widget-container\">\n\t\t\t\t\t\t\t<div class=\"elementor-divider\">\n\t\t\t<span class=\"elementor-divider-separator\">\n\t\t\t\t\t\t<\/span>\n\t\t<\/div>\n\t\t\t\t\t\t<\/div>\n\t\t\t\t<\/div>\n\t\t\t\t<div class=\"elementor-element elementor-element-3723f04 elementor-widget elementor-widget-text-editor\" data-id=\"3723f04\" data-element_type=\"widget\" data-widget_type=\"text-editor.default\">\n\t\t\t\t<div class=\"elementor-widget-container\">\n\t\t\t\t\t\t\t\t\tJa, sowohl Unternehmen als auch Privatpersonen k\u00f6nnen f\u00fcr ein bestimmtes Projekt spenden.\n<ul>\n \t<li>Bei diesen Initiativen handelt es sich in der Regel um Gro\u00dfprojekte mit Betr\u00e4gen \u00fcber 2 000 Euro.<\/li>\n \t<li>Daneben w\u00e4re die Finanzierung eines Projekts im Rahmen des Programms f\u00fcr junge Erwachsene (YASS) (mit einem Betrag z.B. zwischen 100 und 1.000 Euro) ein gutes, individuelles Kleinprojekt.\n<\/li>\n \t<li>F\u00fcr weitere Informationen kannst Du Dich gerne an unsere Kollegen in Ghana wenden <a href=\"mailto:africa@oafrica.org\">africa@oafrica.org<\/a><\/li>\n<\/ul>\t\t\t\t\t\t\t\t<\/div>\n\t\t\t\t<\/div>\n\t\t\t\t\t<\/div>\n\t\t<\/div>\n\t\t\t\t\t<\/div>\n\t\t<\/section>\n\t\t\t\t<section class=\"elementor-section elementor-inner-section elementor-element elementor-element-6a77c8e elementor-section-content-middle elementor-section-boxed elementor-section-height-default elementor-section-height-default\" data-id=\"6a77c8e\" data-element_type=\"section\">\n\t\t\t\t\t\t<div class=\"elementor-container elementor-column-gap-no\">\n\t\t\t\t\t<div class=\"elementor-column elementor-col-100 elementor-inner-column elementor-element elementor-element-13649fe\" data-id=\"13649fe\" data-element_type=\"column\">\n\t\t\t<div class=\"elementor-widget-wrap elementor-element-populated\">\n\t\t\t\t\t\t<div class=\"elementor-element elementor-element-cff7c16 elementor-widget elementor-widget-heading\" data-id=\"cff7c16\" data-element_type=\"widget\" data-widget_type=\"heading.default\">\n\t\t\t\t<div class=\"elementor-widget-container\">\n\t\t\t\t\t<h4 class=\"elementor-heading-title elementor-size-default\">Was machen wir mit kleineren Spendenbetr\u00e4gen?<\/h4>\t\t\t\t<\/div>\n\t\t\t\t<\/div>\n\t\t\t\t<div class=\"elementor-element elementor-element-4ccf5d2 elementor-widget-divider--view-line elementor-widget elementor-widget-divider\" data-id=\"4ccf5d2\" data-element_type=\"widget\" data-widget_type=\"divider.default\">\n\t\t\t\t<div class=\"elementor-widget-container\">\n\t\t\t\t\t\t\t<div class=\"elementor-divider\">\n\t\t\t<span class=\"elementor-divider-separator\">\n\t\t\t\t\t\t<\/span>\n\t\t<\/div>\n\t\t\t\t\t\t<\/div>\n\t\t\t\t<\/div>\n\t\t\t\t<div class=\"elementor-element elementor-element-6ebdc1d elementor-widget elementor-widget-text-editor\" data-id=\"6ebdc1d\" data-element_type=\"widget\" data-widget_type=\"text-editor.default\">\n\t\t\t\t<div class=\"elementor-widget-container\">\n\t\t\t\t\t\t\t\t\t<strong>Kleinere Spendenbetr\u00e4ge (15\u20ac &#8211; 1.000\u20ac) verwenden wir, um z.B. unsere Sozialarbeiter zu bezahlen oder medizinische Behandlungen zu \u00fcbernehmen.\nBeispiele, was wir mit Deiner Spende in Ghana bewirken k\u00f6nnen:\n<\/strong><\/br><\/br>\n\n<strong>Mit 15\u20ac kannst Du<\/strong>\n\n\n<ul>\n \t<li>einer alleinstehenden Mutter helfen, ihr Kind zu ern\u00e4hren.\n<\/li>\n<\/ul>\n<strong>Mit 45\u20ac kannst Du&#8230;<\/strong>\n<ul>\n \t<li>einen jungen Erwachsenen dabei unterst\u00fctzen, auf eigenen F\u00fc\u00dfen zu stehen und ein eigenes Unternehmen zu gr\u00fcnden, indem Du einen Monat lang eine unabh\u00e4ngige Lebenshilfe bezahlst.\n<\/li>\n<\/ul>\n<strong>Mit 100 \u20ac kannst Du..<\/strong>\n<ul>\n \t<li>300 F\u00e4lle von Malaria behandeln, eine der verheerendsten Krankheiten, an der t\u00e4glich 3000 Kinder in Afrika sterben.<\/li>\n \t<li>eine Pflegemutter ausbilden, die sich dann um f\u00fcnf Kinder in einer Pflegefamilie k\u00fcmmern wird.<\/li>\n<\/ul>\n<strong>Mit 250 \u20ac kannst Du&#8230;<\/strong>\n<ul>\n \t<li>gen\u00fcgend Lebensmittel kaufen, um alle Kinder in einer Pflegefamilie einen Monat lang zu ern\u00e4hren.<\/li>\n<\/ul>\n<strong>Mit 600 \u20ac kannst Du&#8230;\n<\/strong>\n<ul>\n \t<li>einen Monat lang den Transport der Kinder zur Schule, zum Krankenhaus und der M\u00fctter zum Markt finanzieren.\n<\/li>\n<\/ul>\n<strong>Mit 700 \u20ac kannst Du&#8230;<\/strong>\n<ul>\n \t<li>einem jungen Erwachsenen ein Semester an der Hochschule finanzieren\n<\/li>\n<\/ul>\t\t\t\t\t\t\t\t<\/div>\n\t\t\t\t<\/div>\n\t\t\t\t\t<\/div>\n\t\t<\/div>\n\t\t\t\t\t<\/div>\n\t\t<\/section>\n\t\t\t\t<section class=\"elementor-section elementor-inner-section elementor-element elementor-element-de90bb3 elementor-section-content-middle elementor-section-boxed elementor-section-height-default elementor-section-height-default\" data-id=\"de90bb3\" data-element_type=\"section\">\n\t\t\t\t\t\t<div class=\"elementor-container elementor-column-gap-no\">\n\t\t\t\t\t<div class=\"elementor-column elementor-col-100 elementor-inner-column elementor-element elementor-element-d6ccdfc\" data-id=\"d6ccdfc\" data-element_type=\"column\">\n\t\t\t<div class=\"elementor-widget-wrap elementor-element-populated\">\n\t\t\t\t\t\t<div class=\"elementor-element elementor-element-9b74e92 elementor-widget elementor-widget-heading\" data-id=\"9b74e92\" data-element_type=\"widget\" data-widget_type=\"heading.default\">\n\t\t\t\t<div class=\"elementor-widget-container\">\n\t\t\t\t\t<h4 class=\"elementor-heading-title elementor-size-default\">Wie k\u00f6nnen wir OAfrica \u2013 au\u00dfer durch Geldspenden \u2013 unterst\u00fctzen?\n\n<\/h4>\t\t\t\t<\/div>\n\t\t\t\t<\/div>\n\t\t\t\t<div class=\"elementor-element elementor-element-9be711a elementor-widget-divider--view-line elementor-widget elementor-widget-divider\" data-id=\"9be711a\" data-element_type=\"widget\" data-widget_type=\"divider.default\">\n\t\t\t\t<div class=\"elementor-widget-container\">\n\t\t\t\t\t\t\t<div class=\"elementor-divider\">\n\t\t\t<span class=\"elementor-divider-separator\">\n\t\t\t\t\t\t<\/span>\n\t\t<\/div>\n\t\t\t\t\t\t<\/div>\n\t\t\t\t<\/div>\n\t\t\t\t<div class=\"elementor-element elementor-element-ed722bd elementor-widget elementor-widget-text-editor\" data-id=\"ed722bd\" data-element_type=\"widget\" data-widget_type=\"text-editor.default\">\n\t\t\t\t<div class=\"elementor-widget-container\">\n\t\t\t\t\t\t\t\t\t\n<ul>\n \t<li>durch \u00dcbersetzungen.\n<\/li>\n \t<li>durch aktive Mitarbeit in einem unserer \u2013 meist freiwilligen &#8211; Fundraising-B\u00fcros.\n<\/li>\n \t<li>indem Du uns Deine F\u00e4higkeiten zur Verf\u00fcgung stellst (wie z.B. Grafikdesign, Webdesign, Veranstaltungsorganisation, Rechtsberatung, Verwaltung, Forschung und Buchhaltung).\n<\/li>\n<li>indem Du uns mit hilfreichen Menschen in Kontakt bringst, die selbst ein Projekt unterst\u00fctzen m\u00f6chten.\n<\/li>\n \t<li>indem Du uns in Deinem Umfeld bekannt machst.\n<\/li>\n \t<li>Indem Du uns hilfst, weitere regelm\u00e4\u00dfige Spender f\u00fcr OAfrica zu gewinnen.<\/li>\n<\/ul>\t\t\t\t\t\t\t\t<\/div>\n\t\t\t\t<\/div>\n\t\t\t\t\t<\/div>\n\t\t<\/div>\n\t\t\t\t\t<\/div>\n\t\t<\/section>\n\t\t\t\t\t<\/div>\n\t\t<\/div>\n\t\t\t\t\t<\/div>\n\t\t<\/section>\n\t\t\t\t<\/div>\n\t\t","protected":false},"excerpt":{"rendered":"<p>Spenden SPENDEN Weitere Unterst\u00fctzungsm\u00f6glichkeiten K\u00f6nnen wir Geld f\u00fcr OAfrica sammeln? Wir freuen uns \u00fcber jeden freiwilligen Spendensammler, der eine Idee vorschl\u00e4gt, um Geld f\u00fcr OAfrica zu sammeln. Schick uns einfach Deine Idee und beantworte bitte die folgenden Fragen. Deine Idee muss mit unserer Philosophie \u00fcbereinstimmen und darf nicht im Widerspruch zu unserer Mission stehen oder [&hellip;]<\/p>\n","protected":false},"author":1,"featured_media":0,"parent":0,"menu_order":0,"comment_status":"closed","ping_status":"closed","template":"elementor_header_footer","meta":{"_mo_disable_npp":"","footnotes":""},"_links":{"self":[{"href":"https:\/\/www.oafrica.org\/home\/wp-json\/wp\/v2\/pages\/3651"}],"collection":[{"href":"https:\/\/www.oafrica.org\/home\/wp-json\/wp\/v2\/pages"}],"about":[{"href":"https:\/\/www.oafrica.org\/home\/wp-json\/wp\/v2\/types\/page"}],"author":[{"embeddable":true,"href":"https:\/\/www.oafrica.org\/home\/wp-json\/wp\/v2\/users\/1"}],"replies":[{"embeddable":true,"href":"https:\/\/www.oafrica.org\/home\/wp-json\/wp\/v2\/comments?post=3651"}],"version-history":[{"count":13,"href":"https:\/\/www.oafrica.org\/home\/wp-json\/wp\/v2\/pages\/3651\/revisions"}],"predecessor-version":[{"id":3862,"href":"https:\/\/www.oafrica.org\/home\/wp-json\/wp\/v2\/pages\/3651\/revisions\/3862"}],"wp:attachment":[{"href":"https:\/\/www.oafrica.org\/home\/wp-json\/wp\/v2\/media?parent=3651"}],"curies":[{"name":"wp","href":"https:\/\/api.w.org\/{rel}","templated":true}]}}