{"id":3688,"date":"2020-12-15T11:54:21","date_gmt":"2020-12-15T11:54:21","guid":{"rendered":"https:\/\/www.oafrica.org\/home\/?page_id=3688"},"modified":"2024-02-29T18:32:15","modified_gmt":"2024-02-29T18:32:15","slug":"home-deutsch","status":"publish","type":"page","link":"https:\/\/www.oafrica.org\/home\/de\/home-deutsch\/","title":{"rendered":"home-Deutsch"},"content":{"rendered":"\t\t<div data-elementor-type=\"wp-page\" data-elementor-id=\"3688\" class=\"elementor elementor-3688\" data-elementor-post-type=\"page\">\n\t\t\t\t<div class=\"elementor-element elementor-element-8ed9319 e-con-full e-flex e-con e-parent\" data-id=\"8ed9319\" data-element_type=\"container\" data-settings=\"{&quot;background_background&quot;:&quot;classic&quot;}\">\n\t\t<div class=\"elementor-element elementor-element-d89ca6d e-con-full e-flex e-con e-child\" data-id=\"d89ca6d\" data-element_type=\"container\" data-settings=\"{&quot;background_background&quot;:&quot;classic&quot;}\">\n\t\t<div class=\"elementor-element elementor-element-71e7024 e-con-full e-flex e-con e-child\" data-id=\"71e7024\" data-element_type=\"container\">\n\t\t<div class=\"elementor-element elementor-element-b06bf43 e-con-full e-flex e-con e-child\" data-id=\"b06bf43\" data-element_type=\"container\">\n\t\t\t\t<div class=\"elementor-element elementor-element-2430b7c elementor-absolute elementor-widget elementor-widget-image\" data-id=\"2430b7c\" data-element_type=\"widget\" data-settings=\"{&quot;_position&quot;:&quot;absolute&quot;}\" data-widget_type=\"image.default\">\n\t\t\t\t<div class=\"elementor-widget-container\">\n\t\t\t\t\t\t\t\t\t\t\t\t\t\t\t<img decoding=\"async\" src=\"https:\/\/www.oafrica.org\/home\/wp-content\/uploads\/elementor\/thumbs\/banner-text-empowering-de-qkhgcdn28i50rnmmb38qa8vr5p8s1pz62apasrq5ss.png\" title=\"banner-text-empowering-de\" alt=\"banner-text-empowering-de\" loading=\"lazy\" \/>\t\t\t\t\t\t\t\t\t\t\t\t\t\t\t<\/div>\n\t\t\t\t<\/div>\n\t\t\t\t<\/div>\n\t\t<div class=\"elementor-element elementor-element-13204d0 e-con-full e-flex e-con e-child\" data-id=\"13204d0\" data-element_type=\"container\">\n\t\t\t\t<\/div>\n\t\t\t\t<\/div>\n\t\t<div class=\"elementor-element elementor-element-a21e5f2 animated-slow e-grid e-con-boxed elementor-invisible e-con e-child\" data-id=\"a21e5f2\" data-element_type=\"container\" data-settings=\"{&quot;animation&quot;:&quot;fadeInUp&quot;,&quot;animation_delay&quot;:&quot;300&quot;}\">\n\t\t\t\t\t<div class=\"e-con-inner\">\n\t\t<div class=\"elementor-element elementor-element-3b18df1 e-con-full e-flex e-con e-child\" data-id=\"3b18df1\" data-element_type=\"container\">\n\t\t\t\t<div class=\"elementor-element elementor-element-bdaa904 elementor-widget elementor-widget-heading\" data-id=\"bdaa904\" data-element_type=\"widget\" data-widget_type=\"heading.default\">\n\t\t\t\t<div class=\"elementor-widget-container\">\n\t\t\t\t\t<h2 class=\"elementor-heading-title elementor-size-default\">Keeping Children<br \/> in Families\n\n<\/h2>\t\t\t\t<\/div>\n\t\t\t\t<\/div>\n\t\t\t\t<div class=\"elementor-element elementor-element-46691d8 elementor-widget elementor-widget-image\" data-id=\"46691d8\" data-element_type=\"widget\" data-widget_type=\"image.default\">\n\t\t\t\t<div class=\"elementor-widget-container\">\n\t\t\t\t\t\t\t\t\t\t\t\t\t\t\t<img decoding=\"async\" width=\"400\" height=\"2\" src=\"https:\/\/www.oafrica.org\/home\/wp-content\/uploads\/2020\/11\/home-banner-text-line.png\" class=\"attachment-full size-full wp-image-181\" alt=\"\" srcset=\"https:\/\/www.oafrica.org\/home\/wp-content\/uploads\/2020\/11\/home-banner-text-line.png 400w, https:\/\/www.oafrica.org\/home\/wp-content\/uploads\/2020\/11\/home-banner-text-line-300x2.png 300w, https:\/\/www.oafrica.org\/home\/wp-content\/uploads\/2020\/11\/home-banner-text-line-150x2.png 150w\" sizes=\"(max-width: 400px) 100vw, 400px\" \/>\t\t\t\t\t\t\t\t\t\t\t\t\t\t\t<\/div>\n\t\t\t\t<\/div>\n\t\t\t\t<div class=\"elementor-element elementor-element-863510f elementor-widget elementor-widget-text-editor\" data-id=\"863510f\" data-element_type=\"widget\" data-widget_type=\"text-editor.default\">\n\t\t\t\t<div class=\"elementor-widget-container\">\n\t\t\t\t\t\t\t\t\tOAfrica hilft in Not geratenen Familien, damit diese ihren Kindern ein sicheres Zuhause innerhalb der eigenen Familie geben k\u00f6nnen. Dadurch reduzieren wir die Gefahr, dass verzweifelten Eltern, die Option der Trennung von ihren Kindern, in Erw\u00e4gung ziehen m\u00fcssen.\n\t\t\t\t\t\t\t\t<\/div>\n\t\t\t\t<\/div>\n\t\t\t\t<\/div>\n\t\t\t\t\t<\/div>\n\t\t\t\t<\/div>\n\t\t\t\t<div class=\"elementor-element elementor-element-7dc6237 elementor-align-right donate-btn elementor-widget__width-auto elementor-widget-tablet__width-auto elementor-widget-mobile__width-auto elementor-fixed elementor-widget elementor-widget-global elementor-global-3642 elementor-widget-button\" data-id=\"7dc6237\" data-element_type=\"widget\" data-settings=\"{&quot;sticky&quot;:&quot;top&quot;,&quot;sticky_parent&quot;:&quot;yes&quot;,&quot;_position&quot;:&quot;fixed&quot;,&quot;sticky_on&quot;:[&quot;desktop&quot;,&quot;tablet&quot;,&quot;mobile&quot;],&quot;sticky_offset&quot;:0,&quot;sticky_effects_offset&quot;:0}\" data-widget_type=\"button.default\">\n\t\t\t\t<div class=\"elementor-widget-container\">\n\t\t\t\t\t\t\t\t\t<div class=\"elementor-button-wrapper\">\n\t\t\t\t\t<a class=\"elementor-button elementor-button-link elementor-size-lg elementor-animation-bob\" href=\"#\">\n\t\t\t\t\t\t<span class=\"elementor-button-content-wrapper\">\n\t\t\t\t\t\t\t\t\t<span class=\"elementor-button-text\">SPENDEN<\/span>\n\t\t\t\t\t<\/span>\n\t\t\t\t\t<\/a>\n\t\t\t\t<\/div>\n\t\t\t\t\t\t\t\t<\/div>\n\t\t\t\t<\/div>\n\t\t\t\t<\/div>\n\t\t\t\t<\/div>\n\t\t\t\t<section class=\"elementor-section elementor-top-section elementor-element elementor-element-2722700 elementor-section-boxed elementor-section-height-default elementor-section-height-default\" data-id=\"2722700\" data-element_type=\"section\" data-settings=\"{&quot;background_background&quot;:&quot;classic&quot;}\">\n\t\t\t\t\t\t<div class=\"elementor-container elementor-column-gap-default\">\n\t\t\t\t\t<div class=\"elementor-column elementor-col-100 elementor-top-column elementor-element elementor-element-a31509b\" data-id=\"a31509b\" data-element_type=\"column\" data-settings=\"{&quot;background_background&quot;:&quot;classic&quot;}\">\n\t\t\t<div class=\"elementor-widget-wrap elementor-element-populated\">\n\t\t\t\t\t\t<section class=\"elementor-section elementor-inner-section elementor-element elementor-element-d028fea elementor-section-full_width elementor-section-height-default elementor-section-height-default\" data-id=\"d028fea\" data-element_type=\"section\">\n\t\t\t\t\t\t<div class=\"elementor-container elementor-column-gap-default\">\n\t\t\t\t\t<div class=\"elementor-column elementor-col-100 elementor-inner-column elementor-element elementor-element-b15bc18\" data-id=\"b15bc18\" data-element_type=\"column\">\n\t\t\t<div class=\"elementor-widget-wrap elementor-element-populated\">\n\t\t\t\t\t\t<div class=\"elementor-element elementor-element-8dc0d3d elementor-widget elementor-widget-heading\" data-id=\"8dc0d3d\" data-element_type=\"widget\" data-widget_type=\"heading.default\">\n\t\t\t\t<div class=\"elementor-widget-container\">\n\t\t\t\t\t<h2 class=\"elementor-heading-title elementor-size-default\">Was wir tun?\n<\/h2>\t\t\t\t<\/div>\n\t\t\t\t<\/div>\n\t\t\t\t\t<\/div>\n\t\t<\/div>\n\t\t\t\t\t<\/div>\n\t\t<\/section>\n\t\t\t\t\t<\/div>\n\t\t<\/div>\n\t\t\t\t\t<\/div>\n\t\t<\/section>\n\t\t<div class=\"elementor-element elementor-element-1d6ca49 e-flex e-con-boxed e-con e-parent\" data-id=\"1d6ca49\" data-element_type=\"container\">\n\t\t\t\t\t<div class=\"e-con-inner\">\n\t\t<div class=\"elementor-element elementor-element-1c313db e-con-full e-flex e-con e-child\" data-id=\"1c313db\" data-element_type=\"container\">\n\t\t\t\t<div class=\"elementor-element elementor-element-593afab elementor-widget elementor-widget-text-editor\" data-id=\"593afab\" data-element_type=\"widget\" data-widget_type=\"text-editor.default\">\n\t\t\t\t<div class=\"elementor-widget-container\">\n\t\t\t\t\t\t\t\t\tOAfrica unterst\u00fctzt Kinder und Jugendliche, die von Armut, Institutionalisierung (Unterbringung in Einrichtungen wie Waisenh\u00e4usern), Gewalt, Missbrauch, Kinderhandel und Diskriminierung betroffen sind und setzt sich f\u00fcr ihre Rechte ein. Wir st\u00e4rken hilfsbed\u00fcrftige, sozial schwache Familien oder finden Pflegefamilien damit Kinder in einem Familienverbund mit ihren Traditionen und Werten aufwachsen und dort als Heranwachsende die Liebe und F\u00fcrsorge erfahren, die sie als emotionale Basis f\u00fcr ein selbstbestimmtes Leben ben\u00f6tigen. \n\t\t\t\t\t\t\t\t<\/div>\n\t\t\t\t<\/div>\n\t\t\t\t<div class=\"elementor-element elementor-element-af4bcfd elementor-align-right elementor-widget elementor-widget-button\" data-id=\"af4bcfd\" data-element_type=\"widget\" data-widget_type=\"button.default\">\n\t\t\t\t<div class=\"elementor-widget-container\">\n\t\t\t\t\t\t\t\t\t<div class=\"elementor-button-wrapper\">\n\t\t\t\t\t<a class=\"elementor-button elementor-button-link elementor-size-sm\" href=\"https:\/\/www.oafrica.org\/home\/de\/das-machen-wir\/\">\n\t\t\t\t\t\t<span class=\"elementor-button-content-wrapper\">\n\t\t\t\t\t\t<span class=\"elementor-button-icon\">\n\t\t\t\t<i aria-hidden=\"true\" class=\"fas fa-arrow-alt-circle-right\"><\/i>\t\t\t<\/span>\n\t\t\t\t\t\t\t\t\t<span class=\"elementor-button-text\">mehr<\/span>\n\t\t\t\t\t<\/span>\n\t\t\t\t\t<\/a>\n\t\t\t\t<\/div>\n\t\t\t\t\t\t\t\t<\/div>\n\t\t\t\t<\/div>\n\t\t\t\t<\/div>\n\t\t<div class=\"elementor-element elementor-element-d86188a e-con-full e-flex e-con e-child\" data-id=\"d86188a\" data-element_type=\"container\">\n\t\t\t\t<div class=\"elementor-element elementor-element-1286a27 elementor-align-center elementor-widget elementor-widget-button\" data-id=\"1286a27\" data-element_type=\"widget\" data-widget_type=\"button.default\">\n\t\t\t\t<div class=\"elementor-widget-container\">\n\t\t\t\t\t\t\t\t\t<div class=\"elementor-button-wrapper\">\n\t\t\t\t\t<a class=\"elementor-button elementor-button-link elementor-size-sm\" href=\"https:\/\/www.oafrica.org\/home\/de\/datenschutz\/\">\n\t\t\t\t\t\t<span class=\"elementor-button-content-wrapper\">\n\t\t\t\t\t\t<span class=\"elementor-button-icon\">\n\t\t\t\t<i aria-hidden=\"true\" class=\"far fa-arrow-alt-circle-right\"><\/i>\t\t\t<\/span>\n\t\t\t\t\t\t\t\t\t<span class=\"elementor-button-text\">Datenschutz<\/span>\n\t\t\t\t\t<\/span>\n\t\t\t\t\t<\/a>\n\t\t\t\t<\/div>\n\t\t\t\t\t\t\t\t<\/div>\n\t\t\t\t<\/div>\n\t\t\t\t<div class=\"elementor-element elementor-element-9a02dc9 elementor-align-center elementor-widget elementor-widget-button\" data-id=\"9a02dc9\" data-element_type=\"widget\" data-widget_type=\"button.default\">\n\t\t\t\t<div class=\"elementor-widget-container\">\n\t\t\t\t\t\t\t\t\t<div class=\"elementor-button-wrapper\">\n\t\t\t\t\t<a class=\"elementor-button elementor-button-link elementor-size-sm\" href=\"https:\/\/www.oafrica.org\/home\/de\/impressum\/\">\n\t\t\t\t\t\t<span class=\"elementor-button-content-wrapper\">\n\t\t\t\t\t\t<span class=\"elementor-button-icon\">\n\t\t\t\t<i aria-hidden=\"true\" class=\"far fa-arrow-alt-circle-right\"><\/i>\t\t\t<\/span>\n\t\t\t\t\t\t\t\t\t<span class=\"elementor-button-text\">Impressum<\/span>\n\t\t\t\t\t<\/span>\n\t\t\t\t\t<\/a>\n\t\t\t\t<\/div>\n\t\t\t\t\t\t\t\t<\/div>\n\t\t\t\t<\/div>\n\t\t\t\t<\/div>\n\t\t\t\t\t<\/div>\n\t\t\t\t<\/div>\n\t\t<div class=\"elementor-element elementor-element-7309579 e-flex e-con-boxed e-con e-parent\" data-id=\"7309579\" data-element_type=\"container\">\n\t\t\t\t\t<div class=\"e-con-inner\">\n\t\t<div class=\"elementor-element elementor-element-358e8b6 e-con-full e-flex e-con e-child\" data-id=\"358e8b6\" data-element_type=\"container\">\n\t\t\t\t<div class=\"elementor-element elementor-element-737f026 elementor-widget elementor-widget-shortcode\" data-id=\"737f026\" data-element_type=\"widget\" data-widget_type=\"shortcode.default\">\n\t\t\t\t<div class=\"elementor-widget-container\">\n\t\t\t\t\t\t\t<div class=\"elementor-shortcode\"><div id=\"curator-feed-default\" data-crt-feed-id=\"6176886c-b4d1-474c-9c4e-a19245101c40\" data-crt-source=\"wordpress-plugin\"><\/div><\/div>\n\t\t\t\t\t\t<\/div>\n\t\t\t\t<\/div>\n\t\t\t\t<\/div>\n\t\t\t\t\t<\/div>\n\t\t\t\t<\/div>\n\t\t\t\t<\/div>\n\t\t","protected":false},"excerpt":{"rendered":"<p>Keeping Children in Families OAfrica hilft in Not geratenen Familien, damit diese ihren Kindern ein sicheres Zuhause innerhalb der eigenen Familie geben k\u00f6nnen. Dadurch reduzieren wir die Gefahr, dass verzweifelten Eltern, die Option der Trennung von ihren Kindern, in Erw\u00e4gung ziehen m\u00fcssen. SPENDEN Was wir tun? OAfrica unterst\u00fctzt Kinder und Jugendliche, die von Armut, Institutionalisierung [&hellip;]<\/p>\n","protected":false},"author":1,"featured_media":0,"parent":0,"menu_order":0,"comment_status":"closed","ping_status":"closed","template":"elementor_header_footer","meta":{"_mo_disable_npp":"","footnotes":""},"_links":{"self":[{"href":"https:\/\/www.oafrica.org\/home\/wp-json\/wp\/v2\/pages\/3688"}],"collection":[{"href":"https:\/\/www.oafrica.org\/home\/wp-json\/wp\/v2\/pages"}],"about":[{"href":"https:\/\/www.oafrica.org\/home\/wp-json\/wp\/v2\/types\/page"}],"author":[{"embeddable":true,"href":"https:\/\/www.oafrica.org\/home\/wp-json\/wp\/v2\/users\/1"}],"replies":[{"embeddable":true,"href":"https:\/\/www.oafrica.org\/home\/wp-json\/wp\/v2\/comments?post=3688"}],"version-history":[{"count":11,"href":"https:\/\/www.oafrica.org\/home\/wp-json\/wp\/v2\/pages\/3688\/revisions"}],"predecessor-version":[{"id":3873,"href":"https:\/\/www.oafrica.org\/home\/wp-json\/wp\/v2\/pages\/3688\/revisions\/3873"}],"wp:attachment":[{"href":"https:\/\/www.oafrica.org\/home\/wp-json\/wp\/v2\/media?parent=3688"}],"curies":[{"name":"wp","href":"https:\/\/api.w.org\/{rel}","templated":true}]}}