{"id":3731,"date":"2024-02-28T19:51:48","date_gmt":"2024-02-28T19:51:48","guid":{"rendered":"https:\/\/www.oafrica.org\/home\/?page_id=3731"},"modified":"2024-02-28T19:56:40","modified_gmt":"2024-02-28T19:56:40","slug":"das-sind-wir-hier-sind-wir-aktiv-2","status":"publish","type":"page","link":"https:\/\/www.oafrica.org\/home\/de\/das-sind-wir-hier-sind-wir-aktiv-2\/","title":{"rendered":"Das sind wir-Hier sind wir aktiv"},"content":{"rendered":"\t\t<div data-elementor-type=\"wp-page\" data-elementor-id=\"3731\" class=\"elementor elementor-3731\" data-elementor-post-type=\"page\">\n\t\t\t\t\t\t<section class=\"elementor-section elementor-top-section elementor-element elementor-element-51c6bc08 elementor-section-height-min-height elementor-section-full_width elementor-section-content-middle elementor-section-height-default elementor-section-items-middle\" data-id=\"51c6bc08\" data-element_type=\"section\" data-settings=\"{&quot;background_background&quot;:&quot;classic&quot;}\">\n\t\t\t\t\t\t\t<div class=\"elementor-background-overlay\"><\/div>\n\t\t\t\t\t\t\t<div class=\"elementor-container elementor-column-gap-no\">\n\t\t\t\t\t<div class=\"elementor-column elementor-col-100 elementor-top-column elementor-element elementor-element-2c105c7c\" data-id=\"2c105c7c\" data-element_type=\"column\">\n\t\t\t<div class=\"elementor-widget-wrap elementor-element-populated\">\n\t\t\t\t\t\t<section class=\"elementor-section elementor-inner-section elementor-element elementor-element-245d0b24 elementor-section-full_width elementor-section-height-default elementor-section-height-default\" data-id=\"245d0b24\" data-element_type=\"section\">\n\t\t\t\t\t\t<div class=\"elementor-container elementor-column-gap-default\">\n\t\t\t\t\t<div class=\"elementor-column elementor-col-100 elementor-inner-column elementor-element elementor-element-3bf2a09\" data-id=\"3bf2a09\" data-element_type=\"column\">\n\t\t\t<div class=\"elementor-widget-wrap elementor-element-populated\">\n\t\t\t\t\t\t<div class=\"elementor-element elementor-element-cce524b elementor-widget elementor-widget-global elementor-global-3398 elementor-widget-heading\" data-id=\"cce524b\" data-element_type=\"widget\" data-widget_type=\"heading.default\">\n\t\t\t\t<div class=\"elementor-widget-container\">\n\t\t\t\t\t<h2 class=\"elementor-heading-title elementor-size-default\">Das sind wir<\/h2>\t\t\t\t<\/div>\n\t\t\t\t<\/div>\n\t\t\t\t<div class=\"elementor-element elementor-element-d1997af elementor-align-right donate-btn elementor-widget__width-auto elementor-widget-tablet__width-auto elementor-widget-mobile__width-auto elementor-fixed elementor-widget elementor-widget-global elementor-global-3642 elementor-widget-button\" data-id=\"d1997af\" data-element_type=\"widget\" data-settings=\"{&quot;sticky&quot;:&quot;top&quot;,&quot;sticky_parent&quot;:&quot;yes&quot;,&quot;_position&quot;:&quot;fixed&quot;,&quot;sticky_on&quot;:[&quot;desktop&quot;,&quot;tablet&quot;,&quot;mobile&quot;],&quot;sticky_offset&quot;:0,&quot;sticky_effects_offset&quot;:0}\" data-widget_type=\"button.default\">\n\t\t\t\t<div class=\"elementor-widget-container\">\n\t\t\t\t\t\t\t\t\t<div class=\"elementor-button-wrapper\">\n\t\t\t\t\t<a class=\"elementor-button elementor-button-link elementor-size-lg elementor-animation-bob\" href=\"#\">\n\t\t\t\t\t\t<span class=\"elementor-button-content-wrapper\">\n\t\t\t\t\t\t\t\t\t<span class=\"elementor-button-text\">SPENDEN<\/span>\n\t\t\t\t\t<\/span>\n\t\t\t\t\t<\/a>\n\t\t\t\t<\/div>\n\t\t\t\t\t\t\t\t<\/div>\n\t\t\t\t<\/div>\n\t\t\t\t\t<\/div>\n\t\t<\/div>\n\t\t\t\t\t<\/div>\n\t\t<\/section>\n\t\t\t\t\t<\/div>\n\t\t<\/div>\n\t\t\t\t\t<\/div>\n\t\t<\/section>\n\t\t\t\t<section class=\"elementor-section elementor-top-section elementor-element elementor-element-d521717 elementor-section-boxed elementor-section-height-default elementor-section-height-default\" data-id=\"d521717\" data-element_type=\"section\" data-settings=\"{&quot;background_background&quot;:&quot;classic&quot;}\">\n\t\t\t\t\t\t<div class=\"elementor-container elementor-column-gap-default\">\n\t\t\t\t\t<div class=\"elementor-column elementor-col-100 elementor-top-column elementor-element elementor-element-38255fcc\" data-id=\"38255fcc\" data-element_type=\"column\" data-settings=\"{&quot;background_background&quot;:&quot;classic&quot;}\">\n\t\t\t<div class=\"elementor-widget-wrap elementor-element-populated\">\n\t\t\t\t\t\t<section class=\"elementor-section elementor-inner-section elementor-element elementor-element-1a978232 elementor-section-full_width elementor-section-height-default elementor-section-height-default\" data-id=\"1a978232\" data-element_type=\"section\">\n\t\t\t\t\t\t<div class=\"elementor-container elementor-column-gap-default\">\n\t\t\t\t\t<div class=\"elementor-column elementor-col-100 elementor-inner-column elementor-element elementor-element-680406fb\" data-id=\"680406fb\" data-element_type=\"column\">\n\t\t\t<div class=\"elementor-widget-wrap elementor-element-populated\">\n\t\t\t\t\t\t<div class=\"elementor-element elementor-element-ebb06e3 elementor-widget elementor-widget-heading\" data-id=\"ebb06e3\" data-element_type=\"widget\" data-widget_type=\"heading.default\">\n\t\t\t\t<div class=\"elementor-widget-container\">\n\t\t\t\t\t<h2 class=\"elementor-heading-title elementor-size-default\">Hier sind wir aktiv\n<\/h2>\t\t\t\t<\/div>\n\t\t\t\t<\/div>\n\t\t\t\t\t<\/div>\n\t\t<\/div>\n\t\t\t\t\t<\/div>\n\t\t<\/section>\n\t\t\t\t\t<\/div>\n\t\t<\/div>\n\t\t\t\t\t<\/div>\n\t\t<\/section>\n\t\t\t\t<section class=\"elementor-section elementor-top-section elementor-element elementor-element-7a561f7b elementor-section-content-middle elementor-section-boxed elementor-section-height-default elementor-section-height-default\" data-id=\"7a561f7b\" data-element_type=\"section\">\n\t\t\t\t\t\t\t<div class=\"elementor-background-overlay\"><\/div>\n\t\t\t\t\t\t\t<div class=\"elementor-container elementor-column-gap-no\">\n\t\t\t\t\t<div class=\"elementor-column elementor-col-100 elementor-top-column elementor-element elementor-element-45e8a5c9\" data-id=\"45e8a5c9\" data-element_type=\"column\">\n\t\t\t<div class=\"elementor-widget-wrap elementor-element-populated\">\n\t\t\t\t\t\t<div class=\"elementor-element elementor-element-dfa9a3b elementor-widget elementor-widget-text-editor\" data-id=\"dfa9a3b\" data-element_type=\"widget\" data-widget_type=\"text-editor.default\">\n\t\t\t\t<div class=\"elementor-widget-container\">\n\t\t\t\t\t\t\t\t\t<p>Die Bev\u00f6lkerung Ghanas betr\u00e4gt derzeit etwa 33 Millionen.<br \/><br \/><\/p><p>Ghana liegt im Westen Afrikas, nur wenige Grad n\u00f6rdlich des \u00c4quators. Das Land grenzt im Osten an Togo, im Norden an Burkina Faso, im Westen an die Elfenbeink\u00fcste und im S\u00fcden an den Atlantik. Einst britische Kolonie \u2013 genannt die Goldk\u00fcste \u2013 war Ghana 1957 das erste Land s\u00fcdlich der Sahara, das unabh\u00e4ngig wurde. In Ghana leben rund 33 Millionen Menschen, die 75 verschiedenen Stammesgruppen angeh\u00f6ren. Ghana lebt in erster Linie von seiner Landwirtschaft: sch\u00e4tzungsweise 50 Prozent der Bev\u00f6lkerung sind in diesem Sektor t\u00e4tig. Offizielle Amtssprache in Ghana ist Englisch, daneben gibt es eine Vielfalt lokaler Sprachen.<br \/><br \/><\/p><p>Ghana hat zahlreiche Bodensch\u00e4tze und obwohl Ghana ein ann\u00e4hernd zweimal h\u00f6heres Bruttoinlandsprodukt pro Einwohner hat als das \u00e4rmste Land Westafrikas, ist es nach wie vor sehr auf finanzielle und technische Unterst\u00fctzung angewiesen. Denn trotz des relativen Wohlstands ist Armut \u00fcberall im Land noch weit verbreitet \u2013 rund die H\u00e4lfte der Bev\u00f6lkerung lebt unter der Armutsgrenze.<br \/><br \/><\/p><p>Trotz der Existenz von ausgepr\u00e4gten Gro\u00dffamilienstrukturen hat diese Armut (in Verbindung mit den zus\u00e4tzlichen Problemfeldern HIV\/AIDS und der Landflucht und deren Folgen) im ganzen Land zur Entstehung von zahlreichen (derzeit 139) nicht registrierten und unkontrollierten Kinderheimen bzw. Waisenh\u00e4usern gef\u00fchrt. Die Mehrzahl der beinahe 3.500 in diesen \u201cEinrichtungen\u201d lebenden Kinder sind jedoch keine tats\u00e4chlichen Waisen, sondern der Hauptgrund f\u00fcr ihre institutionelle Unterbringung ist die Armut ihrer Familien, nicht der Tod ihrer Eltern.<\/p><p>Die Verwandtschaft stellt in der Regel das wichtigste Sicherheitsnetz f\u00fcr jene Kinder dar, die ihre Eltern verloren haben. OAfrica hat deshalb Programme zur St\u00e4rkung dieser Gro\u00dffamilien initiiert, in denen wir Hilfestellungen und alternative F\u00fcrsorgem\u00f6glichkeiten anbieten, damit die Kinder weiterhin in ihrem sozialen Umfeld aufwachsen k\u00f6nnen.<\/p>\t\t\t\t\t\t\t\t<\/div>\n\t\t\t\t<\/div>\n\t\t\t\t\t<\/div>\n\t\t<\/div>\n\t\t\t\t\t<\/div>\n\t\t<\/section>\n\t\t\t\t<\/div>\n\t\t","protected":false},"excerpt":{"rendered":"<p>Das sind wir SPENDEN Hier sind wir aktiv Die Bev\u00f6lkerung Ghanas betr\u00e4gt derzeit etwa 33 Millionen. Ghana liegt im Westen Afrikas, nur wenige Grad n\u00f6rdlich des \u00c4quators. Das Land grenzt im Osten an Togo, im Norden an Burkina Faso, im Westen an die Elfenbeink\u00fcste und im S\u00fcden an den Atlantik. Einst britische Kolonie \u2013 genannt [&hellip;]<\/p>\n","protected":false},"author":1,"featured_media":0,"parent":0,"menu_order":0,"comment_status":"closed","ping_status":"closed","template":"elementor_header_footer","meta":{"_mo_disable_npp":"","footnotes":""},"_links":{"self":[{"href":"https:\/\/www.oafrica.org\/home\/wp-json\/wp\/v2\/pages\/3731"}],"collection":[{"href":"https:\/\/www.oafrica.org\/home\/wp-json\/wp\/v2\/pages"}],"about":[{"href":"https:\/\/www.oafrica.org\/home\/wp-json\/wp\/v2\/types\/page"}],"author":[{"embeddable":true,"href":"https:\/\/www.oafrica.org\/home\/wp-json\/wp\/v2\/users\/1"}],"replies":[{"embeddable":true,"href":"https:\/\/www.oafrica.org\/home\/wp-json\/wp\/v2\/comments?post=3731"}],"version-history":[{"count":7,"href":"https:\/\/www.oafrica.org\/home\/wp-json\/wp\/v2\/pages\/3731\/revisions"}],"predecessor-version":[{"id":3741,"href":"https:\/\/www.oafrica.org\/home\/wp-json\/wp\/v2\/pages\/3731\/revisions\/3741"}],"wp:attachment":[{"href":"https:\/\/www.oafrica.org\/home\/wp-json\/wp\/v2\/media?parent=3731"}],"curies":[{"name":"wp","href":"https:\/\/api.w.org\/{rel}","templated":true}]}}